{"id":14531,"date":"2016-03-21T10:47:09","date_gmt":"2016-03-21T10:47:09","guid":{"rendered":"http:\/\/192.168.100.222\/target_carts\/wordpress\/wordpress495\/wordpress\/?product=kiintolenkkiavaimet-xxl-koot-6-os-sarja-kraftmann-1185"},"modified":"2022-02-28T00:01:39","modified_gmt":"2022-02-27T22:01:39","slug":"kiintolenkkiavaimet-xxl-koot-6-os-sarja-kraftmann-1185","status":"publish","type":"product","link":"https:\/\/silikotek.sapartners.site\/index.php\/tuote\/kiintolenkkiavaimet-xxl-koot-6-os-sarja-kraftmann-1185\/","title":{"rendered":"Kraftmann 6-osainen Kiintolenkkiavainsarja XXL koot 1185"},"content":{"rendered":"<p><span style=\"font-weight: bold;\">Isot ja pitk\u00e4t kiintolenkkiavaimet:<br \/>\nkoko \u00a0\u00a0\u00a0 pituus<\/span> \u00a0\u00a0\u00a0\u00a0\u00a0\u00a0\u00a0\u00a0\u00a0\u00a0\u00a0\u00a0\u00a0\u00a0\u00a0\u00a0\u00a0\u00a0 koko<span style=\"font-weight: bold;\"> \u00a0\u00a0 pituus<\/span><br \/>\n34\u00a0\u00a0\u00a0\u00a0\u00a0 &#8230;.340 mm\u00a0\u00a0\u00a0\u00a0\u00a0\u00a0\u00a0\u00a0\u00a0\u00a0\u00a0\u00a0\u00a0\u00a0\u00a0\u00a0\u00a0 55 \u00a0\u00a0\u00a0 &#8230;.650 mm<br \/>\n36\u00a0\u00a0\u00a0\u00a0\u00a0 &#8230;.350 mm\u00a0\u00a0\u00a0\u00a0\u00a0\u00a0\u00a0\u00a0\u00a0\u00a0\u00a0\u00a0\u00a0\u00a0\u00a0\u00a0\u00a0 57\u00a0\u00a0\u00a0\u00a0 &#8230;.640 mm<br \/>\n38\u00a0\u00a0\u00a0\u00a0\u00a0 &#8230;.370 mm\u00a0\u00a0\u00a0\u00a0\u00a0\u00a0\u00a0\u00a0\u00a0\u00a0\u00a0\u00a0\u00a0\u00a0\u00a0\u00a0\u00a0 60\u00a0\u00a0\u00a0\u00a0 &#8230;.660 mm<br \/>\n41\u00a0\u00a0\u00a0\u00a0\u00a0 &#8230;.500 mm\u00a0\u00a0\u00a0\u00a0\u00a0\u00a0\u00a0\u00a0\u00a0\u00a0\u00a0\u00a0\u00a0\u00a0\u00a0\u00a0\u00a0 65\u00a0\u00a0\u00a0\u00a0 &#8230;.680 mm<br \/>\n46\u00a0\u00a0\u00a0\u00a0\u00a0 &#8230;.560 mm\u00a0\u00a0\u00a0\u00a0\u00a0\u00a0\u00a0\u00a0\u00a0\u00a0\u00a0\u00a0\u00a0\u00a0\u00a0\u00a0\u00a0 70\u00a0\u00a0\u00a0\u00a0 &#8230;.750 mm<br \/>\n50\u00a0\u00a0\u00a0\u00a0\u00a0 &#8230;.600 mm\u00a0\u00a0\u00a0\u00a0\u00a0\u00a0\u00a0\u00a0\u00a0\u00a0\u00a0\u00a0\u00a0\u00a0\u00a0\u00a0\u00a0 75\u00a0\u00a0\u00a0\u00a0 &#8230;.760 mm<\/p>\n","protected":false},"excerpt":{"rendered":"<p>Isot ja pitk\u00e4t kiintolenkit XXL koot 6-os sarja Kraftmann-1185. Nyt koko sarja yhden kiintolenkin hinnalla. Vaativaan harrastusk\u00e4ytt\u00f6\u00f6n.<br \/>\nKoot:- 34-36-38-41-46-50 mm<\/p>\n","protected":false},"featured_media":20982,"template":"","meta":{"_et_pb_use_builder":"","_et_pb_old_content":"","_et_gb_content_width":""},"pwb-brand":[1456],"product_brand":[],"product_cat":[500],"product_tag":[],"class_list":{"0":"post-14531","1":"product","2":"type-product","3":"status-publish","4":"has-post-thumbnail","6":"pwb-brand-kraftmann","7":"product_cat-kiintolenkkiavaimet","9":"first","10":"instock","11":"taxable","12":"shipping-taxable","13":"purchasable","14":"product-type-simple"},"brands":[{"id":1456,"name":"Kraftmann","slug":"kraftmann"}],"_links":{"self":[{"href":"https:\/\/silikotek.sapartners.site\/index.php\/wp-json\/wp\/v2\/product\/14531","targetHints":{"allow":["GET"]}}],"collection":[{"href":"https:\/\/silikotek.sapartners.site\/index.php\/wp-json\/wp\/v2\/product"}],"about":[{"href":"https:\/\/silikotek.sapartners.site\/index.php\/wp-json\/wp\/v2\/types\/product"}],"wp:featuredmedia":[{"embeddable":true,"href":"https:\/\/silikotek.sapartners.site\/index.php\/wp-json\/wp\/v2\/media\/20982"}],"wp:attachment":[{"href":"https:\/\/silikotek.sapartners.site\/index.php\/wp-json\/wp\/v2\/media?parent=14531"}],"wp:term":[{"taxonomy":"pwb-brand","embeddable":true,"href":"https:\/\/silikotek.sapartners.site\/index.php\/wp-json\/wp\/v2\/pwb-brand?post=14531"},{"taxonomy":"product_brand","embeddable":true,"href":"https:\/\/silikotek.sapartners.site\/index.php\/wp-json\/wp\/v2\/product_brand?post=14531"},{"taxonomy":"product_cat","embeddable":true,"href":"https:\/\/silikotek.sapartners.site\/index.php\/wp-json\/wp\/v2\/product_cat?post=14531"},{"taxonomy":"product_tag","embeddable":true,"href":"https:\/\/silikotek.sapartners.site\/index.php\/wp-json\/wp\/v2\/product_tag?post=14531"}],"curies":[{"name":"wp","href":"https:\/\/api.w.org\/{rel}","templated":true}]}}