{"id":14529,"date":"2016-03-21T10:32:54","date_gmt":"2016-03-21T10:32:54","guid":{"rendered":"http:\/\/192.168.100.222\/target_carts\/wordpress\/wordpress495\/wordpress\/?product=taittuva-raikkalenkkisarja-6-os-kraftmann-30004"},"modified":"2022-02-28T00:01:39","modified_gmt":"2022-02-27T22:01:39","slug":"taittuva-raikkalenkkisarja-6-os-kraftmann-30004","status":"publish","type":"product","link":"https:\/\/silikotek.sapartners.site\/index.php\/tuote\/taittuva-raikkalenkkisarja-6-os-kraftmann-30004\/","title":{"rendered":"Kraftmann 6-osainen Taittuva R\u00e4ikk\u00e4lenkkisarja 30004"},"content":{"rendered":"","protected":false},"excerpt":{"rendered":"<p>Molempiin suuntiin taittuva r\u00e4ikk\u00e4lenkkisarja 6-os Kraftmann-30004. Vaativaan harrastusk\u00e4ytt\u00f6\u00f6n.<br \/>\n&#8211; r\u00e4ikk\u00e4lenkkisarja sis\u00e4lt\u00e4\u00e4 8 &#8211; 10 &#8211; 13 &#8211; 14 &#8211; 17 &#8211; 19 mm r\u00e4ikk\u00e4lenkit<br \/>\n&#8211; r\u00e4ikk\u00e4lenkki taittuu, 90\u00b0 molempiin suuntiin<br \/>\n&#8211; r\u00e4ikk\u00e4lenkit tihe\u00e4ll\u00e4 72 hampaisella r\u00e4ik\u00e4ll\u00e4<br \/>\n&#8211; kromattu<\/p>\n","protected":false},"featured_media":20986,"template":"","meta":{"_et_pb_use_builder":"","_et_pb_old_content":"","_et_gb_content_width":""},"pwb-brand":[1456],"product_brand":[],"product_cat":[747],"product_tag":[],"class_list":{"0":"post-14529","1":"product","2":"type-product","3":"status-publish","4":"has-post-thumbnail","6":"pwb-brand-kraftmann","7":"product_cat-raikkalenkit","9":"first","10":"instock","11":"taxable","12":"shipping-taxable","13":"purchasable","14":"product-type-simple"},"brands":[{"id":1456,"name":"Kraftmann","slug":"kraftmann"}],"_links":{"self":[{"href":"https:\/\/silikotek.sapartners.site\/index.php\/wp-json\/wp\/v2\/product\/14529","targetHints":{"allow":["GET"]}}],"collection":[{"href":"https:\/\/silikotek.sapartners.site\/index.php\/wp-json\/wp\/v2\/product"}],"about":[{"href":"https:\/\/silikotek.sapartners.site\/index.php\/wp-json\/wp\/v2\/types\/product"}],"wp:featuredmedia":[{"embeddable":true,"href":"https:\/\/silikotek.sapartners.site\/index.php\/wp-json\/wp\/v2\/media\/20986"}],"wp:attachment":[{"href":"https:\/\/silikotek.sapartners.site\/index.php\/wp-json\/wp\/v2\/media?parent=14529"}],"wp:term":[{"taxonomy":"pwb-brand","embeddable":true,"href":"https:\/\/silikotek.sapartners.site\/index.php\/wp-json\/wp\/v2\/pwb-brand?post=14529"},{"taxonomy":"product_brand","embeddable":true,"href":"https:\/\/silikotek.sapartners.site\/index.php\/wp-json\/wp\/v2\/product_brand?post=14529"},{"taxonomy":"product_cat","embeddable":true,"href":"https:\/\/silikotek.sapartners.site\/index.php\/wp-json\/wp\/v2\/product_cat?post=14529"},{"taxonomy":"product_tag","embeddable":true,"href":"https:\/\/silikotek.sapartners.site\/index.php\/wp-json\/wp\/v2\/product_tag?post=14529"}],"curies":[{"name":"wp","href":"https:\/\/api.w.org\/{rel}","templated":true}]}}