{"id":14527,"date":"2016-03-21T10:10:18","date_gmt":"2016-03-21T10:10:18","guid":{"rendered":"http:\/\/192.168.100.222\/target_carts\/wordpress\/wordpress495\/wordpress\/?product=lyhyt-taittuva-raikkalenkkisarja-12-os-kraftmann-30003"},"modified":"2021-08-31T00:01:04","modified_gmt":"2021-08-30T21:01:04","slug":"lyhyt-taittuva-raikkalenkkisarja-12-os-kraftmann-30003","status":"publish","type":"product","link":"https:\/\/silikotek.sapartners.site\/index.php\/tuote\/lyhyt-taittuva-raikkalenkkisarja-12-os-kraftmann-30003\/","title":{"rendered":"Kraftmann 12-osainen Lyhyt ja Taittuva R\u00e4ikk\u00e4lenkkisarja  30003"},"content":{"rendered":"<p>&#8211; lyhyet taittuvat r\u00e4ikk\u00e4lenkit tihe\u00e4ll\u00e4 72 hampaisella r\u00e4ik\u00e4ll\u00e4,<br \/>\npienin siirtym\u00e4 5\u00b0<br \/>\n&#8211; 180\u00b0 taittuva r\u00e4ikk\u00e4p\u00e4\u00e4<br \/>\n&#8211; lyhyet taittuvat r\u00e4ikk\u00e4lenkit sarja sis\u00e4lt\u00e4\u00e4:<br \/>\n8-9-10-11-12-13-14-15-16-17-18-19 mm<br \/>\n&#8211; r\u00e4ikk\u00e4lenkkien pituudet:<br \/>\n8=89 mm, 9=95 mm, 10=97 mm, 11=100 mm,<br \/>\n12=102 mm, 13=109 mm, 14=115 mm, 15=119 mm,<br \/>\n16=123 mm, 17=129 mm, 18=132 mm, 19=141 mm<br \/>\n&#8211; kromattu<\/p>\n","protected":false},"excerpt":{"rendered":"<p>Lyhyt taittuva r\u00e4ikk\u00e4lenkkisarja 12-os Kraftmann-30003 vaativaan harrastusk\u00e4ytt\u00f6\u00f6n.<\/p>\n","protected":false},"featured_media":23397,"template":"","meta":{"_et_pb_use_builder":"","_et_pb_old_content":"","_et_gb_content_width":""},"pwb-brand":[1456],"product_brand":[],"product_cat":[747],"product_tag":[],"class_list":{"0":"post-14527","1":"product","2":"type-product","3":"status-publish","4":"has-post-thumbnail","6":"pwb-brand-kraftmann","7":"product_cat-raikkalenkit","9":"first","10":"instock","11":"taxable","12":"shipping-taxable","13":"purchasable","14":"product-type-simple"},"brands":[{"id":1456,"name":"Kraftmann","slug":"kraftmann"}],"_links":{"self":[{"href":"https:\/\/silikotek.sapartners.site\/index.php\/wp-json\/wp\/v2\/product\/14527","targetHints":{"allow":["GET"]}}],"collection":[{"href":"https:\/\/silikotek.sapartners.site\/index.php\/wp-json\/wp\/v2\/product"}],"about":[{"href":"https:\/\/silikotek.sapartners.site\/index.php\/wp-json\/wp\/v2\/types\/product"}],"wp:featuredmedia":[{"embeddable":true,"href":"https:\/\/silikotek.sapartners.site\/index.php\/wp-json\/wp\/v2\/media\/23397"}],"wp:attachment":[{"href":"https:\/\/silikotek.sapartners.site\/index.php\/wp-json\/wp\/v2\/media?parent=14527"}],"wp:term":[{"taxonomy":"pwb-brand","embeddable":true,"href":"https:\/\/silikotek.sapartners.site\/index.php\/wp-json\/wp\/v2\/pwb-brand?post=14527"},{"taxonomy":"product_brand","embeddable":true,"href":"https:\/\/silikotek.sapartners.site\/index.php\/wp-json\/wp\/v2\/product_brand?post=14527"},{"taxonomy":"product_cat","embeddable":true,"href":"https:\/\/silikotek.sapartners.site\/index.php\/wp-json\/wp\/v2\/product_cat?post=14527"},{"taxonomy":"product_tag","embeddable":true,"href":"https:\/\/silikotek.sapartners.site\/index.php\/wp-json\/wp\/v2\/product_tag?post=14527"}],"curies":[{"name":"wp","href":"https:\/\/api.w.org\/{rel}","templated":true}]}}