{"id":14510,"date":"2016-03-18T12:58:27","date_gmt":"2016-03-18T10:58:27","guid":{"rendered":"http:\/\/192.168.100.222\/target_carts\/wordpress\/wordpress495\/wordpress\/?product=hylsysarja-3-4-kraftmann-15113"},"modified":"2022-09-01T12:58:04","modified_gmt":"2022-09-01T09:58:04","slug":"hylsysarja-3-4-kraftmann-15113","status":"publish","type":"product","link":"https:\/\/silikotek.sapartners.site\/index.php\/tuote\/hylsysarja-3-4-kraftmann-15113\/","title":{"rendered":"Kraftmann 20-osainen Hylsysarja 3\/4&#8243; 15113"},"content":{"rendered":"","protected":false},"excerpt":{"rendered":"<p>Krafmann hylsysarja 3\/4&#8243; sis\u00e4lt\u00e4\u00e4:<br \/>\nr\u00e4ikk\u00e4 495 mm pitk\u00e4<br \/>\nliukuva T-v\u00e4\u00e4nnin, pituus 450 mm<br \/>\n2 kpl jatkot: 100 ja 200 mm pitk\u00e4t<br \/>\n16 hylsy\u00e4 (6-kulmaiset.), koot:<br \/>\n19-21-22-23-24-26-27-30-32-34-36-38-41-46-48-50 mm<br \/>\n&#8211; materiaali: chrome vanadium, karkaistu satiini kromattu<br \/>\n&#8211; metalli laatikossa<\/p>\n","protected":false},"featured_media":20932,"template":"","meta":{"_et_pb_use_builder":"","_et_pb_old_content":"","_et_gb_content_width":""},"pwb-brand":[1456],"product_brand":[],"product_cat":[1615],"product_tag":[],"class_list":{"0":"post-14510","1":"product","2":"type-product","3":"status-publish","4":"has-post-thumbnail","6":"pwb-brand-kraftmann","7":"product_cat-3-4-hylsysarjat","9":"first","10":"instock","11":"taxable","12":"shipping-taxable","13":"purchasable","14":"product-type-simple"},"brands":[{"id":1456,"name":"Kraftmann","slug":"kraftmann"}],"_links":{"self":[{"href":"https:\/\/silikotek.sapartners.site\/index.php\/wp-json\/wp\/v2\/product\/14510","targetHints":{"allow":["GET"]}}],"collection":[{"href":"https:\/\/silikotek.sapartners.site\/index.php\/wp-json\/wp\/v2\/product"}],"about":[{"href":"https:\/\/silikotek.sapartners.site\/index.php\/wp-json\/wp\/v2\/types\/product"}],"wp:featuredmedia":[{"embeddable":true,"href":"https:\/\/silikotek.sapartners.site\/index.php\/wp-json\/wp\/v2\/media\/20932"}],"wp:attachment":[{"href":"https:\/\/silikotek.sapartners.site\/index.php\/wp-json\/wp\/v2\/media?parent=14510"}],"wp:term":[{"taxonomy":"pwb-brand","embeddable":true,"href":"https:\/\/silikotek.sapartners.site\/index.php\/wp-json\/wp\/v2\/pwb-brand?post=14510"},{"taxonomy":"product_brand","embeddable":true,"href":"https:\/\/silikotek.sapartners.site\/index.php\/wp-json\/wp\/v2\/product_brand?post=14510"},{"taxonomy":"product_cat","embeddable":true,"href":"https:\/\/silikotek.sapartners.site\/index.php\/wp-json\/wp\/v2\/product_cat?post=14510"},{"taxonomy":"product_tag","embeddable":true,"href":"https:\/\/silikotek.sapartners.site\/index.php\/wp-json\/wp\/v2\/product_tag?post=14510"}],"curies":[{"name":"wp","href":"https:\/\/api.w.org\/{rel}","templated":true}]}}