{"id":14502,"date":"2016-03-17T16:14:25","date_gmt":"2016-03-17T16:14:25","guid":{"rendered":"http:\/\/192.168.100.222\/target_carts\/wordpress\/wordpress495\/wordpress\/?product=hylsysarja-1-kraftmann-15111"},"modified":"2022-09-01T12:58:04","modified_gmt":"2022-09-01T09:58:04","slug":"hylsysarja-1-kraftmann-15111","status":"publish","type":"product","link":"https:\/\/silikotek.sapartners.site\/index.php\/tuote\/hylsysarja-1-kraftmann-15111\/","title":{"rendered":"Kraftmann 15-osainen Hylsysarja 1&#8243; 15111"},"content":{"rendered":"","protected":false},"excerpt":{"rendered":"<p>Hylsysarja 1&#8243; Kraftmann 15111. Kest\u00e4\u00e4 kovempaakin v\u00e4\u00e4nt\u00f6\u00e4.<br \/>\nR\u00e4ikk\u00e4<br \/>\n&#8211; liukuva v\u00e4\u00e4nti\u00f6<br \/>\n&#8211; 8&#8243; jatko<br \/>\n&#8211; 10&#8243; jatko<br \/>\n&#8211; 6-kulmaiset hylsyt<br \/>\n36 &#8211; 41 &#8211; 46 &#8211;\u00a0 50 &#8211; 55 &#8211; 60 &#8211; 65 &#8211; 70 &#8211; 75 &#8211; 80 mm<br \/>\n&#8211; metallilaatikossa<\/p>\n","protected":false},"featured_media":22252,"template":"","meta":{"_et_pb_use_builder":"","_et_pb_old_content":"","_et_gb_content_width":""},"pwb-brand":[1456],"product_brand":[],"product_cat":[1616],"product_tag":[],"class_list":{"0":"post-14502","1":"product","2":"type-product","3":"status-publish","4":"has-post-thumbnail","6":"pwb-brand-kraftmann","7":"product_cat-1-hylsysarjat","9":"first","10":"instock","11":"taxable","12":"shipping-taxable","13":"purchasable","14":"product-type-simple"},"brands":[{"id":1456,"name":"Kraftmann","slug":"kraftmann"}],"_links":{"self":[{"href":"https:\/\/silikotek.sapartners.site\/index.php\/wp-json\/wp\/v2\/product\/14502","targetHints":{"allow":["GET"]}}],"collection":[{"href":"https:\/\/silikotek.sapartners.site\/index.php\/wp-json\/wp\/v2\/product"}],"about":[{"href":"https:\/\/silikotek.sapartners.site\/index.php\/wp-json\/wp\/v2\/types\/product"}],"wp:featuredmedia":[{"embeddable":true,"href":"https:\/\/silikotek.sapartners.site\/index.php\/wp-json\/wp\/v2\/media\/22252"}],"wp:attachment":[{"href":"https:\/\/silikotek.sapartners.site\/index.php\/wp-json\/wp\/v2\/media?parent=14502"}],"wp:term":[{"taxonomy":"pwb-brand","embeddable":true,"href":"https:\/\/silikotek.sapartners.site\/index.php\/wp-json\/wp\/v2\/pwb-brand?post=14502"},{"taxonomy":"product_brand","embeddable":true,"href":"https:\/\/silikotek.sapartners.site\/index.php\/wp-json\/wp\/v2\/product_brand?post=14502"},{"taxonomy":"product_cat","embeddable":true,"href":"https:\/\/silikotek.sapartners.site\/index.php\/wp-json\/wp\/v2\/product_cat?post=14502"},{"taxonomy":"product_tag","embeddable":true,"href":"https:\/\/silikotek.sapartners.site\/index.php\/wp-json\/wp\/v2\/product_tag?post=14502"}],"curies":[{"name":"wp","href":"https:\/\/api.w.org\/{rel}","templated":true}]}}