{"id":14500,"date":"2016-03-17T15:50:28","date_gmt":"2016-03-17T15:50:28","guid":{"rendered":"http:\/\/192.168.100.222\/target_carts\/wordpress\/wordpress495\/wordpress\/?product=hylsysarja-1-4-1-2-kraftmann-2296"},"modified":"2022-02-28T00:01:38","modified_gmt":"2022-02-27T22:01:38","slug":"hylsysarja-1-4-1-2-kraftmann-2296","status":"publish","type":"product","link":"https:\/\/silikotek.sapartners.site\/index.php\/tuote\/hylsysarja-1-4-1-2-kraftmann-2296\/","title":{"rendered":"Kraftmann 94-osainen Hylsysarja 1\/4&#8243;, 1\/2&#8243; 2296"},"content":{"rendered":"<p><span style=\"font-weight: bold;\">&#8211; valmistettu crome vanadiumista<br \/>\n<\/span>&#8211; \u201csuper lock\u201c hylsyt<br \/>\n&#8211; sis\u00e4lt\u00e4\u00e4:<br \/>\n<strong>\u00a0\u00a0 &#8211; 1\/4&#8243; v\u00e4\u00e4nti\u00f6:<\/strong><br \/>\n&#8211; R\u00e4ikk\u00e4, lyhyt jatko, pitk\u00e4 jatko, yleisnivel, liukuva T-v\u00e4\u00e4nnin.<br \/>\n&#8211; super lock hylsyt:<br \/>\n4-4.5-5-5.5-6-7-8-9-10-11-12-13 and 14 mm<br \/>\n&#8211; super lock pitk\u00e4t hylsyt:<br \/>\n6-7-8-9-10-11-12-13 mm<br \/>\n&#8211; Torx bits hylsyt:<br \/>\nT8-T10-T15-T20-T25-T27-T30<br \/>\n&#8211; 4x ristip\u00e4\u00e4 3x ruuvimeisseli bits hylsyt<br \/>\n&#8211; kuusiokolo bits hylsyt: 3-4-5-6 mm<br \/>\n<strong>&#8211; 1\/2&#8243; v\u00e4\u00e4nti\u00f6ll\u00e4:<\/strong><br \/>\n&#8211; R\u00e4ikk\u00e4, lyhyt jatko, pitk\u00e4 jatko, yleisnivel, liukuva T-v\u00e4\u00e4nnin.<br \/>\n&#8211; super lock hylsyt:<br \/>\n10-11-12-13-14-15-16-17-18-19-20-21-22-24-27-30-32 mm<br \/>\n&#8211; super lock pitk\u00e4t hylsyt: 14-15-17-19-22 mm<br \/>\n&#8211; 1x bitsin pidin<br \/>\n&#8211; Torx bits hylsyt: T40-T45-T50-T55-T60<br \/>\n&#8211; 6x ristip\u00e4\u00e4 3x ruuvimeisseli bits hylsyt<br \/>\n&#8211; kuusiokolo bits: 7-8-10-12-14 mm<br \/>\n&#8211; tulppa hylsyt: 16 ja 21 mm<\/p>\n","protected":false},"excerpt":{"rendered":"<p>Hylsysarja 1\/4&#8243;, 1\/2&#8243; Kraftmann 2296.<\/p>\n","protected":false},"featured_media":20892,"template":"","meta":{"_et_pb_use_builder":"","_et_pb_old_content":"","_et_gb_content_width":""},"pwb-brand":[1456],"product_brand":[],"product_cat":[1619],"product_tag":[1620],"class_list":{"0":"post-14500","1":"product","2":"type-product","3":"status-publish","4":"has-post-thumbnail","6":"pwb-brand-kraftmann","7":"product_cat-1-43-81-2-hylsysarjat","8":"product_tag-hylsysarjat","10":"first","11":"instock","12":"taxable","13":"shipping-taxable","14":"purchasable","15":"product-type-simple"},"brands":[{"id":1456,"name":"Kraftmann","slug":"kraftmann"}],"_links":{"self":[{"href":"https:\/\/silikotek.sapartners.site\/index.php\/wp-json\/wp\/v2\/product\/14500","targetHints":{"allow":["GET"]}}],"collection":[{"href":"https:\/\/silikotek.sapartners.site\/index.php\/wp-json\/wp\/v2\/product"}],"about":[{"href":"https:\/\/silikotek.sapartners.site\/index.php\/wp-json\/wp\/v2\/types\/product"}],"wp:featuredmedia":[{"embeddable":true,"href":"https:\/\/silikotek.sapartners.site\/index.php\/wp-json\/wp\/v2\/media\/20892"}],"wp:attachment":[{"href":"https:\/\/silikotek.sapartners.site\/index.php\/wp-json\/wp\/v2\/media?parent=14500"}],"wp:term":[{"taxonomy":"pwb-brand","embeddable":true,"href":"https:\/\/silikotek.sapartners.site\/index.php\/wp-json\/wp\/v2\/pwb-brand?post=14500"},{"taxonomy":"product_brand","embeddable":true,"href":"https:\/\/silikotek.sapartners.site\/index.php\/wp-json\/wp\/v2\/product_brand?post=14500"},{"taxonomy":"product_cat","embeddable":true,"href":"https:\/\/silikotek.sapartners.site\/index.php\/wp-json\/wp\/v2\/product_cat?post=14500"},{"taxonomy":"product_tag","embeddable":true,"href":"https:\/\/silikotek.sapartners.site\/index.php\/wp-json\/wp\/v2\/product_tag?post=14500"}],"curies":[{"name":"wp","href":"https:\/\/api.w.org\/{rel}","templated":true}]}}