{"id":14478,"date":"2016-03-16T08:49:49","date_gmt":"2016-03-16T08:49:49","guid":{"rendered":"http:\/\/192.168.100.222\/target_carts\/wordpress\/wordpress495\/wordpress\/?product=avosilmukka-avaimet-12-os-sarja-bgs-1184"},"modified":"2025-08-28T02:42:25","modified_gmt":"2025-08-27T23:42:25","slug":"avosilmukka-avaimet-12-os-sarja-bgs-1184","status":"publish","type":"product","link":"https:\/\/silikotek.sapartners.site\/index.php\/tuote\/avosilmukka-avaimet-12-os-sarja-bgs-1184\/","title":{"rendered":"BGS Avosilmukka-avaimet 12-osainen sarja 1184"},"content":{"rendered":"","protected":false},"excerpt":{"rendered":"<p>Avosilmukka-avaimet 12-osainen sarja<br \/>\n&#8211; kovetetut, kromatut<br \/>\n&#8211; kiillotetut lenkit<br \/>\nSis\u00e4lt\u00e4\u00e4:- 6&#215;7-8&#215;9-10&#215;11-12&#215;13-14&#215;15-16&#215;17-18&#215;19-20&#215;22<br \/>\n21&#215;23-24&#215;27-25&#215;28-30X32 mm avolenkkiavaimet<\/p>\n","protected":false},"featured_media":20118,"template":"","meta":{"_et_pb_use_builder":"","_et_pb_old_content":"","_et_gb_content_width":""},"pwb-brand":[1451],"product_brand":[],"product_cat":[500],"product_tag":[],"class_list":{"0":"post-14478","1":"product","2":"type-product","3":"status-publish","4":"has-post-thumbnail","6":"pwb-brand-bgs","7":"product_cat-kiintolenkkiavaimet","9":"first","10":"instock","11":"taxable","12":"shipping-taxable","13":"purchasable","14":"product-type-simple"},"brands":[{"id":1451,"name":"BGS","slug":"bgs"}],"_links":{"self":[{"href":"https:\/\/silikotek.sapartners.site\/index.php\/wp-json\/wp\/v2\/product\/14478","targetHints":{"allow":["GET"]}}],"collection":[{"href":"https:\/\/silikotek.sapartners.site\/index.php\/wp-json\/wp\/v2\/product"}],"about":[{"href":"https:\/\/silikotek.sapartners.site\/index.php\/wp-json\/wp\/v2\/types\/product"}],"wp:featuredmedia":[{"embeddable":true,"href":"https:\/\/silikotek.sapartners.site\/index.php\/wp-json\/wp\/v2\/media\/20118"}],"wp:attachment":[{"href":"https:\/\/silikotek.sapartners.site\/index.php\/wp-json\/wp\/v2\/media?parent=14478"}],"wp:term":[{"taxonomy":"pwb-brand","embeddable":true,"href":"https:\/\/silikotek.sapartners.site\/index.php\/wp-json\/wp\/v2\/pwb-brand?post=14478"},{"taxonomy":"product_brand","embeddable":true,"href":"https:\/\/silikotek.sapartners.site\/index.php\/wp-json\/wp\/v2\/product_brand?post=14478"},{"taxonomy":"product_cat","embeddable":true,"href":"https:\/\/silikotek.sapartners.site\/index.php\/wp-json\/wp\/v2\/product_cat?post=14478"},{"taxonomy":"product_tag","embeddable":true,"href":"https:\/\/silikotek.sapartners.site\/index.php\/wp-json\/wp\/v2\/product_tag?post=14478"}],"curies":[{"name":"wp","href":"https:\/\/api.w.org\/{rel}","templated":true}]}}