{"id":14442,"date":"2016-03-08T16:03:06","date_gmt":"2016-03-08T16:03:06","guid":{"rendered":"http:\/\/192.168.100.222\/target_carts\/wordpress\/wordpress495\/wordpress\/?product=lautasharja-cz-95-m14-kulmahiomakoneeseen"},"modified":"2021-11-19T15:19:31","modified_gmt":"2021-11-19T13:19:31","slug":"lautasharja-cz-95-m14-kulmahiomakoneeseen","status":"publish","type":"product","link":"https:\/\/silikotek.sapartners.site\/index.php\/tuote\/lautasharja-cz-95-m14-kulmahiomakoneeseen\/","title":{"rendered":"Lautasharja palmikoitu CZ 95 M14 kulmahiomakoneeseen."},"content":{"rendered":"<p>CZ 95 E kiinnitys\u00a0 M14, palmikon pituus 20 mm, palmikoiden m\u00e4\u00e4r\u00e4 18 kpl, ter\u00e4slangan paksuus 0,5 mm,<br \/>\nkierrosluku maksimi14000 r\/min, halkaisija 95 mm.<\/p>\n","protected":false},"excerpt":{"rendered":"<p>Palmikoitu lautasharja CZ 95 M14 kierteell\u00e4 suoraan kiinnitett\u00e4v\u00e4ksi kulmahiomakoneeseen.<\/p>\n","protected":false},"featured_media":14441,"template":"","meta":{"_et_pb_use_builder":"","_et_pb_old_content":"","_et_gb_content_width":""},"pwb-brand":[],"product_brand":[],"product_cat":[937,746],"product_tag":[],"class_list":{"0":"post-14442","1":"product","2":"type-product","3":"status-publish","4":"has-post-thumbnail","6":"product_cat-terasharjat","7":"product_cat-katkaisu-ja-hionta","9":"first","10":"instock","11":"taxable","12":"shipping-taxable","13":"purchasable","14":"product-type-simple"},"brands":[],"_links":{"self":[{"href":"https:\/\/silikotek.sapartners.site\/index.php\/wp-json\/wp\/v2\/product\/14442","targetHints":{"allow":["GET"]}}],"collection":[{"href":"https:\/\/silikotek.sapartners.site\/index.php\/wp-json\/wp\/v2\/product"}],"about":[{"href":"https:\/\/silikotek.sapartners.site\/index.php\/wp-json\/wp\/v2\/types\/product"}],"wp:featuredmedia":[{"embeddable":true,"href":"https:\/\/silikotek.sapartners.site\/index.php\/wp-json\/wp\/v2\/media\/14441"}],"wp:attachment":[{"href":"https:\/\/silikotek.sapartners.site\/index.php\/wp-json\/wp\/v2\/media?parent=14442"}],"wp:term":[{"taxonomy":"pwb-brand","embeddable":true,"href":"https:\/\/silikotek.sapartners.site\/index.php\/wp-json\/wp\/v2\/pwb-brand?post=14442"},{"taxonomy":"product_brand","embeddable":true,"href":"https:\/\/silikotek.sapartners.site\/index.php\/wp-json\/wp\/v2\/product_brand?post=14442"},{"taxonomy":"product_cat","embeddable":true,"href":"https:\/\/silikotek.sapartners.site\/index.php\/wp-json\/wp\/v2\/product_cat?post=14442"},{"taxonomy":"product_tag","embeddable":true,"href":"https:\/\/silikotek.sapartners.site\/index.php\/wp-json\/wp\/v2\/product_tag?post=14442"}],"curies":[{"name":"wp","href":"https:\/\/api.w.org\/{rel}","templated":true}]}}