{"id":14323,"date":"2016-02-08T16:10:03","date_gmt":"2016-02-08T16:10:03","guid":{"rendered":"http:\/\/192.168.100.222\/target_carts\/wordpress\/wordpress495\/wordpress\/?product=liimakaapimen-tera-sc-316-proglass-10-kpl"},"modified":"2020-06-09T10:04:57","modified_gmt":"2020-06-09T07:04:57","slug":"liimakaapimen-tera-sc-316-proglass-10-kpl","status":"publish","type":"product","link":"https:\/\/silikotek.sapartners.site\/index.php\/tuote\/liimakaapimen-tera-sc-316-proglass-10-kpl\/","title":{"rendered":"ProGlass  Liimakaapimen ter\u00e4 SC-316, 10 kpl"},"content":{"rendered":"","protected":false},"excerpt":{"rendered":"<p>Liimakaapimen ter\u00e4 SC-316. Korkealaatuista ruostumatonta ter\u00e4st\u00e4, leveys 16 mm. Sopii ProGlass Liimankaapimiin FSC-120, FSC-150 ja FSC-300. Sopii my\u00f6s useimpiin muihin kaapimiin. sis\u00e4lt\u00e4\u00e4 10 kpl<\/p>\n","protected":false},"featured_media":22954,"template":"","meta":{"_et_pb_use_builder":"","_et_pb_old_content":"","_et_gb_content_width":""},"pwb-brand":[1503],"product_brand":[],"product_cat":[749],"product_tag":[],"class_list":{"0":"post-14323","1":"product","2":"type-product","3":"status-publish","4":"has-post-thumbnail","6":"pwb-brand-proglass","7":"product_cat-tuulilasi-tyokalut","9":"first","10":"instock","11":"taxable","12":"shipping-taxable","13":"purchasable","14":"product-type-simple"},"brands":[{"id":1503,"name":"ProGlass","slug":"proglass"}],"_links":{"self":[{"href":"https:\/\/silikotek.sapartners.site\/index.php\/wp-json\/wp\/v2\/product\/14323","targetHints":{"allow":["GET"]}}],"collection":[{"href":"https:\/\/silikotek.sapartners.site\/index.php\/wp-json\/wp\/v2\/product"}],"about":[{"href":"https:\/\/silikotek.sapartners.site\/index.php\/wp-json\/wp\/v2\/types\/product"}],"wp:featuredmedia":[{"embeddable":true,"href":"https:\/\/silikotek.sapartners.site\/index.php\/wp-json\/wp\/v2\/media\/22954"}],"wp:attachment":[{"href":"https:\/\/silikotek.sapartners.site\/index.php\/wp-json\/wp\/v2\/media?parent=14323"}],"wp:term":[{"taxonomy":"pwb-brand","embeddable":true,"href":"https:\/\/silikotek.sapartners.site\/index.php\/wp-json\/wp\/v2\/pwb-brand?post=14323"},{"taxonomy":"product_brand","embeddable":true,"href":"https:\/\/silikotek.sapartners.site\/index.php\/wp-json\/wp\/v2\/product_brand?post=14323"},{"taxonomy":"product_cat","embeddable":true,"href":"https:\/\/silikotek.sapartners.site\/index.php\/wp-json\/wp\/v2\/product_cat?post=14323"},{"taxonomy":"product_tag","embeddable":true,"href":"https:\/\/silikotek.sapartners.site\/index.php\/wp-json\/wp\/v2\/product_tag?post=14323"}],"curies":[{"name":"wp","href":"https:\/\/api.w.org\/{rel}","templated":true}]}}