{"id":14260,"date":"2016-02-03T12:25:49","date_gmt":"2016-02-03T12:25:49","guid":{"rendered":"http:\/\/192.168.100.222\/target_carts\/wordpress\/wordpress495\/wordpress\/?product=voima-adapteri-1f-x-1-1-2m-515-1799"},"modified":"2016-02-03T12:33:03","modified_gmt":"2016-02-03T12:33:03","slug":"voima-adapteri-1f-x-1-1-2m-515-1799","status":"publish","type":"product","link":"https:\/\/silikotek.sapartners.site\/index.php\/tuote\/voima-adapteri-1f-x-1-1-2m-515-1799\/","title":{"rendered":"Voima adapteri 1&#8243;F x 1.1\/2&#8243;M 515.1799"},"content":{"rendered":"<p>MAx v\u00e4\u00e4nt\u00f6 2562Nm<br \/>DIN: DIN 3121<br \/>Halkaisija D: 54.0 mm<br \/>Pituus: 82.0mm<br \/>Paino_145g<br \/>ISO: ISO 1174<br \/>materiaali: chrome molybdenum ter\u00e4s<br \/>profiili: 1&#8243;F x 1 1\/2&#8243;M<br \/>Muuntaa :1&#8243;- 1.1\/2&#8243;<br \/>\u00a0<\/p>\n","protected":false},"excerpt":{"rendered":"<p>Voima adapteri 1&#8243;F x 1.1\/2&#8243;M 515.1799, Kstools. T\u00e4ll\u00e4 adapterilla saat 1&#8243; mutteripyssyyn 1 1\/2&#8243; hylsyt. Heti varastosta.<\/p>\n","protected":false},"featured_media":14259,"template":"","meta":{"_et_pb_use_builder":"","_et_pb_old_content":"","_et_gb_content_width":""},"pwb-brand":[],"product_brand":[],"product_cat":[827],"product_tag":[],"class_list":{"0":"post-14260","1":"product","2":"type-product","3":"status-publish","4":"has-post-thumbnail","6":"product_cat-voimahylsyt-ja-sarjat","8":"first","9":"instock","10":"taxable","11":"shipping-taxable","12":"purchasable","13":"product-type-simple"},"brands":[],"_links":{"self":[{"href":"https:\/\/silikotek.sapartners.site\/index.php\/wp-json\/wp\/v2\/product\/14260","targetHints":{"allow":["GET"]}}],"collection":[{"href":"https:\/\/silikotek.sapartners.site\/index.php\/wp-json\/wp\/v2\/product"}],"about":[{"href":"https:\/\/silikotek.sapartners.site\/index.php\/wp-json\/wp\/v2\/types\/product"}],"wp:featuredmedia":[{"embeddable":true,"href":"https:\/\/silikotek.sapartners.site\/index.php\/wp-json\/wp\/v2\/media\/14259"}],"wp:attachment":[{"href":"https:\/\/silikotek.sapartners.site\/index.php\/wp-json\/wp\/v2\/media?parent=14260"}],"wp:term":[{"taxonomy":"pwb-brand","embeddable":true,"href":"https:\/\/silikotek.sapartners.site\/index.php\/wp-json\/wp\/v2\/pwb-brand?post=14260"},{"taxonomy":"product_brand","embeddable":true,"href":"https:\/\/silikotek.sapartners.site\/index.php\/wp-json\/wp\/v2\/product_brand?post=14260"},{"taxonomy":"product_cat","embeddable":true,"href":"https:\/\/silikotek.sapartners.site\/index.php\/wp-json\/wp\/v2\/product_cat?post=14260"},{"taxonomy":"product_tag","embeddable":true,"href":"https:\/\/silikotek.sapartners.site\/index.php\/wp-json\/wp\/v2\/product_tag?post=14260"}],"curies":[{"name":"wp","href":"https:\/\/api.w.org\/{rel}","templated":true}]}}