{"id":14138,"date":"2016-01-26T08:27:55","date_gmt":"2016-01-26T08:27:55","guid":{"rendered":"http:\/\/192.168.100.222\/target_carts\/wordpress\/wordpress495\/wordpress\/?product=kuulonsuojain-zekler-412rdbh-bluetooth-kyparamalli"},"modified":"2022-03-01T13:21:05","modified_gmt":"2022-03-01T11:21:05","slug":"kuulonsuojain-zekler-412rdbh-bluetooth-kyparamalli","status":"publish","type":"product","link":"https:\/\/silikotek.sapartners.site\/index.php\/tuote\/kuulonsuojain-zekler-412rdbh-bluetooth-kyparamalli\/","title":{"rendered":"Zekler Bluetooth Kuulonsuojain kyp\u00e4r\u00e4malli 412RDBH"},"content":{"rendered":"<p>Kuulonsuojain sis\u00e4\u00e4nrakennetulla FM stereoradiolla, taajuusriippuvainen kuuntelutoiminto ja Bluetooth\u00ae langaton teknologia puhelimen k\u00e4ytt\u00e4miseen ja musiikin kuunteluun. Musiikkivirta pys\u00e4htyy ja FM radion \u00e4\u00e4nitaso laskee sis\u00e4\u00e4n tulevan keskustelun my\u00f6t\u00e4, turvallisuutta yll\u00e4pidet\u00e4\u00e4n kuuntelutoiminnolla. Hyv\u00e4 vaimennus matalalla, korkealla ja keskitasoisella taajuudella. Kyp\u00e4r\u00e4kiinnitys ja leve\u00e4t tiivisterenkaat jakavat paineen tasaisesti ja tekev\u00e4t k\u00e4yt\u00f6st\u00e4 miellytt\u00e4v\u00e4n. Kyp\u00e4r\u00e4sovite soveltuu k\u00e4ytett\u00e4v\u00e4ksi Zekler suojainten kanssa.<\/p>\n<ul>\n<li>Bluetooth\u00ae langaton tekniikka kommunikointiin esimerkiksi matkapuhelimen, kannettavan tietokoneen ja iPadin kanssa.<\/li>\n<li>Mikrofoni tehokkaalla \u00e4\u00e4nenvaimennuksella selke\u00e4\u00e4n kommunikointiin my\u00f6s vaativissa meluolosuhteissa.<\/li>\n<li>Toiminto &#8221;Side Tone&#8221; tekee omasta \u00e4\u00e4nest\u00e4si kuuluvan ja selke\u00e4n kommunikointiin sek\u00e4 auttaa sinua puhumaan normaalilla \u00e4\u00e4nentasolla my\u00f6s meluisassa ymp\u00e4rist\u00f6ss\u00e4.<\/li>\n<li>Toiminto &#8221;Adaptive Volume Control&#8221; s\u00e4\u00e4t\u00e4\u00e4 automaattisesti \u00e4\u00e4nt\u00e4 sis\u00e4\u00e4n tulevissa puhelinkeskusteluissa ymp\u00e4rist\u00f6n \u00e4\u00e4nitason mukaan.<\/li>\n<li>FM stereoradio 88 &#8211; 108 MHz \u00e4\u00e4nitasolla (82dB(A)).<\/li>\n<li>Toiminto &#8221;Automatic Frequency Control&#8221; (AFC) v\u00e4hent\u00e4\u00e4 melua radiokanavien v\u00e4lisess\u00e4 haussa ja s\u00e4ilytt\u00e4\u00e4 valitun kanavan. Automaattinen asetus Stereo\/Mono -v\u00e4lill\u00e4, joka tekee vastaanottamisesta vakaampaa olosuhteista riippumatta.<\/li>\n<li>Taajuusriippuvainen kuuntelu Level Dependent System vahvistaa \u00e4\u00e4nt\u00e4 ja mahdollistaa kuunnella ymp\u00e4rist\u00f6n \u00e4\u00e4ni\u00e4, kuitenkin suojaamalla sinua korkeilta impulssi\u00e4\u00e4nilt\u00e4.<\/li>\n<li>Vaimennustaso: Level 2.<\/li>\n<li>3,5 mm AUX- liit\u00e4nt\u00e4.<\/li>\n<li>Johto 2 x 3,5 mm stereoliit\u00e4nn\u00e4ll\u00e4.<\/li>\n<li>Kyp\u00e4r\u00e4kiinnitys<\/li>\n<li>Sopii k\u00e4ytett\u00e4v\u00e4ksi yhdess\u00e4 muiden Zekler suojainten kanssa<\/li>\n<li>Leve\u00e4t, pehme\u00e4t ja vaihdettavat pehmusteet<\/li>\n<li>10 m kattava alue Bluetooth\u00ae l\u00e4hteeseen.<\/li>\n<li>Toimitetaan 2 st 1,5V AA paristoilla<\/li>\n<li>Ladattavat akut (HR6 2100 mAh) ja laturi saatavilla lis\u00e4varusteina. Lataus n. 3 h sein\u00e4laturissa ja 8 h USB-liit\u00e4nn\u00e4ll\u00e4.<\/li>\n<li>K\u00e4ytt\u00f6aika 23 h samanaikaisesti muiden toimintojen olevan p\u00e4\u00e4ll\u00e4.&#8217;<\/li>\n<li>&#8221;Akkuvahti&#8221; automaattisella sulkeutumisella, jos mit\u00e4\u00e4n toimintoja ei ole k\u00e4ytetty 6 tuntiin.<br \/>\n<img decoding=\"async\" src=\"data:image\/png;base64,iVBORw0KGgoAAAANSUhEUgAAAgYAAADGCAIAAAAmKt9qAAAYWUlEQVR4nO2dy5GjyhZF3\/iOcKYMEEaUEQqG7YgCN3qq6MCCdqEGsqQnegN++Tn5JUFIuVYQN6qRODt\/nJ2ZULf+9wQAAHg+n8\/n\/15dAAAAOAtYAgAATGAJAAAwgSUAAMAElgAAABNYAgAATIQt4Q8AALwh\/\/333y6WkBoUAABeDpYAAAAT+1rCf1ANx3c6ip+hiPrZ1Pe1hL\/\/\/nHUcBzf6Sh+hiLqZ1PHEjgKHDUkLxRRr0EdS+AocNSQvFBEvQZ1LIGjwFFD8kIR9RrUsQSOAkcNyQtF1GtQxxI4Chw1JC8UUa9BHUvgKHDUkLxQRL0GdSyBo8BRQ\/JCEfUa1I+0hJ9fl8bkcvsdWe77tWma73u5hvi5fTXN1+1n\/Ofv26VpLr9+ju6MzzhCA\/r+PXe43uDTIMho9ohbaBxv19ty5n5dxt06kJST\/pIEFOOD\/9y+4ioerxgIXkpRbNV4xVAxclr4MHWlDMsYfkXds4RS1I+0BK16JZN73oEllDu8nf7z69I01\/vff\/9u13lQjmP0ehdSTAHFf4oJzZGV7lb7+naNVfcpJgS\/fzdKa3inRP46Rgcvpii0aoJiuBjpLXyUujqS16RxmLp++dT4e6m\/3hKU2aI4hZxPLlcpRr02kHhSj2OakMsStMnXCazrHY7gzexuxp9fl5TFYoyisiiR0\/06AhPUY5f2\/uDq4L9fN6xLooMXU5RaNV4xohjJLXys+u\/bpblcvuyMtLe6aIe7qb\/aEn5uX\/aUSjyZYQlKU67zU6mh\/wqrhPt3k5Oq6jx8nX6\/Ns3la7Zm3RvyGzmQvC633+71hznNjLP\/yIQVCG7enz7R6ATtDV5Q0W7VeMWIYiS38JHqY1K639yWsJ+6tErYTf3VlqCcaRo9axsncy3BuS2w7q81tvq4vGCJEHl4On1sSacxp2zdRCrOh8MSxnF1vf\/959zwyVUMB9fG1ZYEHR28mKLUqvGKMcVIbeED1efNT7PZD6u7uWW3n\/qrLUHJ2uZGs3Eya+NI3wXSs4NvlZC5m1HtEVoleEdk1rOlTEsYh5bYs\/p4yFGMCV5szh4dvLDiS1cJRgsfpb4mh59XrBKiNo4+ZZUgPouTH9DlWYLWqXpbeCxBicYRc8Q+S3ixJXj3qbZaQlzwiI3dlDpGBC+s6LeEXXfzrRY+SF16VfJ6P6zu8jR\/N\/UzWML487gyMta\/68n1qvXWHT81HhsoJ9XMbucdpyVkvgNT85HyxlGUhW9TVHTXyOM\/9ftBKca2jaP44IXe\/0kIXvCNI7tVD3vrRmrho984MpLGZ75t9WJLUB34+7qcl04qV92m3aDrt5JNxJPqxpE5AYx744jto5gjeifUfFrTNE2e++bNZ1XUSYlRtmTFpOCFfksgIfgH\/F6Co4WP\/r0EYyn5ib+T8QpLyDuythc4jjlq+D1bFFGvQf09LGGaEDFhP+tRQ\/JCEfUa1N\/DEjhOftSQvFBEvQZ1LIGjwFFD8kIR9RrUsQSOAkcNyQtF1GtQxxI4Chw1JC8UUa9BHUvgKHDUkLxQRL0GdSyBo8BRQ\/JCEfUa1He0hD9QE8d3OoqfoYj6edT3tQQAAHgjsAQAAJjY\/VkCVMLxnY7iZyiifjb1fS0hNTq8Kcd3OoqfoYj6u6tjCSBQQ\/JCEXXUbbAEEKgheaGIOuo2WAII1JC8UEQddRssAQRqSF4ooo66DZYAAjUkLxRRR90GSwCBGpIXiqijboMlgEANyQtF1FG32WYJj75tukH\/t3YizKNv2\/7hiVkSS0zRe\/St\/vfBp0JI13w8UUNK6Smr8awuXL8hd26qoh5U6qGhc5UlX9FbC70RhC8EFJXrJUmpjhtb1ddEjvsw1Kpb1f3xQ\/VNUFciSmN1Z3WrmuE7KFC4FHUvBS0hL5cfmHFlKdUSjDtx+naFphAeUtOYljp86Kz0tZ5S2nWr4tDN\/7AVDbuSipmuOHTzP8RarOVx4FVU6qBE99UxVJ6AoreJxgzlyZUxd3uyeiB+eBTFqqulMKrpHNjl1IPNKPS1u8Cp6iFKWYJdtcUH\/VOAJd8++rZp2v6hRrLnTY++bbuuNaZNSxBJVBEXitJ2nWgJmhEEb\/ZPwz+khq5pmrYfooezZqpyY6YrRneKI3slK5q1sF0okCd8itbo7AbrrF0vX3lCikYoYz603BeRl0hkqrtORoyiNHWrmr6BXVx9CWuG8hpCsF+S1CWKWIKvWspnazvqNtn2D8OCx8+MeVM3PNWtKaWL5h\/XC+QplTbBXL\/ZOFYJSoTaPCFrG8d17llmlWBEf\/Rt2\/ezsXtycf4qQVJ0p+B1vuOax0XfqHNwfx3LWYLeRGPcQMrfukoIhdp\/leCuZmjqXmqNIkq5GzaqX5LURbZbQtu29k2gDtAlnYqj9tG3bdvqM365PxZLMDf5FUdQ\/d56RCGbvPNZghqgtr2jXEtwT3DWZZn8eU6CDj7vmfpUlkyvo75RYw+w9YxcoPjdbSX3eOroLU+kotVEs443NYVsOFs9FD8wiuLVfdV0Vr2Y+qxix3LeQeF+SVJ3s90Smjkdq1XRZkzrJ2vaVW+epu37TjuhTee1iZcwaxPbyrqB1Ka2JBwbR55wH06mJbjGs5ou1zy2TTFijuwv1pbHy20\/+EeEuKyMUNTvo2AdQ+XJW5cYq\/XAJW6S1f0nI0ZRrLq\/ms5lSyF1Db2anjsotl+S1AXKPV7WZkmhjRZtEabmdWPjyNppshP1ei9sXyWYKx0sIckSnElC+6BUgh66WEvITtD+CaNvhOcoqmuCJUyC7eUarXK9d6kcJ7lBPXAyYhRFqgeqKXZ6OXU7sDttxRV4g7pNyZdQDR81t\/WNzSTdEoSFkeg3tmIjRd3+LMEaAjxLMBHWVe7HYsVXCcazKd\/6u5wJ2Q+8ZMVH3ybWUfCDKap34ygwdQw80PY1kX8zX7xks7o\/\/i7z9FesEpzVjJl5vtEqYf63lmt1PzN3gaZL1G2lbtCfFswxHO8FmQ96hug3jpYltxpZQ\/lybY6QZwniPTx\/Ye37Ujv7T6G7xcFTUNEe1IUU7Wmg1XBCHaWbLKGO3gIbFYut40Z14WTKKIpXF6opnttH3dGM3jvIU+BEdT81\/fZy7u5PbbtGz3KdPnSxVoriZyii\/u7qNVlCXnKv0BCKdfqj72PHM4qfoYj6u6vXZQkQSQ3\/Nx4UUUfdBksAgRqSF4qoo26DJYBADckLRdRRt8ESQKCG5IUi6qjbYAkgUEPyQhF11G2wBBCoIXmhiDrqNgmW8Adq4vhOR\/EzFFE\/j\/q+lgAAAG8ElgAAABO7P0uASji+01H8DEXUz6a+ryWkRoc35fhOR\/EzFFF\/d3UsAQRqSF4ooo66DZYAAjUkLxRRR90GSwCBGpIXiqijboMlgEANyQtF1FG3wRJAoIbkhSLqqNtgCSBQQ\/JCEXXUbbAEEKgheaGIOuo22y1h\/RvV8l8MzyHv+vmqjKvXS+y\/q\/niv7Qpyas1lf6G++Yixw0pR0MrpYrvhk2KWQQU13EtCe5RR7\/iqpvQAMe3aoK6vw3XTzOLtqm1Y\/piP\/W96+5loyUMnVLqR982YyZ6rSVs4mSWIIs7zG\/tgK2FjhlS47i1Gnzo5jKo5dlTMROfotKw0qjaoY4BxVk2MU0c36rR6v42XBNLSgNHq\/tbO6Yv9lNXWmaXuofYZglmhcbKLA7YDU9pLvDo27bvO9sH5wvbrtPazL6869ZhbF21lmromq6fAqhNO5jiwirh0bfjRfYZKYJYVL2qbf9YC7uUxjtXGjpv+5jtrxqBfmki4SE194IwnvUSRxYiXzGX2NvGvmv3q6NLcer7th9KrxJKt2qsur8NtRmNYh6l1FX8WT\/XE\/LVzbrvqS6xcZWgZknj9JKU1bnAahJrap0\/X38cujk\/Oi9f2km4SlOflZT1jHaJuayZOkQXNs5I14lFVcuqTsb87bOiDQhvTdWSShcnEhpSo1Lwdkm4mQspJhB524QkC9YxQrHwxlH5Vk1RX7Da8EBL2McRtqi\/9SphZN0X82S355qj1E\/1Gb26BSXtSFiXi1fplqBN2B\/GJXPr65bQah1hnzHcwTO5V4e2MYW3u9oK5ZwvOJ8lmOXO3Tvyd\/ocOXw3xReghGIaUTNoc30pfKNUHaMUi1rCHq0ar66Uwq6wvnG0kyX4Wzvc+\/up25sJpdXdFH3jaOlcfYwpD6DdlmBdoqbt8OXqVeIcXPj0Kd0UYx36Tt\/Z0c+oT9S1fjOLGmcJ1lVKfdSrfTUVvrSXJaxxPalk6BLH82bFZPLnsOv5cnWMUixqCfu0aqz6hLsN5+lO2w95A7lAa4c\/3UFdtUjtWe0e6gLbLMGa10pJ2XqSkrBKCF0eXiXYGTm8SlAfIEhnXCsDq6hhSxCvmolaJWiXGF\/awxK8K5P1G6kDeZNiFvG3jdDfpesYVlx1y1jCTq0aqb6UIKIyu++n+wXy5PPVzeniroYkUPKNIyHDmtnfWkOIm\/HiXrl7CRJ4lmC5Q8yzBO8P\/giqz4csQb5Kbc+UZwniqiiL\/JcXs3LlJsVcAnMdz225Rx0jE0HhZwlZQYuoB9pQ308vvpvvb+29k3J4dL3vKuH51HdRtG2ONWtNH0rvyZhbHfo3g5eLV+mrhPHlpPQ3jpaT9hk1gr7BZBQ1YuNIukprXOWMWFMN3Z7zb\/PkVOJ+uhFZiHNZglYRs\/d3qqNHUf\/SJ1iC3IZqQYQ7rJj6M9TawqcHqgtPZ4uq+\/ns317OdPgTkbv7s2XX6JnV6UO3Kau8xW\/2Hl\/Ht2vVjeob64t6tvoClnB2cpL7RkPI6fRH328az+9gCcfX8f1adZv61vqinqu+8tmWAJm8Q4JG8YyKqL+7OpYAAjUkLxRRR90GSwCBGpIXiqijboMlgEANyQtF1FG3wRJAoIbkhSLqqNtgCSBQQ\/JCEXXUbRIs4Q\/UxPGdjuJnKKJ+HvV9LQEAAN4ILAEAACZ2f5YAlXB8p6P4GYqon019X0tIjQ5vyvGdjuJnKKL+7upYAgjUkLxQRB11GywBBGpIXiiijroNlgACNSQvFFFH3QZLAIEakheKqKNugyWAQA3JC0XUUbfBEkCghuSFIuqo22AJIFBD8kIRddRtilhC9N+z9P\/d7+XTgn8efK+\/NL6BfYok\/W1N59+PX\/\/ouKPfooaUUZH1b4iLtVsKIUvmKCr1EiQD5clS9Ndio6JYHX\/M9ZIsRTn4fFbsqFAd91UP1Xeruje+fhsFCpCjvu0OSlD3UsIShq7rupJ\/4\/iEebwge9ROTu6qJRjjfvq2yxRiOl0bu4qEWL+hm8855g\/JimogpUZG1V3lyVL01mKrolSdQMz1ErsBwopy8PVHQTGijjuqP4euUT4NZZx09UB7rr0fQbL65jsoVj3EdksYs8qwesKjb9uuaw0\/e\/Rt2w9qXRdPNNKKcl5tGzuvGcEf0jxLa\/K275UpiDAdkYq0XqRNroWTYlFN59clEiaGVtme2mfCZKPtOtEStLaTx7m\/04euaRqjNxWEER2+m5IVrTo7BRzZK72O0TkhQzFYHTumdgvk9KMUXIkTuaZ3U1jdrG8gLyarB9rTvaYuoh44meRHr7WEuaHWIj\/6trHaePxRdOTlJ3vjyGMJdnBznmVEWIs1JWLLnO2CjN+Uyuku\/FMe4tJ0QCqweInYXCvacNG+2ThWCboN2mMta1PFfdqyY5stiv4Ekb9KeFrdGqpFAcXnU6xO+VWCGDw67W5dJWSo72MJ0auEdaYW3jbKUfeejB57SeoiWy1h7aYltegroCVhtv1Dng4sPZFmCVZwjTm+PNyMafL4szrI7MtDpXJagnOHXy6wPNal5rIbwvzmrKSsRRprUImTn8wEPQmJVbbGRBHF+ax8l7jKk6cYUYsCinZ1fDG9O+8xikZwbXA50q63jnuq6xtH2y1BqIi7PbVuCa8YstQ33UFp6m42WoKRbKTkOFmBI+krX0q1BDP48\/nUrDzDEqysudUS1BayFwRSgcOXWCNCvXes4I6NI0+457P4nD1ifperOHTh5FRIMWGWmq3oqY7Uqmoy3bJxpE7LttVxX\/X51mj7oUBSttVD7ale418obFkRHrZCEtlmCeIWhJ1wBmU+X26VYAZXu1GIEGMJ3iVcniUsCFtMUoHFSwqsErTgxpdKW4LdlMqjpoKWoE6dvBTaHAvXYpNiqDpmzIgZfXxqmINHP0somRYz1Lc+nRJixayQouXT6+4\/mTD2ktRtNlnCo2+FTKP35ejryhadtW\/neZZg7O5ZTecKvhp+giV4iyQXL1RUYy\/KWU2lwOIlZZ8lWGO\/QLoM3U7aE5IiG0f+BFoqXYqrLrEWGxXF6vhjblwlyMHXoPKSrFRiylA3brHQXCBZ3d+e2iVm5iugvvkOilUPscUS7HYZusZ6EUVtaGPOJWyYKFuF+jZ42\/eOWbzWUfOOi\/2yTdgSlCJJBQ4tCMSiCvtCUu3WAsuXSM2lt7s5eTYbQUP5sjzdyUiXikhcd29TtOpkmp9Qns119A7aTYpydYKtuo6VnDo6Cmztp6fUcVd1+wYtrG6354F133gHxav74beXP4KIiUPSdaU6fehi9nVQ\/BxF1N9dHUv4EHJMwX1NoU5\/9H3seEbxMxRRf3d1LAEEavi\/8aCIOuo2WAII1JC8UEQddRssAQRqSF4ooo66DZYAAjUkLxRRR90GSwCBGpIXiqijboMlgEANyQtF1FG3SbCEP1ATx3c6ip+hiPp51Pe1BAAAeCOwBAAAmNjFEv4DAID3pLwlAABAJWAJAAAwgSUAAMAElgAAABNRbxzB8WQ8FwIA2AgvoZ4ULAEAjgdLOClYAgAcT9r\/46gUNceMVyzc1QAAIdIs4e+\/f0WOmmPGKxbuagCAEFgClgAAMIElYAkAABNYApYAADCBJWAJAAATWAKWAAAwgSVgCQAAE1gClgAAMLHNEn5uX03zdfsZ\/\/n7dmmay6+fjan2\/t00zfVeMn3\/3L6aplHC3q7jvwOlDVvCfQrUNM33XdG63H4bbbKUYWZpNywBAE5CRZbwdbnMmfrn16X5uoRLG7CEtfo\/vy5N01xvq\/1MkQ1LCLYVlgAAL6QmS7jdvses\/e\/+3Vx\/RZQ22hIk+7nePZYwLi+mhQWWAADnoCpLuP+6zNn5crttt4SxqIYr6PbjsoTbVd62whIA4IUUsASdM1vCz+3afN\/\/\/b1fm+s9xsDCzxLWFhjXH6vW79tl\/K\/rWYK9RMASAOC1VLVKWNO0lqy3WMJa8cZcDRhrkbWtxrXFbCFYAgCchrosYVwfjGuFgpbw95\/ybEBpk9tVeYitttX4npJURywBAF5IZZbwc\/u6XL8vl18\/BSxhXByM+z\/yM4PpFVX7WcL4hhLPEgDgXJzVEkLv72dawpiLL7ffcaUNrhJuV6ucrtQvvXFkOx+WAAAvhN9ePjpmvGLhrgYACIElYAkAABNYApYAADCBJWAJAAATWAKWAAAwgSVgCQAAE1gClgAAMIElYAkAABMJlvCnKDXHjFHEEgDgeBIsAY4ESwCA48ESTgqWAADHk\/YsoRQ1x4xXLNzVAAAh0iyhlGrNMc+mCACwgCUcHfNsigAAC1jC0THPpggAsIAlHB3zbIoAAAtYwtExz6YIALCAJRwd82yKAAALWMLRMc+mCACwgCUcHfNsigAAC5stYejmP0ffDf6T8TEffStcv5xt+0d6zDWGFLJgOUMx\/WAJAPBCtlmCkmHXH8WT8TGfQ7ck\/Uffzj8P3RxJ+Tw65nyhlqmHrlGKnBxTLGc4ph8sAQBeSLmNIzH9OzzBF3PN\/eq\/9LPp5Ry6pmnaflDK8+jbNWXLPpNczoiYfrAEAHghxSwhxRHiE9+cVR992\/Z9V3TjaKMluMuJJQDAm1LCEqbdcz39iSfjY84hpusffdsou1F5G0dPw6P0TZ58S1C3iMIx\/WAJAPBCCr5xJE6Ks2ffQ6cm1FIzesfj5bYfRJ9JLmdETD9YAgC8kJIvoYr7\/eLJmDd59KuGbg9LCBQzo5zhmH6wBAB4IdssQUvO8z\/Ek\/ExHXl2za8lN46UfanUZx5yOcMx\/WAJAPBCtq4SlFfztW0e+2RkTOVa4\/X+5Zcdsn6HYI0u\/f6EY4Mnp5yhmH6wBAB4Ifz28tExz6YIALCAJRwd82yKAAALWMLRMc+mCACwgCUcHfNsigAAC1jC0THPpggAsIAlHB3zbIoAAAtYwtExz6YIALCAJRwd82yKAAALCZbwpyg1x4xRxBIA4HgSLAGOBEsAgOPBEk4KlgAAxxO2hP\/gRRzQ\/QAAKmFLAACASsASAABgAksAAIAJLAEAACawBAAAmPg\/jUT6OKeJh3YAAAAASUVORK5CYII=\" alt=\"\" \/><\/li>\n<\/ul>\n","protected":false},"excerpt":{"rendered":"<p>Kyp\u00e4r\u00e4mallinen radiokuulonsuojain ZEKLER 412RDBH Bluetooth teknologialla.<br \/>\n<strong>Vastaa vaatimuksia EN 352-1, 352-3, 352-4, 352-6, 352-8 ja EMC-direktiivi\u00e4 89\/336\/EEC<\/strong><\/p>\n","protected":false},"featured_media":14137,"template":"","meta":{"_et_pb_use_builder":"","_et_pb_old_content":"","_et_gb_content_width":""},"pwb-brand":[],"product_brand":[],"product_cat":[315],"product_tag":[],"class_list":{"0":"post-14138","1":"product","2":"type-product","3":"status-publish","4":"has-post-thumbnail","6":"product_cat-elektroniset-kuulonsuojaimet","8":"first","9":"instock","10":"taxable","11":"shipping-taxable","12":"purchasable","13":"product-type-simple"},"brands":[],"_links":{"self":[{"href":"https:\/\/silikotek.sapartners.site\/index.php\/wp-json\/wp\/v2\/product\/14138","targetHints":{"allow":["GET"]}}],"collection":[{"href":"https:\/\/silikotek.sapartners.site\/index.php\/wp-json\/wp\/v2\/product"}],"about":[{"href":"https:\/\/silikotek.sapartners.site\/index.php\/wp-json\/wp\/v2\/types\/product"}],"wp:featuredmedia":[{"embeddable":true,"href":"https:\/\/silikotek.sapartners.site\/index.php\/wp-json\/wp\/v2\/media\/14137"}],"wp:attachment":[{"href":"https:\/\/silikotek.sapartners.site\/index.php\/wp-json\/wp\/v2\/media?parent=14138"}],"wp:term":[{"taxonomy":"pwb-brand","embeddable":true,"href":"https:\/\/silikotek.sapartners.site\/index.php\/wp-json\/wp\/v2\/pwb-brand?post=14138"},{"taxonomy":"product_brand","embeddable":true,"href":"https:\/\/silikotek.sapartners.site\/index.php\/wp-json\/wp\/v2\/product_brand?post=14138"},{"taxonomy":"product_cat","embeddable":true,"href":"https:\/\/silikotek.sapartners.site\/index.php\/wp-json\/wp\/v2\/product_cat?post=14138"},{"taxonomy":"product_tag","embeddable":true,"href":"https:\/\/silikotek.sapartners.site\/index.php\/wp-json\/wp\/v2\/product_tag?post=14138"}],"curies":[{"name":"wp","href":"https:\/\/api.w.org\/{rel}","templated":true}]}}