{"id":14070,"date":"2016-01-20T11:20:40","date_gmt":"2016-01-20T11:20:40","guid":{"rendered":"http:\/\/192.168.100.222\/target_carts\/wordpress\/wordpress495\/wordpress\/?product=kaapelileikkuri-412-42-facom"},"modified":"2016-03-09T19:07:05","modified_gmt":"2016-03-09T19:07:05","slug":"kaapelileikkuri-412-42-facom","status":"publish","type":"product","link":"https:\/\/silikotek.sapartners.site\/index.php\/tuote\/kaapelileikkuri-412-42-facom\/","title":{"rendered":"Kaapelileikkuri 412.42 Facom"},"content":{"rendered":"<p>Kaapelileikkuri kupari ja alumiinikaapeleille. Puhdas leikkaus ei j\u00e4t\u00e4 j\u00e4ysteit\u00e4. Turvalukitussalpa. Saatavana vaihtoter\u00e4t.<\/p>\n","protected":false},"excerpt":{"rendered":"<p>Suurtehosarjan kaapelileikkuri 412.42 Facom leikkaa 42 mm s\u00e4hk\u00f6kaapelia. Kokonaispituus 810 mm. Saatavana my\u00f6s malli 412.30 leikkaa 30 mm paksua kaapelia. Molemmat koot heti toimitukseen.<\/p>\n","protected":false},"featured_media":14069,"template":"","meta":{"_et_pb_use_builder":"","_et_pb_old_content":"","_et_gb_content_width":""},"pwb-brand":[],"product_brand":[],"product_cat":[922],"product_tag":[],"class_list":{"0":"post-14070","1":"product","2":"type-product","3":"status-publish","4":"has-post-thumbnail","6":"product_cat-kaapeli-ja-vaijerileikkurit","8":"first","9":"instock","10":"taxable","11":"shipping-taxable","12":"purchasable","13":"product-type-simple"},"brands":[],"_links":{"self":[{"href":"https:\/\/silikotek.sapartners.site\/index.php\/wp-json\/wp\/v2\/product\/14070","targetHints":{"allow":["GET"]}}],"collection":[{"href":"https:\/\/silikotek.sapartners.site\/index.php\/wp-json\/wp\/v2\/product"}],"about":[{"href":"https:\/\/silikotek.sapartners.site\/index.php\/wp-json\/wp\/v2\/types\/product"}],"wp:featuredmedia":[{"embeddable":true,"href":"https:\/\/silikotek.sapartners.site\/index.php\/wp-json\/wp\/v2\/media\/14069"}],"wp:attachment":[{"href":"https:\/\/silikotek.sapartners.site\/index.php\/wp-json\/wp\/v2\/media?parent=14070"}],"wp:term":[{"taxonomy":"pwb-brand","embeddable":true,"href":"https:\/\/silikotek.sapartners.site\/index.php\/wp-json\/wp\/v2\/pwb-brand?post=14070"},{"taxonomy":"product_brand","embeddable":true,"href":"https:\/\/silikotek.sapartners.site\/index.php\/wp-json\/wp\/v2\/product_brand?post=14070"},{"taxonomy":"product_cat","embeddable":true,"href":"https:\/\/silikotek.sapartners.site\/index.php\/wp-json\/wp\/v2\/product_cat?post=14070"},{"taxonomy":"product_tag","embeddable":true,"href":"https:\/\/silikotek.sapartners.site\/index.php\/wp-json\/wp\/v2\/product_tag?post=14070"}],"curies":[{"name":"wp","href":"https:\/\/api.w.org\/{rel}","templated":true}]}}