{"id":14062,"date":"2016-01-20T09:22:21","date_gmt":"2016-01-20T09:22:21","guid":{"rendered":"http:\/\/192.168.100.222\/target_carts\/wordpress\/wordpress495\/wordpress\/?product=knipex-smartgrip-vesipumppupihdit-automaattisella-saadolla"},"modified":"2016-01-20T09:25:32","modified_gmt":"2016-01-20T09:25:32","slug":"knipex-smartgrip-vesipumppupihdit-automaattisella-saadolla","status":"publish","type":"product","link":"https:\/\/silikotek.sapartners.site\/index.php\/tuote\/knipex-smartgrip-vesipumppupihdit-automaattisella-saadolla\/","title":{"rendered":"KNIPEX SmartGrip\u00ae Vesipumppupihdit automaattisella s\u00e4\u00e4d\u00f6ll\u00e4"},"content":{"rendered":"<div id=\"fragment-1\" class=\"ui-tabs-panel ui-widget-content ui-corner-bottom\">\n<ul>\n<li class=\"Beschreibung\">ihanteellinen kun ty\u00f6kappaleiden koko vaihtuu usein<\/li>\n<li class=\"Beschreibung\">automaattinen s\u00e4\u00e4t\u00f6 yhdenk\u00e4den k\u00e4yt\u00f6ll\u00e4 oikea- ja vasenk\u00e4tisille<\/li>\n<li class=\"Beschreibung\">hoikka rakenne p\u00e4\u00e4- ja nivelalueella ja tasareunaiset nivelpultit mahdollistavat hyv\u00e4n p\u00e4\u00e4syn ty\u00f6kappaleeseen<\/li>\n<li class=\"Beschreibung\">itsekiinnittyv\u00e4 putkiin ja muttereihin: ei luista ty\u00f6kappaleella, voimia s\u00e4\u00e4st\u00e4v\u00e4 ty\u00f6skentely<\/li>\n<li class=\"Beschreibung\">tartuntapintojen hampaat erikoiskaraistu (kovuus n. 61 HRC), mik\u00e4 lis\u00e4\u00e4 niiden kulutuksenkestoa ja parantaa<\/li>\n<li class=\"Beschreibung\">l\u00e4pipistetty nivel: korkea stabiliius kaksinkertaisella ohjauksella<\/li>\n<li class=\"Beschreibung\">puristussuoja est\u00e4\u00e4 puristumisloukkaantumiset<\/li>\n<li class=\"Beschreibung\">Sulkuvipu mahdollistaa tilaas\u00e4\u00e4st\u00e4v\u00e4n kuljetuksen varmasti suljetuilla kahvoilla<\/li>\n<li class=\"kpx_material\">kromivanadiinis\u00e4hk\u00f6ter\u00e4s, taottu, \u00f6ljykarkaistu.<\/li>\n<\/ul>\n<\/div>\n","protected":false},"excerpt":{"rendered":"<p><strong class=\"Beztitel\">KNIPEX SmartGrip<sup>\u00ae<\/sup><\/strong> <strong class=\"Bezzus1\">Vesipumppupihdit 250 mm automaattisella s\u00e4\u00e4d\u00f6ll\u00e4<\/strong><\/p>\n","protected":false},"featured_media":14061,"template":"","meta":{"_et_pb_use_builder":"","_et_pb_old_content":"","_et_gb_content_width":""},"pwb-brand":[],"product_brand":[],"product_cat":[857],"product_tag":[],"class_list":{"0":"post-14062","1":"product","2":"type-product","3":"status-publish","4":"has-post-thumbnail","6":"product_cat-siirtoleukapihdit","8":"first","9":"instock","10":"taxable","11":"shipping-taxable","12":"purchasable","13":"product-type-simple"},"brands":[],"_links":{"self":[{"href":"https:\/\/silikotek.sapartners.site\/index.php\/wp-json\/wp\/v2\/product\/14062","targetHints":{"allow":["GET"]}}],"collection":[{"href":"https:\/\/silikotek.sapartners.site\/index.php\/wp-json\/wp\/v2\/product"}],"about":[{"href":"https:\/\/silikotek.sapartners.site\/index.php\/wp-json\/wp\/v2\/types\/product"}],"wp:featuredmedia":[{"embeddable":true,"href":"https:\/\/silikotek.sapartners.site\/index.php\/wp-json\/wp\/v2\/media\/14061"}],"wp:attachment":[{"href":"https:\/\/silikotek.sapartners.site\/index.php\/wp-json\/wp\/v2\/media?parent=14062"}],"wp:term":[{"taxonomy":"pwb-brand","embeddable":true,"href":"https:\/\/silikotek.sapartners.site\/index.php\/wp-json\/wp\/v2\/pwb-brand?post=14062"},{"taxonomy":"product_brand","embeddable":true,"href":"https:\/\/silikotek.sapartners.site\/index.php\/wp-json\/wp\/v2\/product_brand?post=14062"},{"taxonomy":"product_cat","embeddable":true,"href":"https:\/\/silikotek.sapartners.site\/index.php\/wp-json\/wp\/v2\/product_cat?post=14062"},{"taxonomy":"product_tag","embeddable":true,"href":"https:\/\/silikotek.sapartners.site\/index.php\/wp-json\/wp\/v2\/product_tag?post=14062"}],"curies":[{"name":"wp","href":"https:\/\/api.w.org\/{rel}","templated":true}]}}