{"id":14034,"date":"2016-01-19T14:03:40","date_gmt":"2016-01-19T14:03:40","guid":{"rendered":"http:\/\/192.168.100.222\/target_carts\/wordpress\/wordpress495\/wordpress\/?product=xzn-pitkat-bits-hylsyt-1-2-kiskossa-918-1358-kstools"},"modified":"2019-09-10T13:11:06","modified_gmt":"2019-09-10T10:11:06","slug":"xzn-pitkat-bits-hylsyt-1-2-kiskossa-918-1358-kstools","status":"publish","type":"product","link":"https:\/\/silikotek.sapartners.site\/index.php\/tuote\/xzn-pitkat-bits-hylsyt-1-2-kiskossa-918-1358-kstools\/","title":{"rendered":"Kstools XZN pitk\u00e4t bits hylsyt 1\/2&#8243; kiskossa 918.1358"},"content":{"rendered":"<p>Sis\u00e4lt\u00e4\u00e4:<br \/>\n918.1691 1\/2&#8243; CHROMEplus XZN pitk\u00e4 bits hylsy, M5<br \/>\n918.1692 1\/2&#8243; CHROMEplus XZN pitk\u00e4 bits hylsy, M6<br \/>\n918.1693 1\/2&#8243; CHROMEplus XZN pitk\u00e4 bits hylsy, M8<br \/>\n918.1695 1\/2&#8243; CHROMEplus XZN pitk\u00e4 bits hylsy, M12<br \/>\n918.1696 1\/2&#8243; CHROMEplus XZN pitk\u00e4 bits hylsy, M14<br \/>\n918.1697 1\/2&#8243; CHROMEplus XZN pitk\u00e4 bits hylsy, M16<\/p>\n","protected":false},"excerpt":{"rendered":"<p>XZN pitk\u00e4t bits hylsyt 1\/2&#8243; 918.1358 Kstools<\/p>\n","protected":false},"featured_media":20799,"template":"","meta":{"_et_pb_use_builder":"","_et_pb_old_content":"","_et_gb_content_width":""},"pwb-brand":[1454],"product_brand":[],"product_cat":[793],"product_tag":[],"class_list":{"0":"post-14034","1":"product","2":"type-product","3":"status-publish","4":"has-post-thumbnail","6":"pwb-brand-kstools","7":"product_cat-kuusiokolohylsyt-torx-hylsyt-xzn-hylsyt-reika-torx-hylsyt-ribe-hylsyt","9":"first","10":"instock","11":"taxable","12":"shipping-taxable","13":"purchasable","14":"product-type-simple"},"brands":[{"id":1454,"name":"Kstools","slug":"kstools"}],"_links":{"self":[{"href":"https:\/\/silikotek.sapartners.site\/index.php\/wp-json\/wp\/v2\/product\/14034","targetHints":{"allow":["GET"]}}],"collection":[{"href":"https:\/\/silikotek.sapartners.site\/index.php\/wp-json\/wp\/v2\/product"}],"about":[{"href":"https:\/\/silikotek.sapartners.site\/index.php\/wp-json\/wp\/v2\/types\/product"}],"wp:featuredmedia":[{"embeddable":true,"href":"https:\/\/silikotek.sapartners.site\/index.php\/wp-json\/wp\/v2\/media\/20799"}],"wp:attachment":[{"href":"https:\/\/silikotek.sapartners.site\/index.php\/wp-json\/wp\/v2\/media?parent=14034"}],"wp:term":[{"taxonomy":"pwb-brand","embeddable":true,"href":"https:\/\/silikotek.sapartners.site\/index.php\/wp-json\/wp\/v2\/pwb-brand?post=14034"},{"taxonomy":"product_brand","embeddable":true,"href":"https:\/\/silikotek.sapartners.site\/index.php\/wp-json\/wp\/v2\/product_brand?post=14034"},{"taxonomy":"product_cat","embeddable":true,"href":"https:\/\/silikotek.sapartners.site\/index.php\/wp-json\/wp\/v2\/product_cat?post=14034"},{"taxonomy":"product_tag","embeddable":true,"href":"https:\/\/silikotek.sapartners.site\/index.php\/wp-json\/wp\/v2\/product_tag?post=14034"}],"curies":[{"name":"wp","href":"https:\/\/api.w.org\/{rel}","templated":true}]}}