{"id":14008,"date":"2016-01-12T16:26:23","date_gmt":"2016-01-12T14:26:23","guid":{"rendered":"http:\/\/192.168.100.222\/target_carts\/wordpress\/wordpress495\/wordpress\/?product=ristipaaruuvimeisseli-pozidriv-facom-enduro"},"modified":"2018-07-04T13:05:53","modified_gmt":"2018-07-04T10:05:53","slug":"ristipaaruuvimeisseli-pozidriv-facom-enduro","status":"publish","type":"product","link":"https:\/\/silikotek.sapartners.site\/index.php\/tuote\/ristipaaruuvimeisseli-pozidriv-facom-enduro\/","title":{"rendered":"Ristip\u00e4\u00e4ruuvimeisseli Pozidriv Facom Enduro"},"content":{"rendered":"","protected":false},"excerpt":{"rendered":"<p>Ristip\u00e4\u00e4ruuvimeisseli Pozidriv\u00a0ACZDH Facom Enduro on \u00e4\u00e4rimm\u00e4isen raskaaseen v\u00e4\u00e4nt\u00e4miseen kehitettty ristip\u00e4\u00e4ruuvimeisseli. Facom Endurossa on kuusikulmainen ter\u00e4 ja viel\u00e4 kiintovaimelle tai r\u00e4ikk\u00e4lenkille kuusikulmav\u00e4\u00e4nt\u00f6paikka v\u00e4\u00e4nt\u00f6voimaa lis\u00e4\u00e4m\u00e4\u00e4n.Karkaistut ter\u00e4t, tummennetuilla k\u00e4rjilla.<\/p>\n","protected":false},"featured_media":14007,"template":"","meta":{"_et_pb_use_builder":"","_et_pb_old_content":"","_et_gb_content_width":""},"pwb-brand":[1455],"product_brand":[],"product_cat":[768],"product_tag":[],"class_list":{"0":"post-14008","1":"product","2":"type-product","3":"status-publish","4":"has-post-thumbnail","6":"pwb-brand-facom","7":"product_cat-ruuvimeisselit","8":"pa_ruuvimeisselit-pz1x75","9":"pa_ruuvimeisselit-pz2x100","10":"pa_ruuvimeisselit-pz3x150","11":"pa_ruuvimeisselit-pz4x200","13":"first","14":"instock","15":"taxable","16":"shipping-taxable","17":"purchasable","18":"product-type-variable"},"brands":[{"id":1455,"name":"Facom","slug":"facom"}],"_links":{"self":[{"href":"https:\/\/silikotek.sapartners.site\/index.php\/wp-json\/wp\/v2\/product\/14008","targetHints":{"allow":["GET"]}}],"collection":[{"href":"https:\/\/silikotek.sapartners.site\/index.php\/wp-json\/wp\/v2\/product"}],"about":[{"href":"https:\/\/silikotek.sapartners.site\/index.php\/wp-json\/wp\/v2\/types\/product"}],"wp:featuredmedia":[{"embeddable":true,"href":"https:\/\/silikotek.sapartners.site\/index.php\/wp-json\/wp\/v2\/media\/14007"}],"wp:attachment":[{"href":"https:\/\/silikotek.sapartners.site\/index.php\/wp-json\/wp\/v2\/media?parent=14008"}],"wp:term":[{"taxonomy":"pwb-brand","embeddable":true,"href":"https:\/\/silikotek.sapartners.site\/index.php\/wp-json\/wp\/v2\/pwb-brand?post=14008"},{"taxonomy":"product_brand","embeddable":true,"href":"https:\/\/silikotek.sapartners.site\/index.php\/wp-json\/wp\/v2\/product_brand?post=14008"},{"taxonomy":"product_cat","embeddable":true,"href":"https:\/\/silikotek.sapartners.site\/index.php\/wp-json\/wp\/v2\/product_cat?post=14008"},{"taxonomy":"product_tag","embeddable":true,"href":"https:\/\/silikotek.sapartners.site\/index.php\/wp-json\/wp\/v2\/product_tag?post=14008"}],"curies":[{"name":"wp","href":"https:\/\/api.w.org\/{rel}","templated":true}]}}