{"id":13979,"date":"2016-01-11T10:53:34","date_gmt":"2016-01-11T08:53:34","guid":{"rendered":"http:\/\/192.168.100.222\/target_carts\/wordpress\/wordpress495\/wordpress\/?product=ruuvimeisseli-ergotwist-az-facom"},"modified":"2018-07-04T13:08:34","modified_gmt":"2018-07-04T10:08:34","slug":"ruuvimeisseli-ergotwist-az-facom","status":"publish","type":"product","link":"https:\/\/silikotek.sapartners.site\/index.php\/tuote\/ruuvimeisseli-ergotwist-az-facom\/","title":{"rendered":"Ruuvimeisseli Ergotwist AZ Facom"},"content":{"rendered":"","protected":false},"excerpt":{"rendered":"<p>Erikoispitk\u00e4t ruuvimeisselit Ergotwist AZ Facom. N\u00e4ill\u00e4 ulottuu vaikeap\u00e4\u00e4syisiin kohteisiin. Kromattu josta k\u00e4rki hiekkapuhallettu.<br \/>AZ.3,5&#215;250, AZ4x2,5 ja AZ 4&#215;400<\/p>\n","protected":false},"featured_media":13978,"template":"","meta":{"_et_pb_use_builder":"","_et_pb_old_content":"","_et_gb_content_width":""},"pwb-brand":[1455],"product_brand":[],"product_cat":[768],"product_tag":[],"class_list":{"0":"post-13979","1":"product","2":"type-product","3":"status-publish","4":"has-post-thumbnail","6":"pwb-brand-facom","7":"product_cat-ruuvimeisselit","8":"pa_ruuvimeisselit-35x250","9":"pa_ruuvimeisselit-40x250","10":"pa_ruuvimeisselit-40x400","11":"pa_ruuvimeisselit-65x250","12":"pa_ruuvimeisselit-80x200","14":"first","15":"instock","16":"taxable","17":"shipping-taxable","18":"purchasable","19":"product-type-variable"},"brands":[{"id":1455,"name":"Facom","slug":"facom"}],"_links":{"self":[{"href":"https:\/\/silikotek.sapartners.site\/index.php\/wp-json\/wp\/v2\/product\/13979","targetHints":{"allow":["GET"]}}],"collection":[{"href":"https:\/\/silikotek.sapartners.site\/index.php\/wp-json\/wp\/v2\/product"}],"about":[{"href":"https:\/\/silikotek.sapartners.site\/index.php\/wp-json\/wp\/v2\/types\/product"}],"wp:featuredmedia":[{"embeddable":true,"href":"https:\/\/silikotek.sapartners.site\/index.php\/wp-json\/wp\/v2\/media\/13978"}],"wp:attachment":[{"href":"https:\/\/silikotek.sapartners.site\/index.php\/wp-json\/wp\/v2\/media?parent=13979"}],"wp:term":[{"taxonomy":"pwb-brand","embeddable":true,"href":"https:\/\/silikotek.sapartners.site\/index.php\/wp-json\/wp\/v2\/pwb-brand?post=13979"},{"taxonomy":"product_brand","embeddable":true,"href":"https:\/\/silikotek.sapartners.site\/index.php\/wp-json\/wp\/v2\/product_brand?post=13979"},{"taxonomy":"product_cat","embeddable":true,"href":"https:\/\/silikotek.sapartners.site\/index.php\/wp-json\/wp\/v2\/product_cat?post=13979"},{"taxonomy":"product_tag","embeddable":true,"href":"https:\/\/silikotek.sapartners.site\/index.php\/wp-json\/wp\/v2\/product_tag?post=13979"}],"curies":[{"name":"wp","href":"https:\/\/api.w.org\/{rel}","templated":true}]}}