{"id":13940,"date":"2015-12-31T10:35:17","date_gmt":"2015-12-31T10:35:17","guid":{"rendered":"http:\/\/192.168.100.222\/target_carts\/wordpress\/wordpress495\/wordpress\/?product=momenttiavain-28-210-nm-1-2-bgs-98"},"modified":"2015-12-31T10:39:42","modified_gmt":"2015-12-31T10:39:42","slug":"momenttiavain-28-210-nm-1-2-bgs-98","status":"publish","type":"product","link":"https:\/\/silikotek.sapartners.site\/index.php\/tuote\/momenttiavain-28-210-nm-1-2-bgs-98\/","title":{"rendered":"Momenttiavain 28-210 Nm 1\/2&#8243; BGS-98"},"content":{"rendered":"","protected":false},"excerpt":{"rendered":"<p>Momenttiavain 28-210 Nm 1\/2&#8243; BGS-98. R\u00e4ikk\u00e4mekanismi joka vapautuu kun momentti saavutetaan &#8221;click&#8221; \u00e4\u00e4ni kuuluu. Tarkka momentin asetus joka lukittavissa haluttuun momenttiin. Mukana hylsyadapteri 3\/8\u201c ja jatko 125 mm<\/p>\n","protected":false},"featured_media":13939,"template":"","meta":{"_et_pb_use_builder":"","_et_pb_old_content":"","_et_gb_content_width":""},"pwb-brand":[],"product_brand":[],"product_cat":[784],"product_tag":[],"class_list":{"0":"post-13940","1":"product","2":"type-product","3":"status-publish","4":"has-post-thumbnail","6":"product_cat-momenttiavaimet","8":"first","9":"instock","10":"taxable","11":"shipping-taxable","12":"purchasable","13":"product-type-simple"},"brands":[],"_links":{"self":[{"href":"https:\/\/silikotek.sapartners.site\/index.php\/wp-json\/wp\/v2\/product\/13940","targetHints":{"allow":["GET"]}}],"collection":[{"href":"https:\/\/silikotek.sapartners.site\/index.php\/wp-json\/wp\/v2\/product"}],"about":[{"href":"https:\/\/silikotek.sapartners.site\/index.php\/wp-json\/wp\/v2\/types\/product"}],"wp:featuredmedia":[{"embeddable":true,"href":"https:\/\/silikotek.sapartners.site\/index.php\/wp-json\/wp\/v2\/media\/13939"}],"wp:attachment":[{"href":"https:\/\/silikotek.sapartners.site\/index.php\/wp-json\/wp\/v2\/media?parent=13940"}],"wp:term":[{"taxonomy":"pwb-brand","embeddable":true,"href":"https:\/\/silikotek.sapartners.site\/index.php\/wp-json\/wp\/v2\/pwb-brand?post=13940"},{"taxonomy":"product_brand","embeddable":true,"href":"https:\/\/silikotek.sapartners.site\/index.php\/wp-json\/wp\/v2\/product_brand?post=13940"},{"taxonomy":"product_cat","embeddable":true,"href":"https:\/\/silikotek.sapartners.site\/index.php\/wp-json\/wp\/v2\/product_cat?post=13940"},{"taxonomy":"product_tag","embeddable":true,"href":"https:\/\/silikotek.sapartners.site\/index.php\/wp-json\/wp\/v2\/product_tag?post=13940"}],"curies":[{"name":"wp","href":"https:\/\/api.w.org\/{rel}","templated":true}]}}