{"id":13896,"date":"2015-12-23T11:48:22","date_gmt":"2015-12-23T11:48:22","guid":{"rendered":"http:\/\/192.168.100.222\/target_carts\/wordpress\/wordpress495\/wordpress\/?product=momenttiavain-1-2-40-20-danm-s-203da-facom"},"modified":"2015-12-23T11:49:28","modified_gmt":"2015-12-23T11:49:28","slug":"momenttiavain-1-2-40-20-danm-s-203da-facom","status":"publish","type":"product","link":"https:\/\/silikotek.sapartners.site\/index.php\/tuote\/momenttiavain-1-2-40-20-danm-s-203da-facom\/","title":{"rendered":"Momenttiavain 1\/2&#8243; 4,0-20 daNm S.203DA Facom"},"content":{"rendered":"","protected":false},"excerpt":{"rendered":"<p>K\u00e4sin ladattava momenttiavain 1\/2&#8243; 4,0-20 daNm S.203DA Facom. Kun s\u00e4\u00e4detty momentti on saavutettu laukaisumekanismi antaa 3 signaalia: n\u00e4k\u00f6havainto, \u00e4\u00e4nimerkki ja laitteen v\u00e4r\u00e4hdys k\u00e4dess\u00e4. selke\u00e4sti n\u00e4kyv\u00e4 mitta-asteikko helpottaa v\u00e4\u00e4nt\u00f6momentin s\u00e4\u00e4t\u00f6\u00e4.<\/p>\n","protected":false},"featured_media":13895,"template":"","meta":{"_et_pb_use_builder":"","_et_pb_old_content":"","_et_gb_content_width":""},"pwb-brand":[],"product_brand":[],"product_cat":[784],"product_tag":[],"class_list":{"0":"post-13896","1":"product","2":"type-product","3":"status-publish","4":"has-post-thumbnail","6":"product_cat-momenttiavaimet","8":"first","9":"instock","10":"taxable","11":"shipping-taxable","12":"purchasable","13":"product-type-simple"},"brands":[],"_links":{"self":[{"href":"https:\/\/silikotek.sapartners.site\/index.php\/wp-json\/wp\/v2\/product\/13896","targetHints":{"allow":["GET"]}}],"collection":[{"href":"https:\/\/silikotek.sapartners.site\/index.php\/wp-json\/wp\/v2\/product"}],"about":[{"href":"https:\/\/silikotek.sapartners.site\/index.php\/wp-json\/wp\/v2\/types\/product"}],"wp:featuredmedia":[{"embeddable":true,"href":"https:\/\/silikotek.sapartners.site\/index.php\/wp-json\/wp\/v2\/media\/13895"}],"wp:attachment":[{"href":"https:\/\/silikotek.sapartners.site\/index.php\/wp-json\/wp\/v2\/media?parent=13896"}],"wp:term":[{"taxonomy":"pwb-brand","embeddable":true,"href":"https:\/\/silikotek.sapartners.site\/index.php\/wp-json\/wp\/v2\/pwb-brand?post=13896"},{"taxonomy":"product_brand","embeddable":true,"href":"https:\/\/silikotek.sapartners.site\/index.php\/wp-json\/wp\/v2\/product_brand?post=13896"},{"taxonomy":"product_cat","embeddable":true,"href":"https:\/\/silikotek.sapartners.site\/index.php\/wp-json\/wp\/v2\/product_cat?post=13896"},{"taxonomy":"product_tag","embeddable":true,"href":"https:\/\/silikotek.sapartners.site\/index.php\/wp-json\/wp\/v2\/product_tag?post=13896"}],"curies":[{"name":"wp","href":"https:\/\/api.w.org\/{rel}","templated":true}]}}