{"id":13808,"date":"2015-12-07T11:24:44","date_gmt":"2015-12-07T11:24:44","guid":{"rendered":"http:\/\/192.168.100.222\/target_carts\/wordpress\/wordpress495\/wordpress\/?product=kumimatto-120x61-mm-luistamaton-bgs-65701"},"modified":"2021-02-09T12:01:21","modified_gmt":"2021-02-09T10:01:21","slug":"kumimatto-120x61-mm-luistamaton-bgs-65701","status":"publish","type":"product","link":"https:\/\/silikotek.sapartners.site\/index.php\/tuote\/kumimatto-120x61-mm-luistamaton-bgs-65701\/","title":{"rendered":"BGS Kumimatto 120&#215;61 mm luistamaton liukuestematto 65701"},"content":{"rendered":"","protected":false},"excerpt":{"rendered":"<p id=\"tw-target-text\" class=\"tw-data-text vk_txt tw-ta tw-text-small\" dir=\"ltr\" style=\"text-align: left; height: 216px;\" data-placeholder=\"K\u00e4\u00e4nn\u00f6s\"><span lang=\"fi\">Koko : 122 x 61 cm &#8211; Mit\u00e4 erilaisimpiin tarkoituksiin &#8211; H\u00e4mm\u00e4stytt\u00e4v\u00e4 anti slip toiminto &#8211; tavarat pysyv\u00e4t paikoillaan &#8211;<br \/>\nKumimatto voidaan leikata sopivan kokoiseksi &#8211; Repeytym\u00e4t\u00f6n, iskunkest\u00e4v\u00e4 ja helppo puhdistaa.<\/span><\/p>\n<p>&nbsp;<\/p>\n","protected":false},"featured_media":24610,"template":"","meta":{"_et_pb_use_builder":"","_et_pb_old_content":"","_et_gb_content_width":""},"pwb-brand":[1451],"product_brand":[],"product_cat":[313],"product_tag":[],"class_list":{"0":"post-13808","1":"product","2":"type-product","3":"status-publish","4":"has-post-thumbnail","6":"pwb-brand-bgs","7":"product_cat-tyokaluvaunut","9":"first","10":"instock","11":"taxable","12":"shipping-taxable","13":"purchasable","14":"product-type-simple"},"brands":[{"id":1451,"name":"BGS","slug":"bgs"}],"_links":{"self":[{"href":"https:\/\/silikotek.sapartners.site\/index.php\/wp-json\/wp\/v2\/product\/13808","targetHints":{"allow":["GET"]}}],"collection":[{"href":"https:\/\/silikotek.sapartners.site\/index.php\/wp-json\/wp\/v2\/product"}],"about":[{"href":"https:\/\/silikotek.sapartners.site\/index.php\/wp-json\/wp\/v2\/types\/product"}],"wp:featuredmedia":[{"embeddable":true,"href":"https:\/\/silikotek.sapartners.site\/index.php\/wp-json\/wp\/v2\/media\/24610"}],"wp:attachment":[{"href":"https:\/\/silikotek.sapartners.site\/index.php\/wp-json\/wp\/v2\/media?parent=13808"}],"wp:term":[{"taxonomy":"pwb-brand","embeddable":true,"href":"https:\/\/silikotek.sapartners.site\/index.php\/wp-json\/wp\/v2\/pwb-brand?post=13808"},{"taxonomy":"product_brand","embeddable":true,"href":"https:\/\/silikotek.sapartners.site\/index.php\/wp-json\/wp\/v2\/product_brand?post=13808"},{"taxonomy":"product_cat","embeddable":true,"href":"https:\/\/silikotek.sapartners.site\/index.php\/wp-json\/wp\/v2\/product_cat?post=13808"},{"taxonomy":"product_tag","embeddable":true,"href":"https:\/\/silikotek.sapartners.site\/index.php\/wp-json\/wp\/v2\/product_tag?post=13808"}],"curies":[{"name":"wp","href":"https:\/\/api.w.org\/{rel}","templated":true}]}}