{"id":13776,"date":"2015-12-04T09:10:31","date_gmt":"2015-12-04T09:10:31","guid":{"rendered":"http:\/\/192.168.100.222\/target_carts\/wordpress\/wordpress495\/wordpress\/?product=kiintolenkkisarja-facom-34-jl16t-16-os"},"modified":"2019-10-24T11:12:24","modified_gmt":"2019-10-24T08:12:24","slug":"kiintolenkkisarja-facom-34-jl16t-16-os","status":"publish","type":"product","link":"https:\/\/silikotek.sapartners.site\/index.php\/tuote\/kiintolenkkisarja-facom-34-jl16t-16-os\/","title":{"rendered":"Facom Kiintolenkkisarja 34.JL16T, 16-osaa"},"content":{"rendered":"<p>Sis\u00e4lt\u00e4\u00e4 koot: 3,2 &#8211; 4 &#8211; 5 &#8211; 5,5 &#8211; 6 &#8211; 7 &#8211; 8 &#8211; 9 &#8211; 10 &#8211; 11 &#8211; 12 &#8211; 13 &#8211; 14 &#8211; 15 &#8211; 16 &#8211; 17 mm<br \/>\nStandard: NF ISO 3318, NF ISO 691, ISO 3318, ISO 691, DIN ISO 691,<\/p>\n","protected":false},"excerpt":{"rendered":"<p>Erikoismuotoillut kiintolenkit sarjassa Facom 34.JL16T, 16-os, varastotuote heti toimitukseen.<\/p>\n","protected":false},"featured_media":21154,"template":"","meta":{"_et_pb_use_builder":"","_et_pb_old_content":"","_et_gb_content_width":""},"pwb-brand":[1455],"product_brand":[],"product_cat":[498],"product_tag":[],"class_list":{"0":"post-13776","1":"product","2":"type-product","3":"status-publish","4":"has-post-thumbnail","6":"pwb-brand-facom","7":"product_cat-kiintoavaimet","9":"first","10":"instock","11":"sale","12":"taxable","13":"shipping-taxable","14":"purchasable","15":"product-type-simple"},"brands":[{"id":1455,"name":"Facom","slug":"facom"}],"_links":{"self":[{"href":"https:\/\/silikotek.sapartners.site\/index.php\/wp-json\/wp\/v2\/product\/13776","targetHints":{"allow":["GET"]}}],"collection":[{"href":"https:\/\/silikotek.sapartners.site\/index.php\/wp-json\/wp\/v2\/product"}],"about":[{"href":"https:\/\/silikotek.sapartners.site\/index.php\/wp-json\/wp\/v2\/types\/product"}],"wp:featuredmedia":[{"embeddable":true,"href":"https:\/\/silikotek.sapartners.site\/index.php\/wp-json\/wp\/v2\/media\/21154"}],"wp:attachment":[{"href":"https:\/\/silikotek.sapartners.site\/index.php\/wp-json\/wp\/v2\/media?parent=13776"}],"wp:term":[{"taxonomy":"pwb-brand","embeddable":true,"href":"https:\/\/silikotek.sapartners.site\/index.php\/wp-json\/wp\/v2\/pwb-brand?post=13776"},{"taxonomy":"product_brand","embeddable":true,"href":"https:\/\/silikotek.sapartners.site\/index.php\/wp-json\/wp\/v2\/product_brand?post=13776"},{"taxonomy":"product_cat","embeddable":true,"href":"https:\/\/silikotek.sapartners.site\/index.php\/wp-json\/wp\/v2\/product_cat?post=13776"},{"taxonomy":"product_tag","embeddable":true,"href":"https:\/\/silikotek.sapartners.site\/index.php\/wp-json\/wp\/v2\/product_tag?post=13776"}],"curies":[{"name":"wp","href":"https:\/\/api.w.org\/{rel}","templated":true}]}}