{"id":13756,"date":"2015-12-01T19:12:17","date_gmt":"2015-12-01T19:12:17","guid":{"rendered":"http:\/\/192.168.100.222\/target_carts\/wordpress\/wordpress495\/wordpress\/?product=tyokaluvaunu-bgs-4105"},"modified":"2019-09-11T14:47:47","modified_gmt":"2019-09-11T11:47:47","slug":"tyokaluvaunu-bgs-4105","status":"publish","type":"product","link":"https:\/\/silikotek.sapartners.site\/index.php\/tuote\/tyokaluvaunu-bgs-4105\/","title":{"rendered":"BGS Ty\u00f6kaluvaunu 4105"},"content":{"rendered":"<p>Rahtituote: Tuote l\u00e4hetet\u00e4\u00e4n rahtina, toimitusmaksu 50 \u20ac.<\/p>\n","protected":false},"excerpt":{"rendered":"<p>Ty\u00f6kaluvaunu BGS-4105 iso s\u00e4ilytystila kahden avattava kannen alla kumimatolla p\u00e4\u00e4lystetty. S\u00e4ilytystilan koko 700 x 360 x 170 m. Kaksi vetolaatikkoa (565 x 320 x 55 mm) reik\u00e4levy ruuvimeisseleille. Tila spraypulloille. Iso s\u00e4ilytystila alaosassa (pohjalevy) pidin paperirullalle 275 mm. Ulkomitat 875 x 370 x 840 mm<\/p>\n","protected":false},"featured_media":20275,"template":"","meta":{"_et_pb_use_builder":"","_et_pb_old_content":"","_et_gb_content_width":""},"pwb-brand":[1451],"product_brand":[],"product_cat":[313],"product_tag":[],"class_list":{"0":"post-13756","1":"product","2":"type-product","3":"status-publish","4":"has-post-thumbnail","6":"pwb-brand-bgs","7":"product_cat-tyokaluvaunut","8":"product_shipping_class-rahtitoimitus","10":"first","11":"instock","12":"taxable","13":"shipping-taxable","14":"purchasable","15":"product-type-simple"},"brands":[{"id":1451,"name":"BGS","slug":"bgs"}],"_links":{"self":[{"href":"https:\/\/silikotek.sapartners.site\/index.php\/wp-json\/wp\/v2\/product\/13756","targetHints":{"allow":["GET"]}}],"collection":[{"href":"https:\/\/silikotek.sapartners.site\/index.php\/wp-json\/wp\/v2\/product"}],"about":[{"href":"https:\/\/silikotek.sapartners.site\/index.php\/wp-json\/wp\/v2\/types\/product"}],"wp:featuredmedia":[{"embeddable":true,"href":"https:\/\/silikotek.sapartners.site\/index.php\/wp-json\/wp\/v2\/media\/20275"}],"wp:attachment":[{"href":"https:\/\/silikotek.sapartners.site\/index.php\/wp-json\/wp\/v2\/media?parent=13756"}],"wp:term":[{"taxonomy":"pwb-brand","embeddable":true,"href":"https:\/\/silikotek.sapartners.site\/index.php\/wp-json\/wp\/v2\/pwb-brand?post=13756"},{"taxonomy":"product_brand","embeddable":true,"href":"https:\/\/silikotek.sapartners.site\/index.php\/wp-json\/wp\/v2\/product_brand?post=13756"},{"taxonomy":"product_cat","embeddable":true,"href":"https:\/\/silikotek.sapartners.site\/index.php\/wp-json\/wp\/v2\/product_cat?post=13756"},{"taxonomy":"product_tag","embeddable":true,"href":"https:\/\/silikotek.sapartners.site\/index.php\/wp-json\/wp\/v2\/product_tag?post=13756"}],"curies":[{"name":"wp","href":"https:\/\/api.w.org\/{rel}","templated":true}]}}