{"id":13664,"date":"2015-11-18T12:28:59","date_gmt":"2015-11-18T10:28:59","guid":{"rendered":"http:\/\/192.168.100.222\/target_carts\/wordpress\/wordpress495\/wordpress\/?product=lukkorengaspihdit-ulkopuolisille-lukkorenkaille-kstools"},"modified":"2018-07-04T13:16:04","modified_gmt":"2018-07-04T10:16:04","slug":"lukkorengaspihdit-ulkopuolisille-lukkorenkaille-kstools","status":"publish","type":"product","link":"https:\/\/silikotek.sapartners.site\/index.php\/tuote\/lukkorengaspihdit-ulkopuolisille-lukkorenkaille-kstools\/","title":{"rendered":"Lukkorengaspihdit ulkopuolisille lukkorenkaille Kstools"},"content":{"rendered":"","protected":false},"excerpt":{"rendered":"<p>Lukkorengaspihdit ulkopuolisille lukkorenkaille Kstools. Hyv\u00e4t kest\u00e4v\u00e4t lukkorengaspihdit ammattik\u00e4ytt\u00f6\u00f6n.<br \/>Lukkorengaspihdit ulkopuolisille lukkorenkaille 500.1028 Kstools 10-25 mm<br \/>Lukkorengaspihdit ulkopuolisille lukkorenkaille 500.1029 Kstools 19-60 mm<br \/>Lukkorengaspihdit ulkopuolisille lukkorenkaille 500.1030 Kstools 40-100 mm<\/p>\n","protected":false},"featured_media":13663,"template":"","meta":{"_et_pb_use_builder":"","_et_pb_old_content":"","_et_gb_content_width":""},"pwb-brand":[1454],"product_brand":[],"product_cat":[864],"product_tag":[],"class_list":{"0":"post-13664","1":"product","2":"type-product","3":"status-publish","4":"has-post-thumbnail","6":"pwb-brand-kstools","7":"product_cat-ulkopuoliset-lukkorengaspihdit","8":"pa_lukkorengaspihdit-koot-10-25-mm","9":"pa_lukkorengaspihdit-koot-19-60-mm","10":"pa_lukkorengaspihdit-koot-40-100-mm","12":"first","13":"instock","14":"taxable","15":"shipping-taxable","16":"purchasable","17":"product-type-variable"},"brands":[{"id":1454,"name":"Kstools","slug":"kstools"}],"_links":{"self":[{"href":"https:\/\/silikotek.sapartners.site\/index.php\/wp-json\/wp\/v2\/product\/13664","targetHints":{"allow":["GET"]}}],"collection":[{"href":"https:\/\/silikotek.sapartners.site\/index.php\/wp-json\/wp\/v2\/product"}],"about":[{"href":"https:\/\/silikotek.sapartners.site\/index.php\/wp-json\/wp\/v2\/types\/product"}],"wp:featuredmedia":[{"embeddable":true,"href":"https:\/\/silikotek.sapartners.site\/index.php\/wp-json\/wp\/v2\/media\/13663"}],"wp:attachment":[{"href":"https:\/\/silikotek.sapartners.site\/index.php\/wp-json\/wp\/v2\/media?parent=13664"}],"wp:term":[{"taxonomy":"pwb-brand","embeddable":true,"href":"https:\/\/silikotek.sapartners.site\/index.php\/wp-json\/wp\/v2\/pwb-brand?post=13664"},{"taxonomy":"product_brand","embeddable":true,"href":"https:\/\/silikotek.sapartners.site\/index.php\/wp-json\/wp\/v2\/product_brand?post=13664"},{"taxonomy":"product_cat","embeddable":true,"href":"https:\/\/silikotek.sapartners.site\/index.php\/wp-json\/wp\/v2\/product_cat?post=13664"},{"taxonomy":"product_tag","embeddable":true,"href":"https:\/\/silikotek.sapartners.site\/index.php\/wp-json\/wp\/v2\/product_tag?post=13664"}],"curies":[{"name":"wp","href":"https:\/\/api.w.org\/{rel}","templated":true}]}}