{"id":13654,"date":"2015-11-18T12:02:24","date_gmt":"2015-11-18T10:02:24","guid":{"rendered":"http:\/\/192.168.100.222\/target_carts\/wordpress\/wordpress495\/wordpress\/?product=lukkorengaspihdit-sisapuolisille-lukkorenkaille-taivutetut-kstools"},"modified":"2018-07-04T13:16:50","modified_gmt":"2018-07-04T10:16:50","slug":"lukkorengaspihdit-sisapuolisille-lukkorenkaille-taivutetut-kstools","status":"publish","type":"product","link":"https:\/\/silikotek.sapartners.site\/index.php\/tuote\/lukkorengaspihdit-sisapuolisille-lukkorenkaille-taivutetut-kstools\/","title":{"rendered":"Lukkorengaspihdit sis\u00e4puolisille lukkorenkaille taivutetut Kstools"},"content":{"rendered":"<ul>\n<li class=\"liste\">Standardi 5256<\/li>\n<li class=\"liste\">Taotut ter\u00e4t<\/li>\n<li class=\"liste\">Itse avautuvat<\/li>\n<li class=\"liste\">PVC pinnoitetut kahvat<\/li>\n<li class=\"liste\">Chrome vanadium<\/li>\n<li class=\"liste\">Taivutettu malli<\/li>\n<\/ul>\n","protected":false},"excerpt":{"rendered":"<p>Lukkorengaspihdit sis\u00e4puolisille lukkorenkaille Kstools. Hyv\u00e4t kest\u00e4v\u00e4t lukkorengaspihdit ammattik\u00e4ytt\u00f6\u00f6n.<br \/>Lukkorengaspihti 500.1031, 12-25 mm<br \/>Lukkorengaspihti 500.1032, 19-60 mm<br \/>Lukkorengaspihti 500.1033, 40-100 mm<\/p>\n","protected":false},"featured_media":13653,"template":"","meta":{"_et_pb_use_builder":"","_et_pb_old_content":"","_et_gb_content_width":""},"pwb-brand":[1454],"product_brand":[],"product_cat":[865],"product_tag":[],"class_list":{"0":"post-13654","1":"product","2":"type-product","3":"status-publish","4":"has-post-thumbnail","6":"pwb-brand-kstools","7":"product_cat-sisapuoliset-lukkorengaspihdit","8":"pa_lukkorengaspihdit-koot-12-25-mm","9":"pa_lukkorengaspihdit-koot-19-60-mm","10":"pa_lukkorengaspihdit-koot-40-100-mm","12":"first","13":"instock","14":"taxable","15":"shipping-taxable","16":"purchasable","17":"product-type-variable"},"brands":[{"id":1454,"name":"Kstools","slug":"kstools"}],"_links":{"self":[{"href":"https:\/\/silikotek.sapartners.site\/index.php\/wp-json\/wp\/v2\/product\/13654","targetHints":{"allow":["GET"]}}],"collection":[{"href":"https:\/\/silikotek.sapartners.site\/index.php\/wp-json\/wp\/v2\/product"}],"about":[{"href":"https:\/\/silikotek.sapartners.site\/index.php\/wp-json\/wp\/v2\/types\/product"}],"wp:featuredmedia":[{"embeddable":true,"href":"https:\/\/silikotek.sapartners.site\/index.php\/wp-json\/wp\/v2\/media\/13653"}],"wp:attachment":[{"href":"https:\/\/silikotek.sapartners.site\/index.php\/wp-json\/wp\/v2\/media?parent=13654"}],"wp:term":[{"taxonomy":"pwb-brand","embeddable":true,"href":"https:\/\/silikotek.sapartners.site\/index.php\/wp-json\/wp\/v2\/pwb-brand?post=13654"},{"taxonomy":"product_brand","embeddable":true,"href":"https:\/\/silikotek.sapartners.site\/index.php\/wp-json\/wp\/v2\/product_brand?post=13654"},{"taxonomy":"product_cat","embeddable":true,"href":"https:\/\/silikotek.sapartners.site\/index.php\/wp-json\/wp\/v2\/product_cat?post=13654"},{"taxonomy":"product_tag","embeddable":true,"href":"https:\/\/silikotek.sapartners.site\/index.php\/wp-json\/wp\/v2\/product_tag?post=13654"}],"curies":[{"name":"wp","href":"https:\/\/api.w.org\/{rel}","templated":true}]}}