{"id":13585,"date":"2015-11-17T10:50:22","date_gmt":"2015-11-17T08:50:22","guid":{"rendered":"http:\/\/192.168.100.222\/target_carts\/wordpress\/wordpress495\/wordpress\/?product=sievi-alaska-thermo-xl-s3hro"},"modified":"2021-01-07T09:57:49","modified_gmt":"2021-01-07T07:57:49","slug":"sievi-alaska-thermo-xl-s3hro","status":"publish","type":"product","link":"https:\/\/silikotek.sapartners.site\/index.php\/tuote\/sievi-alaska-thermo-xl-s3hro\/","title":{"rendered":"Sievi Alaska Thermo XL+ S3HRO L\u00e4mmitett\u00e4v\u00e4t Talviturvasaappaat"},"content":{"rendered":"<div class=\"mobile-hidden\">\n<div class=\"productdata\">\n<div class=\"label\">Turvaluokitus: EN ISO 20345: S3 SRC HRO CI<\/div>\n<\/div>\n<div class=\"productdata\">\n<div class=\"label\">Varvassuoja: Alumiini<\/div>\n<\/div>\n<div class=\"productdata\">\n<div class=\"label\">Naulaanastumissuoja: Ter\u00e4s<\/div>\n<\/div>\n<div class=\"productdata\">\n<div class=\"label\">Pohjamateriaali: Kaksikerros PU\/RU<\/div>\n<\/div>\n<div class=\"productdata\">\n<div class=\"label\">P\u00e4\u00e4llismateriaali: PU-nahka<\/div>\n<\/div>\n<div class=\"productdata\">\n<div class=\"label\">Lesti: M-48 XL<\/div>\n<\/div>\n<\/div>\n","protected":false},"excerpt":{"rendered":"<p>Alaska Thermossa on integroitu, erikseen ladattava helppok\u00e4ytt\u00f6inen THERM-IC l\u00e4mmitysj\u00e4rjestelm\u00e4, joka tuottaa l\u00e4mp\u00f6\u00e4 yhdell\u00e4 latauksella jopa koko ty\u00f6p\u00e4iv\u00e4ksi. Jalkineen kaikki yksityiskohdat on suunniteltu kylmien olosuhteiden vaatimusten mukaisesti. Lampaanvillavuori, joustavuutensa kovassakin pakkasessa s\u00e4ilytt\u00e4v\u00e4 kumikitkapohja, tilava lesti ja Primaloft\u00ae-l\u00e4mm\u00f6neriste tekev\u00e4t Alaska Thermosta ylivertaisen talvikeng\u00e4n.<\/p>\n","protected":false},"featured_media":18770,"template":"","meta":{"_et_pb_use_builder":"","_et_pb_old_content":"","_et_gb_content_width":""},"pwb-brand":[1450],"product_brand":[],"product_cat":[759,726],"product_tag":[1587,1586,1563,1583],"class_list":{"0":"post-13585","1":"product","2":"type-product","3":"status-publish","4":"has-post-thumbnail","6":"pwb-brand-sievin-jalkine","7":"product_cat-talvi-turvakengat","8":"product_cat-saappaat-turvakengat","9":"product_tag-koviin-pakkasiin","10":"product_tag-lammitettavat-talvisaappaat","11":"product_tag-turvakengat","12":"product_tag-turvasaappaat","13":"pa_kenkakoko-1016","14":"pa_kenkakoko-1017","15":"pa_kenkakoko-1018","16":"pa_kenkakoko-1019","17":"pa_kenkakoko-1020","18":"pa_kenkakoko-1021","19":"pa_kenkakoko-1022","20":"pa_kenkakoko-1023","21":"pa_kenkakoko-1024","23":"first","24":"instock","25":"taxable","26":"shipping-taxable","27":"purchasable","28":"product-type-variable"},"brands":[{"id":1450,"name":"Sievin Jalkine","slug":"sievin-jalkine"}],"_links":{"self":[{"href":"https:\/\/silikotek.sapartners.site\/index.php\/wp-json\/wp\/v2\/product\/13585","targetHints":{"allow":["GET"]}}],"collection":[{"href":"https:\/\/silikotek.sapartners.site\/index.php\/wp-json\/wp\/v2\/product"}],"about":[{"href":"https:\/\/silikotek.sapartners.site\/index.php\/wp-json\/wp\/v2\/types\/product"}],"wp:featuredmedia":[{"embeddable":true,"href":"https:\/\/silikotek.sapartners.site\/index.php\/wp-json\/wp\/v2\/media\/18770"}],"wp:attachment":[{"href":"https:\/\/silikotek.sapartners.site\/index.php\/wp-json\/wp\/v2\/media?parent=13585"}],"wp:term":[{"taxonomy":"pwb-brand","embeddable":true,"href":"https:\/\/silikotek.sapartners.site\/index.php\/wp-json\/wp\/v2\/pwb-brand?post=13585"},{"taxonomy":"product_brand","embeddable":true,"href":"https:\/\/silikotek.sapartners.site\/index.php\/wp-json\/wp\/v2\/product_brand?post=13585"},{"taxonomy":"product_cat","embeddable":true,"href":"https:\/\/silikotek.sapartners.site\/index.php\/wp-json\/wp\/v2\/product_cat?post=13585"},{"taxonomy":"product_tag","embeddable":true,"href":"https:\/\/silikotek.sapartners.site\/index.php\/wp-json\/wp\/v2\/product_tag?post=13585"}],"curies":[{"name":"wp","href":"https:\/\/api.w.org\/{rel}","templated":true}]}}