{"id":13582,"date":"2015-11-17T10:30:34","date_gmt":"2015-11-17T10:30:34","guid":{"rendered":"http:\/\/192.168.100.222\/target_carts\/wordpress\/wordpress495\/wordpress\/?product=maalipinnan-tarkastusvalo-140-2598-kstools"},"modified":"2021-03-25T15:28:32","modified_gmt":"2021-03-25T13:28:32","slug":"maalipinnan-tarkastusvalo-140-2598-kstools","status":"publish","type":"product","link":"https:\/\/silikotek.sapartners.site\/index.php\/tuote\/maalipinnan-tarkastusvalo-140-2598-kstools\/","title":{"rendered":"Maalipinnan tarkastusvalo 140.2598 Kstools"},"content":{"rendered":"<p>Leveys: 203 mm<br \/>\nPaino: 1480g<br \/>\nPituus: 360 mm<\/p>\n","protected":false},"excerpt":{"rendered":"<p>Maalipinnan tarkastusvalo 140.2598 Kstools. T\u00e4ll\u00e4 maalipinnan tarkastusvalolla tarkastat nopeasti maalipinnan vauriot kuten painumat, lommot. v\u00e4rierot, raekuurojen aiheuttamt lommot jne. Imukuppi kiinnitys.<\/p>\n","protected":false},"featured_media":13581,"template":"","meta":{"_et_pb_use_builder":"","_et_pb_old_content":"","_et_gb_content_width":""},"pwb-brand":[],"product_brand":[],"product_cat":[754],"product_tag":[],"class_list":{"0":"post-13582","1":"product","2":"type-product","3":"status-publish","4":"has-post-thumbnail","6":"product_cat-kori-tyokalut","8":"first","9":"instock","10":"sale","11":"taxable","12":"shipping-taxable","13":"purchasable","14":"product-type-simple"},"brands":[],"_links":{"self":[{"href":"https:\/\/silikotek.sapartners.site\/index.php\/wp-json\/wp\/v2\/product\/13582","targetHints":{"allow":["GET"]}}],"collection":[{"href":"https:\/\/silikotek.sapartners.site\/index.php\/wp-json\/wp\/v2\/product"}],"about":[{"href":"https:\/\/silikotek.sapartners.site\/index.php\/wp-json\/wp\/v2\/types\/product"}],"wp:featuredmedia":[{"embeddable":true,"href":"https:\/\/silikotek.sapartners.site\/index.php\/wp-json\/wp\/v2\/media\/13581"}],"wp:attachment":[{"href":"https:\/\/silikotek.sapartners.site\/index.php\/wp-json\/wp\/v2\/media?parent=13582"}],"wp:term":[{"taxonomy":"pwb-brand","embeddable":true,"href":"https:\/\/silikotek.sapartners.site\/index.php\/wp-json\/wp\/v2\/pwb-brand?post=13582"},{"taxonomy":"product_brand","embeddable":true,"href":"https:\/\/silikotek.sapartners.site\/index.php\/wp-json\/wp\/v2\/product_brand?post=13582"},{"taxonomy":"product_cat","embeddable":true,"href":"https:\/\/silikotek.sapartners.site\/index.php\/wp-json\/wp\/v2\/product_cat?post=13582"},{"taxonomy":"product_tag","embeddable":true,"href":"https:\/\/silikotek.sapartners.site\/index.php\/wp-json\/wp\/v2\/product_tag?post=13582"}],"curies":[{"name":"wp","href":"https:\/\/api.w.org\/{rel}","templated":true}]}}