{"id":13580,"date":"2015-11-17T08:37:44","date_gmt":"2015-11-17T08:37:44","guid":{"rendered":"http:\/\/192.168.100.222\/target_carts\/wordpress\/wordpress495\/wordpress\/?product=paineilmatoiminen-korinoikaisu-ja-liukuvasaratyokalusarja-140-2080-kstools"},"modified":"2021-03-25T15:28:32","modified_gmt":"2021-03-25T13:28:32","slug":"paineilmatoiminen-korinoikaisu-ja-liukuvasaratyokalusarja-140-2080-kstools","status":"publish","type":"product","link":"https:\/\/silikotek.sapartners.site\/index.php\/tuote\/paineilmatoiminen-korinoikaisu-ja-liukuvasaratyokalusarja-140-2080-kstools\/","title":{"rendered":"Paineilmatoiminen korinoikaisu- ja liukuvasaraty\u00f6kalusarja 140.2080 Kstools"},"content":{"rendered":"<p>Maksimi ulosvetokapasiteetti 100 Kg<br \/>\nPaineilmaliitin: 1\/4&#8243;<br \/>\nLommojen ulosveto imukupilla liukuvasaraa apuna k\u00e4ytt\u00e4en<br \/>\nK\u00e4ytt\u00f6paine : 6 &#8211; 8bar<br \/>\nPaino: 4500g<br \/>\nLiukuvasara paino: 1,2kg<br \/>\nMinimi ilmaletku: 1\/4&#8243; &#8211; 6,3mm<br \/>\nOsaa sarjassa: 5-os<br \/>\n140.2083 Alipainetoiminen liukuvasara<br \/>\n140.2084 Imukuppi \u00d8 75 mm<br \/>\n140.2085 Imukuppi \u00d8 100 mm<br \/>\n140.2086 Imukuppi \u00d8 125 mm<br \/>\n140.2087 Vetokuoukku<\/p>\n","protected":false},"excerpt":{"rendered":"<p>Paineilmatoiminen korinoikaisu- ja liukuvasaraty\u00f6kalusarja 140.2080 Kstools. Eritt\u00e4in k\u00e4tev\u00e4 lommojen ja painumien ulosvedossa. 3-erikokoista imukuppia ja vetokoukku. Imukuppi imaistaan paineilmalla kiinni vedett\u00e4v\u00e4\u00e4n kohtaan ja senj\u00e4lkeen lommo vedet\u00e4\u00e4n ulos liukuvasaralla. Nopea ja tehokas ty\u00f6kalu peltikorjaamolle.<\/p>\n","protected":false},"featured_media":13579,"template":"","meta":{"_et_pb_use_builder":"","_et_pb_old_content":"","_et_gb_content_width":""},"pwb-brand":[],"product_brand":[],"product_cat":[754],"product_tag":[],"class_list":{"0":"post-13580","1":"product","2":"type-product","3":"status-publish","4":"has-post-thumbnail","6":"product_cat-kori-tyokalut","8":"first","9":"instock","10":"sale","11":"taxable","12":"shipping-taxable","13":"purchasable","14":"product-type-simple"},"brands":[],"_links":{"self":[{"href":"https:\/\/silikotek.sapartners.site\/index.php\/wp-json\/wp\/v2\/product\/13580","targetHints":{"allow":["GET"]}}],"collection":[{"href":"https:\/\/silikotek.sapartners.site\/index.php\/wp-json\/wp\/v2\/product"}],"about":[{"href":"https:\/\/silikotek.sapartners.site\/index.php\/wp-json\/wp\/v2\/types\/product"}],"wp:featuredmedia":[{"embeddable":true,"href":"https:\/\/silikotek.sapartners.site\/index.php\/wp-json\/wp\/v2\/media\/13579"}],"wp:attachment":[{"href":"https:\/\/silikotek.sapartners.site\/index.php\/wp-json\/wp\/v2\/media?parent=13580"}],"wp:term":[{"taxonomy":"pwb-brand","embeddable":true,"href":"https:\/\/silikotek.sapartners.site\/index.php\/wp-json\/wp\/v2\/pwb-brand?post=13580"},{"taxonomy":"product_brand","embeddable":true,"href":"https:\/\/silikotek.sapartners.site\/index.php\/wp-json\/wp\/v2\/product_brand?post=13580"},{"taxonomy":"product_cat","embeddable":true,"href":"https:\/\/silikotek.sapartners.site\/index.php\/wp-json\/wp\/v2\/product_cat?post=13580"},{"taxonomy":"product_tag","embeddable":true,"href":"https:\/\/silikotek.sapartners.site\/index.php\/wp-json\/wp\/v2\/product_tag?post=13580"}],"curies":[{"name":"wp","href":"https:\/\/api.w.org\/{rel}","templated":true}]}}