{"id":13527,"date":"2015-11-13T15:47:48","date_gmt":"2015-11-13T13:47:48","guid":{"rendered":"http:\/\/192.168.100.222\/target_carts\/wordpress\/wordpress495\/wordpress\/?product=auton-muoviosien-korjaussarja-150-1035-kstools"},"modified":"2021-03-25T15:30:07","modified_gmt":"2021-03-25T13:30:07","slug":"auton-muoviosien-korjaussarja-150-1035-kstools","status":"publish","type":"product","link":"https:\/\/silikotek.sapartners.site\/index.php\/tuote\/auton-muoviosien-korjaussarja-150-1035-kstools\/","title":{"rendered":"Auton muoviosien korjaussarja 150.1035 Kstools"},"content":{"rendered":"<p>Akkutoiminen ladattava muoviosien korjaussarja<br \/>J\u00e4nnite : DC 3.7 V max. 8A<br \/>Virta : DC 5 V 2 A<br \/>Paino: 1300g<br \/>Kuumennus: Kuumentaa hakaset. 100-200\u00b0C<br \/>yhdell\u00e4 latauksella 150 kuumennusta.<br \/>Hakaset 0,6 ja 0,8 mm<br \/>Latausaika: 3-4 tuntia<br \/>K\u00e4ytt\u00f6j\u00e4nnite: 100-240V \/ 50\/60Hz<br \/>Osaa sarjassat: 302 -os<\/p>\n","protected":false},"excerpt":{"rendered":"<p>Soveltuu autojen ja moottoripy\u00f6rien muoviosien korjaamiseen. kuten puskurit, kojetaulu, katteet, jne.Eritt\u00e4in monipuolinen sarja. My\u00f6s lasikuitupitoiset max 40 % muoviosat. Hakaset kuumennetaan ja upotetaan halkeamakohtaan ja saadaan tarvittava j\u00e4ykkyys takaisin. Yksinkertainen ja nopea tapa korjata halkeamat. Lukuisia erilaisia hakasia.<\/p>\n","protected":false},"featured_media":13525,"template":"","meta":{"_et_pb_use_builder":"","_et_pb_old_content":"","_et_gb_content_width":""},"pwb-brand":[1454],"product_brand":[],"product_cat":[754],"product_tag":[],"class_list":{"0":"post-13527","1":"product","2":"type-product","3":"status-publish","4":"has-post-thumbnail","6":"pwb-brand-kstools","7":"product_cat-kori-tyokalut","9":"first","10":"instock","11":"sale","12":"taxable","13":"shipping-taxable","14":"purchasable","15":"product-type-simple"},"brands":[{"id":1454,"name":"Kstools","slug":"kstools"}],"_links":{"self":[{"href":"https:\/\/silikotek.sapartners.site\/index.php\/wp-json\/wp\/v2\/product\/13527","targetHints":{"allow":["GET"]}}],"collection":[{"href":"https:\/\/silikotek.sapartners.site\/index.php\/wp-json\/wp\/v2\/product"}],"about":[{"href":"https:\/\/silikotek.sapartners.site\/index.php\/wp-json\/wp\/v2\/types\/product"}],"wp:featuredmedia":[{"embeddable":true,"href":"https:\/\/silikotek.sapartners.site\/index.php\/wp-json\/wp\/v2\/media\/13525"}],"wp:attachment":[{"href":"https:\/\/silikotek.sapartners.site\/index.php\/wp-json\/wp\/v2\/media?parent=13527"}],"wp:term":[{"taxonomy":"pwb-brand","embeddable":true,"href":"https:\/\/silikotek.sapartners.site\/index.php\/wp-json\/wp\/v2\/pwb-brand?post=13527"},{"taxonomy":"product_brand","embeddable":true,"href":"https:\/\/silikotek.sapartners.site\/index.php\/wp-json\/wp\/v2\/product_brand?post=13527"},{"taxonomy":"product_cat","embeddable":true,"href":"https:\/\/silikotek.sapartners.site\/index.php\/wp-json\/wp\/v2\/product_cat?post=13527"},{"taxonomy":"product_tag","embeddable":true,"href":"https:\/\/silikotek.sapartners.site\/index.php\/wp-json\/wp\/v2\/product_tag?post=13527"}],"curies":[{"name":"wp","href":"https:\/\/api.w.org\/{rel}","templated":true}]}}