{"id":13499,"date":"2015-11-13T08:50:19","date_gmt":"2015-11-13T08:50:19","guid":{"rendered":"http:\/\/192.168.100.222\/target_carts\/wordpress\/wordpress495\/wordpress\/?product=laturi-c12-c-milwaukee"},"modified":"2020-04-29T10:43:56","modified_gmt":"2020-04-29T07:43:56","slug":"laturi-c12-c-milwaukee","status":"publish","type":"product","link":"https:\/\/silikotek.sapartners.site\/index.php\/tuote\/laturi-c12-c-milwaukee\/","title":{"rendered":"Milwaukee C12 C Akkulaturi"},"content":{"rendered":"<p>L\u00e4mp\u00f6suoja-elektroniikka optimoi latauksen \u00e4\u00e4ril\u00e4mp\u00f6tiloissa ja pident\u00e4\u00e4 laturin ik\u00e4\u00e4. Kapseloitu virtapiiri<br \/>\nsuojaa elektroniikkaa p\u00f6lylt\u00e4, kosteudelta ja iskuilta. Latauksen edistymisen osoitin:akun Led-valo ilmoittaa<br \/>\nlatauksen tilan.<\/p>\n","protected":false},"excerpt":{"rendered":"<div id=\"p_lt_ctl01_pageplaceholder_p_lt_ctl01_MilwaukeeProductFeatures_pnlFeatues\" class=\"product__description js-description-mask is-active\">\n<div class=\"product__description-content js-product-content\">\n<p>L\u00e4mp\u00f6suojaelektroniikka optimoi latauksen \u00e4\u00e4ril\u00e4mp\u00f6tiloissa ja pident\u00e4\u00e4 laturin k\u00e4ytt\u00f6ik\u00e4\u00e4. Kapseloitu virtapiiri suojaa elektroniikkaa p\u00f6lylt\u00e4, kosteudelta ja iskuilta. LED-valo ilmoittaa latauksen tilan.<\/p>\n<p>REDLITHIUM&#x2122;-ION 3,0 Ah \/ 4,0 Ah -akut lataantuvat jopa 60 \/ 80 minuutissa<br \/>\nREDLITHIUM&#x2122;-ION 1,5 Ah \/ 2,0 Ah -akut lataantuvat jopa 30 \/ 40 minuutissa<\/p>\n<\/div>\n<\/div>\n","protected":false},"featured_media":22709,"template":"","meta":{"_et_pb_use_builder":"","_et_pb_old_content":"","_et_gb_content_width":""},"pwb-brand":[1452],"product_brand":[],"product_cat":[744],"product_tag":[],"class_list":{"0":"post-13499","1":"product","2":"type-product","3":"status-publish","4":"has-post-thumbnail","6":"pwb-brand-milwaukee","7":"product_cat-akut-ja-laturit","9":"first","10":"instock","11":"taxable","12":"shipping-taxable","13":"purchasable","14":"product-type-simple"},"brands":[{"id":1452,"name":"Milwaukee","slug":"milwaukee"}],"_links":{"self":[{"href":"https:\/\/silikotek.sapartners.site\/index.php\/wp-json\/wp\/v2\/product\/13499","targetHints":{"allow":["GET"]}}],"collection":[{"href":"https:\/\/silikotek.sapartners.site\/index.php\/wp-json\/wp\/v2\/product"}],"about":[{"href":"https:\/\/silikotek.sapartners.site\/index.php\/wp-json\/wp\/v2\/types\/product"}],"wp:featuredmedia":[{"embeddable":true,"href":"https:\/\/silikotek.sapartners.site\/index.php\/wp-json\/wp\/v2\/media\/22709"}],"wp:attachment":[{"href":"https:\/\/silikotek.sapartners.site\/index.php\/wp-json\/wp\/v2\/media?parent=13499"}],"wp:term":[{"taxonomy":"pwb-brand","embeddable":true,"href":"https:\/\/silikotek.sapartners.site\/index.php\/wp-json\/wp\/v2\/pwb-brand?post=13499"},{"taxonomy":"product_brand","embeddable":true,"href":"https:\/\/silikotek.sapartners.site\/index.php\/wp-json\/wp\/v2\/product_brand?post=13499"},{"taxonomy":"product_cat","embeddable":true,"href":"https:\/\/silikotek.sapartners.site\/index.php\/wp-json\/wp\/v2\/product_cat?post=13499"},{"taxonomy":"product_tag","embeddable":true,"href":"https:\/\/silikotek.sapartners.site\/index.php\/wp-json\/wp\/v2\/product_tag?post=13499"}],"curies":[{"name":"wp","href":"https:\/\/api.w.org\/{rel}","templated":true}]}}