{"id":13480,"date":"2015-11-11T16:15:59","date_gmt":"2015-11-11T16:15:59","guid":{"rendered":"http:\/\/192.168.100.222\/target_carts\/wordpress\/wordpress495\/wordpress\/?product=akkupuukosaha-m18-csx-0"},"modified":"2015-11-11T16:16:47","modified_gmt":"2015-11-11T16:16:47","slug":"akkupuukosaha-m18-csx-0","status":"publish","type":"product","link":"https:\/\/silikotek.sapartners.site\/index.php\/tuote\/akkupuukosaha-m18-csx-0\/","title":{"rendered":"Akkupuukosaha M18 CSX-0"},"content":{"rendered":"<p>Vallankumouksellinen M18 FUEL puukosaha\u00a0 hiiliharjattomalla moottorilla joka tekee ty\u00f6kalusta <br \/>voimakkaamman, kest\u00e4v\u00e4mm\u00e4n ja antaa sille pidemm\u00e4n k\u00e4ytt\u00f6i\u00e4n. REDLINK PLUS\u2122 suojaelektroniikka<br \/>koneessa ja akussa pident\u00e4\u00e4 niiden elinik\u00e4\u00e4 huomattavasti.\u00a0 28 mm iskunpituus ja 3000 iskua\/min, eritt\u00e4in<br \/>nopeat sahaukset. Liukukytkin suojaa vaihteistoa, mik\u00e4li ter\u00e4 jumiutuu. FIXTEC-ter\u00e4nkiinnitys nopeaan<br \/>ter\u00e4nvaihtoon ilman ty\u00f6kaluja. REDLITHIUM-ION\u2122 akku tarjoaa pidemp\u00e4\u00e4 k\u00e4ytt\u00f6aikaa ja optimaalista<br \/>kest\u00e4vyytt\u00e4. Virtamittari. Paino akun kanssa 3,4 kg. Toimitetaan laatikossa ilman akkua ja laturia<\/p>\n","protected":false},"excerpt":{"rendered":"<p>Milwaukee akkupuukkosaha M18 CSX-0 per\u00e4ti 28 mm iskupituus ja 3000 iskua\/min<\/p>\n","protected":false},"featured_media":13479,"template":"","meta":{"_et_pb_use_builder":"","_et_pb_old_content":"","_et_gb_content_width":""},"pwb-brand":[],"product_brand":[],"product_cat":[736],"product_tag":[],"class_list":{"0":"post-13480","1":"product","2":"type-product","3":"status-publish","4":"has-post-thumbnail","6":"product_cat-akkupuukkosahat","8":"first","9":"instock","10":"taxable","11":"shipping-taxable","12":"purchasable","13":"product-type-simple"},"brands":[],"_links":{"self":[{"href":"https:\/\/silikotek.sapartners.site\/index.php\/wp-json\/wp\/v2\/product\/13480","targetHints":{"allow":["GET"]}}],"collection":[{"href":"https:\/\/silikotek.sapartners.site\/index.php\/wp-json\/wp\/v2\/product"}],"about":[{"href":"https:\/\/silikotek.sapartners.site\/index.php\/wp-json\/wp\/v2\/types\/product"}],"wp:featuredmedia":[{"embeddable":true,"href":"https:\/\/silikotek.sapartners.site\/index.php\/wp-json\/wp\/v2\/media\/13479"}],"wp:attachment":[{"href":"https:\/\/silikotek.sapartners.site\/index.php\/wp-json\/wp\/v2\/media?parent=13480"}],"wp:term":[{"taxonomy":"pwb-brand","embeddable":true,"href":"https:\/\/silikotek.sapartners.site\/index.php\/wp-json\/wp\/v2\/pwb-brand?post=13480"},{"taxonomy":"product_brand","embeddable":true,"href":"https:\/\/silikotek.sapartners.site\/index.php\/wp-json\/wp\/v2\/product_brand?post=13480"},{"taxonomy":"product_cat","embeddable":true,"href":"https:\/\/silikotek.sapartners.site\/index.php\/wp-json\/wp\/v2\/product_cat?post=13480"},{"taxonomy":"product_tag","embeddable":true,"href":"https:\/\/silikotek.sapartners.site\/index.php\/wp-json\/wp\/v2\/product_tag?post=13480"}],"curies":[{"name":"wp","href":"https:\/\/api.w.org\/{rel}","templated":true}]}}