{"id":13458,"date":"2015-11-10T16:15:07","date_gmt":"2015-11-10T16:15:07","guid":{"rendered":"http:\/\/192.168.100.222\/target_carts\/wordpress\/wordpress495\/wordpress\/?product=alustatuki-teleskooppinen-160-0342-kstools"},"modified":"2024-09-30T09:52:59","modified_gmt":"2024-09-30T06:52:59","slug":"alustatuki-teleskooppinen-160-0342-kstools","status":"publish","type":"product","link":"https:\/\/silikotek.sapartners.site\/index.php\/tuote\/alustatuki-teleskooppinen-160-0342-kstools\/","title":{"rendered":"Kstools Alustatuki teleskooppinen 160.0342"},"content":{"rendered":"","protected":false},"excerpt":{"rendered":"<p>Teleskooppinen alustatuki 1360-2030 mm. Erilaisiin ajoneuvojen moottoreiden, vaihteistojen, perien ja alatukivarsien jne. asennusaikaisiin tukemisiin. Lastauskapasiteetti 750 kg. Tarkka jalkapedaali mahdollistaa 20 mm noston. Ihanteellinen apulainen mit\u00e4 erilaisimmissa t\u00f6iss\u00e4.<\/p>\n","protected":false},"featured_media":21360,"template":"","meta":{"_et_pb_use_builder":"","_et_pb_old_content":"","_et_gb_content_width":""},"pwb-brand":[1454],"product_brand":[],"product_cat":[450,766,769],"product_tag":[],"class_list":{"0":"post-13458","1":"product","2":"type-product","3":"status-publish","4":"has-post-thumbnail","6":"pwb-brand-kstools","7":"product_cat-korjaamolaitteet","8":"product_cat-hallitunkit-ja-nostimet","9":"product_cat-vaihteisto-ja-voimansiirto","11":"first","12":"instock","13":"taxable","14":"shipping-taxable","15":"purchasable","16":"product-type-simple"},"brands":[{"id":1454,"name":"Kstools","slug":"kstools"}],"_links":{"self":[{"href":"https:\/\/silikotek.sapartners.site\/index.php\/wp-json\/wp\/v2\/product\/13458","targetHints":{"allow":["GET"]}}],"collection":[{"href":"https:\/\/silikotek.sapartners.site\/index.php\/wp-json\/wp\/v2\/product"}],"about":[{"href":"https:\/\/silikotek.sapartners.site\/index.php\/wp-json\/wp\/v2\/types\/product"}],"wp:featuredmedia":[{"embeddable":true,"href":"https:\/\/silikotek.sapartners.site\/index.php\/wp-json\/wp\/v2\/media\/21360"}],"wp:attachment":[{"href":"https:\/\/silikotek.sapartners.site\/index.php\/wp-json\/wp\/v2\/media?parent=13458"}],"wp:term":[{"taxonomy":"pwb-brand","embeddable":true,"href":"https:\/\/silikotek.sapartners.site\/index.php\/wp-json\/wp\/v2\/pwb-brand?post=13458"},{"taxonomy":"product_brand","embeddable":true,"href":"https:\/\/silikotek.sapartners.site\/index.php\/wp-json\/wp\/v2\/product_brand?post=13458"},{"taxonomy":"product_cat","embeddable":true,"href":"https:\/\/silikotek.sapartners.site\/index.php\/wp-json\/wp\/v2\/product_cat?post=13458"},{"taxonomy":"product_tag","embeddable":true,"href":"https:\/\/silikotek.sapartners.site\/index.php\/wp-json\/wp\/v2\/product_tag?post=13458"}],"curies":[{"name":"wp","href":"https:\/\/api.w.org\/{rel}","templated":true}]}}