{"id":13407,"date":"2015-11-09T10:43:16","date_gmt":"2015-11-09T10:43:16","guid":{"rendered":"http:\/\/192.168.100.222\/target_carts\/wordpress\/wordpress495\/wordpress\/?product=kaapelileikkuri-m12-cc-0-milwaukee"},"modified":"2020-02-18T10:57:39","modified_gmt":"2020-02-18T08:57:39","slug":"kaapelileikkuri-m12-cc-0-milwaukee","status":"publish","type":"product","link":"https:\/\/silikotek.sapartners.site\/index.php\/tuote\/kaapelileikkuri-m12-cc-0-milwaukee\/","title":{"rendered":"Milwaukee M12 CC-0 Kaapelileikkuri"},"content":{"rendered":"<div class=\"product__description-content js-product-content\">\n<table class=\"table product__detail-table js-responsive-table\">\n<tbody>\n<tr>\n<th class=\"product__detail-table--no-border table-area-heading\">Tekniset tiedot<\/th>\n<th class=\"product__detail-table--no-border product__detail-table--centered\">M12 CC-0<\/th>\n<\/tr>\n<tr>\n<th>Akkutyyppi<\/th>\n<td data-th=\"Akkutyyppi\">Li-ion<\/td>\n<\/tr>\n<tr>\n<th>Akun kapasiteetti (Ah)<\/th>\n<td data-th=\"Akun kapasiteetti (Ah)\">\u2212<\/td>\n<\/tr>\n<tr>\n<th>Katkaisuvoima (kN)<\/th>\n<td data-th=\"Katkaisuvoima (kN)\">32<\/td>\n<\/tr>\n<tr>\n<th>Maks. oksakapasiteetti (mm)<\/th>\n<td data-th=\"Maks. oksakapasiteetti (mm)\">32<\/td>\n<\/tr>\n<tr>\n<th>Mukana laturi<\/th>\n<td data-th=\"Mukana laturi\">\u2212<\/td>\n<\/tr>\n<tr>\n<th>Mukana tulevien akkujen m\u00e4\u00e4r\u00e4<\/th>\n<td data-th=\"Mukana tulevien akkujen m\u00e4\u00e4r\u00e4\">0<\/td>\n<\/tr>\n<tr>\n<th>Paino (kg)<\/th>\n<td data-th=\"Paino (kg)\">2.8<\/td>\n<\/tr>\n<tr>\n<th>Paino akun kanssa (kg)<\/th>\n<td data-th=\"Paino akun kanssa (kg)\">3.0<\/td>\n<\/tr>\n<tr>\n<th>Pika-asetukset<\/th>\n<td data-th=\"Pika-asetukset\">2<\/td>\n<\/tr>\n<tr>\n<th>Toimitetaan<\/th>\n<td data-th=\"Toimitetaan\">\u2212<\/td>\n<\/tr>\n<tr>\n<th>Tuotenumero<\/th>\n<td data-th=\"Tuotenumero\">4933431600<\/td>\n<\/tr>\n<tr>\n<th>Voltit (V)<\/th>\n<td data-th=\"Voltit (V)\">12<\/td>\n<\/tr>\n<tr class=\"table__accordion-btn\">\n<th colspan=\"2\"><\/th>\n<\/tr>\n<\/tbody>\n<\/table>\n<table class=\"table product__detail-table js-responsive-table\">\n<tbody>\n<tr class=\"table__hidden-area js-hidden-table-area is-active\">\n<th>\u00c4\u00e4nen tehotaso (dB(A))<\/th>\n<td data-th=\"\u00c4\u00e4nen tehotaso (dB(A))\">87<\/td>\n<\/tr>\n<tr class=\"table__hidden-area js-hidden-table-area is-active\">\n<th>\u00c4\u00e4nentehotaso ep\u00e4varmuus (dB(A))<\/th>\n<td data-th=\"\u00c4\u00e4nentehotaso ep\u00e4varmuus (dB(A))\">3<\/td>\n<\/tr>\n<tr class=\"table__hidden-area js-hidden-table-area is-active\">\n<th>Akustinen paine (dB(A))<\/th>\n<td data-th=\"Akustinen paine (dB(A))\">76<\/td>\n<\/tr>\n<tr class=\"table__hidden-area js-hidden-table-area is-active\">\n<th>Akustinen paine ep\u00e4varmuus (dB(A))<\/th>\n<td data-th=\"Akustinen paine ep\u00e4varmuus (dB(A))\">3<\/td>\n<\/tr>\n<tr class=\"table__hidden-area js-hidden-table-area is-active\">\n<th>T\u00e4rin\u00e4taso (m\/s\u00b2)<\/th>\n<td data-th=\"T\u00e4rin\u00e4taso (m\/s\u00b2)\">&lt;2.5<\/td>\n<\/tr>\n<tr class=\"table__hidden-area js-hidden-table-area is-active\">\n<th>T\u00e4rin\u00e4tason ep\u00e4varmuus (m\/s\u00b2)<\/th>\n<td data-th=\"T\u00e4rin\u00e4tason ep\u00e4varmuus (m\/s\u00b2)\">1.5<\/td>\n<\/tr>\n<\/tbody>\n<\/table>\n<p><iframe loading=\"lazy\" title=\"Milwaukee\u00ae M12\u2122 System Overview\" width=\"1080\" height=\"608\" src=\"https:\/\/www.youtube.com\/embed\/dj4FaxDWyks?feature=oembed\" frameborder=\"0\" allow=\"accelerometer; autoplay; encrypted-media; gyroscope; picture-in-picture\" allowfullscreen><\/iframe><\/p>\n<\/div>\n","protected":false},"excerpt":{"rendered":"<ul>\n<li>Leikkaa jopa 32 mm paksua s\u00e4hk\u00f6kaapelia<\/li>\n<li>REDLINK&#x2122; ylikuormitussuoja elektroniikka tarjoaa sek\u00e4 ty\u00f6kalulle ett\u00e4 akulle luokkansa parasta kest\u00e4vyytt\u00e4<\/li>\n<li>Noin 60 leikkausta per lataus kerta, 4&#215;32 mm\u00b2 1,5 Ah akulla<\/li>\n<li>Kompakti k\u00e4rki &#8211; ideaali ahtaisiin tiloihin<\/li>\n<li>Laadukkaat leikkaukset &#8211; Milwaukeen suunnittelema ter\u00e4-geometria tarjoaa tasaiset, py\u00f6re\u00e4t ja asennusvalmiit leikkaukset<\/li>\n<li>Auto-release kytkin avaa leuat nopeasti ja ty\u00f6kalu mahtuu ahtaisiin paikkoihin<\/li>\n<li>Yksitt\u00e4inen akunkennon monitorointi optimoi ty\u00f6kalun k\u00e4ytt\u00f6aikaa ja takaa paremman kest\u00e4vyyden<\/li>\n<li>Akussa virtamittari ja LED-ty\u00f6valo<\/li>\n<li>REDLITHIUM-ION&#x2122; akku tarjoaa ensiluokkaisen akun rakenteen, elektroniikan ja tasaisen suorituskyvyn ansiosta paitsi pidemm\u00e4n k\u00e4ytt\u00f6ajan my\u00f6s pidemm\u00e4n akun k\u00e4ytt\u00f6i\u00e4n<\/li>\n<li>Joustava akkuj\u00e4rjestelm\u00e4 &#8211; yhteensopiva kaikkien Milwaukee\u00ae M12&#x2122; akkujen kanssa<\/li>\n<\/ul>\n","protected":false},"featured_media":19934,"template":"","meta":{"_et_pb_use_builder":"","_et_pb_old_content":"","_et_gb_content_width":""},"pwb-brand":[1452],"product_brand":[],"product_cat":[741,922,743],"product_tag":[],"class_list":{"0":"post-13407","1":"product","2":"type-product","3":"status-publish","4":"has-post-thumbnail","6":"pwb-brand-milwaukee","7":"product_cat-akkuleikkurit","8":"product_cat-kaapeli-ja-vaijerileikkurit","9":"product_cat-muut-akkukayttoiset-laitteet","11":"first","12":"instock","13":"taxable","14":"shipping-taxable","15":"purchasable","16":"product-type-simple"},"brands":[{"id":1452,"name":"Milwaukee","slug":"milwaukee"}],"_links":{"self":[{"href":"https:\/\/silikotek.sapartners.site\/index.php\/wp-json\/wp\/v2\/product\/13407","targetHints":{"allow":["GET"]}}],"collection":[{"href":"https:\/\/silikotek.sapartners.site\/index.php\/wp-json\/wp\/v2\/product"}],"about":[{"href":"https:\/\/silikotek.sapartners.site\/index.php\/wp-json\/wp\/v2\/types\/product"}],"wp:featuredmedia":[{"embeddable":true,"href":"https:\/\/silikotek.sapartners.site\/index.php\/wp-json\/wp\/v2\/media\/19934"}],"wp:attachment":[{"href":"https:\/\/silikotek.sapartners.site\/index.php\/wp-json\/wp\/v2\/media?parent=13407"}],"wp:term":[{"taxonomy":"pwb-brand","embeddable":true,"href":"https:\/\/silikotek.sapartners.site\/index.php\/wp-json\/wp\/v2\/pwb-brand?post=13407"},{"taxonomy":"product_brand","embeddable":true,"href":"https:\/\/silikotek.sapartners.site\/index.php\/wp-json\/wp\/v2\/product_brand?post=13407"},{"taxonomy":"product_cat","embeddable":true,"href":"https:\/\/silikotek.sapartners.site\/index.php\/wp-json\/wp\/v2\/product_cat?post=13407"},{"taxonomy":"product_tag","embeddable":true,"href":"https:\/\/silikotek.sapartners.site\/index.php\/wp-json\/wp\/v2\/product_tag?post=13407"}],"curies":[{"name":"wp","href":"https:\/\/api.w.org\/{rel}","templated":true}]}}