{"id":13401,"date":"2015-11-09T10:03:39","date_gmt":"2015-11-09T10:03:39","guid":{"rendered":"http:\/\/192.168.100.222\/target_carts\/wordpress\/wordpress495\/wordpress\/?product=akkuporavasara-m12-ch-0c-milwaukee"},"modified":"2021-03-08T13:41:39","modified_gmt":"2021-03-08T11:41:39","slug":"akkuporavasara-m12-ch-0c-milwaukee","status":"publish","type":"product","link":"https:\/\/silikotek.sapartners.site\/index.php\/tuote\/akkuporavasara-m12-ch-0c-milwaukee\/","title":{"rendered":"Milwaukee M12 FUEL&#x2122; CH-0C Akkuporavasara"},"content":{"rendered":"<table class=\"table product__detail-table js-responsive-table\">\n<tbody>\n<tr>\n<th class=\"product__detail-table--no-border table-area-heading\">Tekniset tiedot<\/th>\n<th class=\"product__detail-table--no-border product__detail-table--centered\"><\/th>\n<th class=\"product__detail-table--no-border product__detail-table--centered\">\u00a0M12 CH-0<\/th>\n<\/tr>\n<tr>\n<th>Akkutyyppi<\/th>\n<td data-th=\"Akkutyyppi\"><\/td>\n<td data-th=\"Akkutyyppi\">Li-ion<\/td>\n<\/tr>\n<tr>\n<th>Akun kapasiteetti (Ah)<\/th>\n<td data-th=\"Akun kapasiteetti (Ah)\"><\/td>\n<td data-th=\"Akun kapasiteetti (Ah)\">Ei akkuja<\/td>\n<\/tr>\n<tr>\n<th>Iskuenergia (EPTA) (J)<\/th>\n<td data-th=\"Iskuenergia (EPTA) (J)\"><\/td>\n<td data-th=\"Iskuenergia (EPTA) (J)\">1.1<\/td>\n<\/tr>\n<tr>\n<th>Kuormitettu iskuluku (isk.\/min)<\/th>\n<td data-th=\"Kuormitettu iskuluku (isk.\/min)\"><\/td>\n<td data-th=\"Kuormitettu iskuluku (isk.\/min)\">0 &#8211; 6575<\/td>\n<\/tr>\n<tr>\n<th>Kuormittamaton nopeus (r\/min)<\/th>\n<td data-th=\"Kuormittamaton nopeus (r\/min)\"><\/td>\n<td data-th=\"Kuormittamaton nopeus (r\/min)\">0 &#8211; 900<\/td>\n<\/tr>\n<tr>\n<th>Maks. poraus betoniin (mm)<\/th>\n<td data-th=\"Maks. poraus betoniin (mm)\"><\/td>\n<td data-th=\"Maks. poraus betoniin (mm)\">13<\/td>\n<\/tr>\n<tr>\n<th>Maks. poraus puuhun (mm)<\/th>\n<td data-th=\"Maks. poraus puuhun (mm)\"><\/td>\n<td data-th=\"Maks. poraus puuhun (mm)\">13<\/td>\n<\/tr>\n<tr>\n<th>Maks. poraus ter\u00e4kseen (mm)<\/th>\n<td data-th=\"Maks. poraus ter\u00e4kseen (mm)\"><\/td>\n<td data-th=\"Maks. poraus ter\u00e4kseen (mm)\">10<\/td>\n<\/tr>\n<tr>\n<th>Maks. porauskapasiteetti puuhun\/ter\u00e4kseen\/betoniin (mm)<\/th>\n<td data-th=\"Maks. porauskapasiteetti puuhun\/ter\u00e4kseen\/betoniin (mm)\"><\/td>\n<td data-th=\"Maks. porauskapasiteetti puuhun\/ter\u00e4kseen\/betoniin (mm)\">13\/ 10\/ 13<\/td>\n<\/tr>\n<tr>\n<th>Mukana laturi<\/th>\n<td data-th=\"Mukana laturi\"><\/td>\n<td data-th=\"Mukana laturi\">\u2500<\/td>\n<\/tr>\n<tr>\n<th>Mukana tulevien akkujen m\u00e4\u00e4r\u00e4<\/th>\n<td data-th=\"Mukana tulevien akkujen m\u00e4\u00e4r\u00e4\"><\/td>\n<td data-th=\"Mukana tulevien akkujen m\u00e4\u00e4r\u00e4\">0<\/td>\n<\/tr>\n<tr>\n<th>Optimoitu porauskapasiteetti betoniin (mm)<\/th>\n<td data-th=\"Optimoitu porauskapasiteetti betoniin (mm)\"><\/td>\n<td data-th=\"Optimoitu porauskapasiteetti betoniin (mm)\">\u00f8 5.5 &#8211; 12<\/td>\n<\/tr>\n<tr>\n<th>Paino akun kanssa (kg)<\/th>\n<td data-th=\"Paino akun kanssa (kg)\"><\/td>\n<td data-th=\"Paino akun kanssa (kg)\">&#8211;<\/td>\n<\/tr>\n<tr>\n<th>Poraust\u00e4r\u00e4htely (m\/s\u00b2)<\/th>\n<td data-th=\"Poraust\u00e4r\u00e4htely (m\/s\u00b2)\"><\/td>\n<td data-th=\"Poraust\u00e4r\u00e4htely (m\/s\u00b2)\">4.4<\/td>\n<\/tr>\n<tr>\n<th>Toimitetaan<\/th>\n<td data-th=\"Toimitetaan\"><\/td>\n<td data-th=\"Toimitetaan\">Toimitetaan ilman laatikkoa<\/td>\n<\/tr>\n<tr>\n<th>Tuotenumero<\/th>\n<td data-th=\"Tuotenumero\"><\/td>\n<td data-th=\"Tuotenumero\">4933441947<\/td>\n<\/tr>\n<tr>\n<th>Voltit (V)<\/th>\n<td data-th=\"Voltit (V)\"><\/td>\n<td data-th=\"Voltit (V)\">12<\/td>\n<\/tr>\n<tr class=\"table__accordion-btn\">\n<th colspan=\"3\"><\/th>\n<\/tr>\n<\/tbody>\n<\/table>\n<table class=\"table product__detail-table js-responsive-table\">\n<tbody>\n<tr class=\"table__hidden-area js-hidden-table-area is-active\">\n<th>\u00c4\u00e4nen tehotaso (dB(A))<\/th>\n<td data-th=\"\u00c4\u00e4nen tehotaso (dB(A))\">95.5<\/td>\n<\/tr>\n<tr class=\"table__hidden-area js-hidden-table-area is-active\">\n<th>\u00c4\u00e4nentehotaso ep\u00e4varmuus (dB(A))<\/th>\n<td data-th=\"\u00c4\u00e4nentehotaso ep\u00e4varmuus (dB(A))\">3<\/td>\n<\/tr>\n<tr class=\"table__hidden-area js-hidden-table-area is-active\">\n<th>Akustinen paine &#8211; ep\u00e4varmuus (dB(A))<\/th>\n<td data-th=\"Akustinen paine - ep\u00e4varmuus (dB(A))\">3<\/td>\n<\/tr>\n<tr class=\"table__hidden-area js-hidden-table-area is-active\">\n<th>Akustinen paine (dB(A))<\/th>\n<td data-th=\"Akustinen paine (dB(A))\">84.5<\/td>\n<\/tr>\n<tr class=\"table__hidden-area js-hidden-table-area is-active\">\n<th>T\u00e4rin\u00e4tasossa betoniin porattaessa: ep\u00e4varmuus (m\/s\u00b2)<\/th>\n<td data-th=\"T\u00e4rin\u00e4tasossa betoniin porattaessa: ep\u00e4varmuus (m\/s\u00b2)\">1.5<\/td>\n<\/tr>\n<\/tbody>\n<\/table>\n<p><iframe loading=\"lazy\" title=\"Milwaukee Powertools M12 CH M12 FUEL Compact SDS Hammer HEAVY DUTY TESTED\" width=\"1080\" height=\"608\" src=\"https:\/\/www.youtube.com\/embed\/gV_mcqAAVSw?feature=oembed\"  allow=\"accelerometer; autoplay; clipboard-write; encrypted-media; gyroscope; picture-in-picture\" allowfullscreen><\/iframe><\/p>\n","protected":false},"excerpt":{"rendered":"<div class=\"product__description-content js-product-content\">\n<p>Markkinoiden ensimm\u00e4inen hiiliharjaton 12V poravasara &#8211; 1,1 J (EPTA), 0 &#8211; 6575 isk.\/min. ja 0 &#8211; 900 rpm. Eritt\u00e4in matala 4,4 m\/s\u00b2 t\u00e4rin\u00e4taso mahdollistaa ty\u00f6kalun k\u00e4yt\u00f6n 8 tunnin ajan p\u00e4iv\u00e4ss\u00e4. Poraa yli 60 kpl 50 mm x 6 mm reiki\u00e4 yhdell\u00e4 akun latauksella. Hiiliharjaton POWERSTATE&#x2122;-moottori tarjoaa jopa 3x pidemm\u00e4n moottorin k\u00e4ytt\u00f6i\u00e4n ja jopa 2x enemm\u00e4n k\u00e4ytt\u00f6aikaa.<br \/>\n2-toimintoa: valitse joko poraus tai iskuporaus. Optimoitu 6 &#8211; 10 mm poraukseen (maks. 13 mm). 43 mm kaulan koko on yhteensopiva M12 DE -imurin kanssa<\/p>\n<p>REDLINK PLUS&#x2122; -elektroniikka tarjoaa kehittyneen digitaalisen ylikuormitussuojan sek\u00e4 ty\u00f6kalulle ett\u00e4 akulle parantaen ainutlaatuisella tavalla ty\u00f6kalun suorituskyky\u00e4 kuormituksessa. REDLITHIUM&#x2122;-ION-akun ylivoimainen rakenne, elektroniikka ja jatkuva suorituskyky takaavat pidemm\u00e4n k\u00e4ytt\u00f6ajan ja -i\u00e4n.<br \/>\nToimii kaikilla MILWAUKEE\u00ae M12&#x2122; -akuilla. Toimitetaan ilman akkua ja laturia.<\/p>\n<\/div>\n","protected":false},"featured_media":21995,"template":"","meta":{"_et_pb_use_builder":"","_et_pb_old_content":"","_et_gb_content_width":""},"pwb-brand":[1452],"product_brand":[],"product_cat":[740],"product_tag":[],"class_list":{"0":"post-13401","1":"product","2":"type-product","3":"status-publish","4":"has-post-thumbnail","6":"pwb-brand-milwaukee","7":"product_cat-akkuporavasarat","9":"first","10":"instock","11":"taxable","12":"shipping-taxable","13":"purchasable","14":"product-type-simple"},"brands":[{"id":1452,"name":"Milwaukee","slug":"milwaukee"}],"_links":{"self":[{"href":"https:\/\/silikotek.sapartners.site\/index.php\/wp-json\/wp\/v2\/product\/13401","targetHints":{"allow":["GET"]}}],"collection":[{"href":"https:\/\/silikotek.sapartners.site\/index.php\/wp-json\/wp\/v2\/product"}],"about":[{"href":"https:\/\/silikotek.sapartners.site\/index.php\/wp-json\/wp\/v2\/types\/product"}],"wp:featuredmedia":[{"embeddable":true,"href":"https:\/\/silikotek.sapartners.site\/index.php\/wp-json\/wp\/v2\/media\/21995"}],"wp:attachment":[{"href":"https:\/\/silikotek.sapartners.site\/index.php\/wp-json\/wp\/v2\/media?parent=13401"}],"wp:term":[{"taxonomy":"pwb-brand","embeddable":true,"href":"https:\/\/silikotek.sapartners.site\/index.php\/wp-json\/wp\/v2\/pwb-brand?post=13401"},{"taxonomy":"product_brand","embeddable":true,"href":"https:\/\/silikotek.sapartners.site\/index.php\/wp-json\/wp\/v2\/product_brand?post=13401"},{"taxonomy":"product_cat","embeddable":true,"href":"https:\/\/silikotek.sapartners.site\/index.php\/wp-json\/wp\/v2\/product_cat?post=13401"},{"taxonomy":"product_tag","embeddable":true,"href":"https:\/\/silikotek.sapartners.site\/index.php\/wp-json\/wp\/v2\/product_tag?post=13401"}],"curies":[{"name":"wp","href":"https:\/\/api.w.org\/{rel}","templated":true}]}}