{"id":13399,"date":"2015-11-09T09:58:52","date_gmt":"2015-11-09T09:58:52","guid":{"rendered":"http:\/\/192.168.100.222\/target_carts\/wordpress\/wordpress495\/wordpress\/?product=akkupyorosaha-ccs44-0-milwaukee"},"modified":"2020-02-04T10:15:45","modified_gmt":"2020-02-04T08:15:45","slug":"akkupyorosaha-ccs44-0-milwaukee","status":"publish","type":"product","link":"https:\/\/silikotek.sapartners.site\/index.php\/tuote\/akkupyorosaha-ccs44-0-milwaukee\/","title":{"rendered":"Milwaukee M12 CCS44-0 FUEL&#x2122; Akkupy\u00f6r\u00f6saha"},"content":{"rendered":"<table class=\"table product__detail-table js-responsive-table\">\n<tbody>\n<tr>\n<th class=\"product__detail-table--no-border table-area-heading\">Tekniset tiedot<\/th>\n<th class=\"product__detail-table--no-border product__detail-table--centered\">\u00a0M12 CCS44-0<\/th>\n<\/tr>\n<tr>\n<th>Akkutyyppi<\/th>\n<td data-th=\"Akkutyyppi\">Li-ion<\/td>\n<\/tr>\n<tr>\n<th>Akun kapasiteetti (Ah)<\/th>\n<td data-th=\"Akun kapasiteetti (Ah)\">Ei akkuja<\/td>\n<\/tr>\n<tr>\n<th>Istukan koko (mm)<\/th>\n<td data-th=\"Istukan koko (mm)\">20<\/td>\n<\/tr>\n<tr>\n<th>Kuormittamaton nopeus (r\/min)<\/th>\n<td data-th=\"Kuormittamaton nopeus (r\/min)\">3600<\/td>\n<\/tr>\n<tr>\n<th>Maks. sahaussyvyys 45\u00b0 (mm)<\/th>\n<td data-th=\"Maks. sahaussyvyys 45\u00b0 (mm)\">33<\/td>\n<\/tr>\n<tr>\n<th>Maks. sahaussyvyys 90\u00b0 (mm)<\/th>\n<td data-th=\"Maks. sahaussyvyys 90\u00b0 (mm)\">44<\/td>\n<\/tr>\n<tr>\n<th>Mukana laturi<\/th>\n<td data-th=\"Mukana laturi\">\u2500<\/td>\n<\/tr>\n<tr>\n<th>Mukana tulevien akkujen m\u00e4\u00e4r\u00e4<\/th>\n<td data-th=\"Mukana tulevien akkujen m\u00e4\u00e4r\u00e4\">0<\/td>\n<\/tr>\n<tr>\n<th>Paino akun kanssa (kg)<\/th>\n<td data-th=\"Paino akun kanssa (kg)\">&#8211;<\/td>\n<\/tr>\n<tr>\n<th>T\u00e4rin\u00e4taso puuta sahattaessa (m\/s\u00b2)<\/th>\n<td data-th=\"T\u00e4rin\u00e4taso puuta sahattaessa (m\/s\u00b2)\">1.46<\/td>\n<\/tr>\n<tr>\n<th>T\u00e4rin\u00e4taso puuta sahattaessa: ep\u00e4varmuus (m\/s\u00b2)<\/th>\n<td data-th=\"T\u00e4rin\u00e4taso puuta sahattaessa: ep\u00e4varmuus (m\/s\u00b2)\">1.5<\/td>\n<\/tr>\n<tr>\n<th>T\u00e4rin\u00e4taso sahattaessa: ep\u00e4varmuus (m\/s\u00b2)<\/th>\n<td data-th=\"T\u00e4rin\u00e4taso sahattaessa: ep\u00e4varmuus (m\/s\u00b2)\">1.5<\/td>\n<\/tr>\n<tr>\n<th>Ter\u00e4n halkaisija (mm)<\/th>\n<td data-th=\"Ter\u00e4n halkaisija (mm)\">140<\/td>\n<\/tr>\n<tr>\n<th>Toimitetaan<\/th>\n<td data-th=\"Toimitetaan\">Toimitetaan ilman laatikkoa<\/td>\n<\/tr>\n<tr>\n<th>Tuotenumero<\/th>\n<td data-th=\"Tuotenumero\">4933448225<\/td>\n<\/tr>\n<tr>\n<th>Vakiovarustus<\/th>\n<td data-th=\"Vakiovarustus\">Py\u00f6r\u00f6sahanter\u00e4, suuntaisohjain<\/td>\n<\/tr>\n<tr>\n<th>Voltit (V)<\/th>\n<td data-th=\"Voltit (V)\">12<\/td>\n<\/tr>\n<tr class=\"table__accordion-btn\">\n<th colspan=\"2\"><\/th>\n<\/tr>\n<\/tbody>\n<\/table>\n<table class=\"table product__detail-table js-responsive-table\">\n<tbody>\n<tr class=\"table__hidden-area js-hidden-table-area is-active\">\n<th>Akustinen paine &#8211; ep\u00e4varmuus (dB(A))<\/th>\n<td data-th=\"Akustinen paine - ep\u00e4varmuus (dB(A))\">3.0<\/td>\n<\/tr>\n<tr class=\"table__hidden-area js-hidden-table-area is-active\">\n<th>Akustinen paine &#8211; mitattu ep\u00e4varmuus (dB(A))<\/th>\n<td data-th=\"Akustinen paine - mitattu ep\u00e4varmuus (dB(A))\">3.0<\/td>\n<\/tr>\n<tr class=\"table__hidden-area js-hidden-table-area is-active\">\n<th>Akustinen paine (dB(A))<\/th>\n<td data-th=\"Akustinen paine (dB(A))\">82.0<\/td>\n<\/tr>\n<tr class=\"table__hidden-area js-hidden-table-area is-active\">\n<th>Mitattu akustinen paine (dB(A))<\/th>\n<td data-th=\"Mitattu akustinen paine (dB(A))\">93.0<\/td>\n<\/tr>\n<\/tbody>\n<\/table>\n<p><iframe loading=\"lazy\" title=\"Milwaukee\u00a9 M12\u2122 FUEL CircularSaw\" width=\"1080\" height=\"608\" src=\"https:\/\/www.youtube.com\/embed\/Qq5jeqWuJgk?feature=oembed\" frameborder=\"0\" allow=\"accelerometer; autoplay; encrypted-media; gyroscope; picture-in-picture\" allowfullscreen><\/iframe><\/p>\n","protected":false},"excerpt":{"rendered":"<div class=\"product__description-content js-product-content\">\n<p>Hiiliharjaton POWERSTATE&#x2122;-moottori tarjoaa jopa 2x pidemm\u00e4n moottorin k\u00e4ytt\u00f6i\u00e4n ja 2x enemm\u00e4n sahauksia latauksella. REDLINK PLUS&#x2122; -elektroniikka tarjoaa kehittyneen digitaalisen ylikuormitussuojan sek\u00e4 ty\u00f6kalulle ett\u00e4 akulle parantaen ainutlaatuisella tavalla ty\u00f6kalun suorituskyky\u00e4 kuormituksessa.<br \/>\n50\u00b0 viistekapasiteetti. Magnesiumiset yl\u00e4- ja alasuojat takaavat luokkansa parhaan iskunkest\u00e4vyyden. Magnesiumkenk\u00e4 v\u00e4hent\u00e4\u00e4 ty\u00f6kalun painoa ja maksimoi sen kest\u00e4vyyden. Integroitu p\u00f6lynpoisto pit\u00e4\u00e4 sahauslinjan puhtaana. Kirkas LED-ty\u00f6valo valaisee ty\u00f6stett\u00e4v\u00e4n pinnan<\/p>\n<p>REDLITHIUM&#x2122;-ION-akun ylivoimainen rakenne, elektroniikka ja jatkuva suorituskyky takaavat pidemm\u00e4n k\u00e4ytt\u00f6ajan ja -i\u00e4n. Yksitt\u00e4isten akun kennojen valvonta optimoi ty\u00f6kalun k\u00e4ytt\u00f6ajan ja varmistaa akun kest\u00e4vyyden. Toimii kaikilla MILWAUKEE\u00ae M12&#x2122; -akuilla. Toimitetaan ilman akkua ja laturia.<\/p>\n<\/div>\n","protected":false},"featured_media":21999,"template":"","meta":{"_et_pb_use_builder":"off","_et_pb_old_content":"Kompakti M12 FUEL py\u00f6r\u00f6saha hiiliharjattomalla POWERSTATE\u2122 moottori, jopa 2x pidempi moottorin\r\nk\u00e4ytt\u00f6ik\u00e4 ja jopa 2x enemm\u00e4n sahauksia per lataus. 50\u00b0 viiste kapasiteetti. Mks. sahaussyvyys 90\u00b0\/45\u00b0:\r\n44\/33 mm. REDLINK PLUS\u2122 elektroniikka tarjoaa edistyksellisint\u00e4 digitaalista ylikuormitussuojaa sek\u00e4\r\nty\u00f6kalulle ett\u00e4 akulle ja parantaa merkitt\u00e4v\u00e4sti ty\u00f6kalun suorituskyky\u00e4 kuormiituksessa. REDLITHIUM-ION\u2122\r\nakku takaa pitk\u00e4n k\u00e4ytt\u00f6ajan sek\u00e4 optimaalista kest\u00e4vyytt\u00e4. Magneesium kenk\u00e4 ja yl\u00e4-\/alatuki. Integroitu\r\npuhallin pit\u00e4\u00e4 leikkuulinjan puhtaana. LED valo. 3600 rpm. Paino akun kanssa 2,7 kg. Mukana \u00d8 140 mm\r\nsahanter\u00e4 ja sivutuki (ilman akkua ja laturia).","_et_gb_content_width":""},"pwb-brand":[1452],"product_brand":[],"product_cat":[737],"product_tag":[],"class_list":{"0":"post-13399","1":"product","2":"type-product","3":"status-publish","4":"has-post-thumbnail","6":"pwb-brand-milwaukee","7":"product_cat-akkupyorosahat","9":"first","10":"instock","11":"taxable","12":"shipping-taxable","13":"purchasable","14":"product-type-simple"},"brands":[{"id":1452,"name":"Milwaukee","slug":"milwaukee"}],"_links":{"self":[{"href":"https:\/\/silikotek.sapartners.site\/index.php\/wp-json\/wp\/v2\/product\/13399","targetHints":{"allow":["GET"]}}],"collection":[{"href":"https:\/\/silikotek.sapartners.site\/index.php\/wp-json\/wp\/v2\/product"}],"about":[{"href":"https:\/\/silikotek.sapartners.site\/index.php\/wp-json\/wp\/v2\/types\/product"}],"wp:featuredmedia":[{"embeddable":true,"href":"https:\/\/silikotek.sapartners.site\/index.php\/wp-json\/wp\/v2\/media\/21999"}],"wp:attachment":[{"href":"https:\/\/silikotek.sapartners.site\/index.php\/wp-json\/wp\/v2\/media?parent=13399"}],"wp:term":[{"taxonomy":"pwb-brand","embeddable":true,"href":"https:\/\/silikotek.sapartners.site\/index.php\/wp-json\/wp\/v2\/pwb-brand?post=13399"},{"taxonomy":"product_brand","embeddable":true,"href":"https:\/\/silikotek.sapartners.site\/index.php\/wp-json\/wp\/v2\/product_brand?post=13399"},{"taxonomy":"product_cat","embeddable":true,"href":"https:\/\/silikotek.sapartners.site\/index.php\/wp-json\/wp\/v2\/product_cat?post=13399"},{"taxonomy":"product_tag","embeddable":true,"href":"https:\/\/silikotek.sapartners.site\/index.php\/wp-json\/wp\/v2\/product_tag?post=13399"}],"curies":[{"name":"wp","href":"https:\/\/api.w.org\/{rel}","templated":true}]}}