{"id":13391,"date":"2015-11-09T09:00:43","date_gmt":"2015-11-09T09:00:43","guid":{"rendered":"http:\/\/192.168.100.222\/target_carts\/wordpress\/wordpress495\/wordpress\/?product=kiillotuskone-m12-bps-0-milwaukee"},"modified":"2020-02-06T08:43:05","modified_gmt":"2020-02-06T06:43:05","slug":"kiillotuskone-m12-bps-0-milwaukee","status":"publish","type":"product","link":"https:\/\/silikotek.sapartners.site\/index.php\/tuote\/kiillotuskone-m12-bps-0-milwaukee\/","title":{"rendered":"Milwaukee M12 BPS-0 Kiillotuskone"},"content":{"rendered":"<table class=\"table product__detail-table js-responsive-table\">\n<tbody>\n<tr>\n<th class=\"product__detail-table--no-border table-area-heading\">Tekniset tiedot<\/th>\n<th class=\"product__detail-table--no-border product__detail-table--centered\">\u00a0M12 BPS-0<\/th>\n<\/tr>\n<tr>\n<th>Akkutyyppi<\/th>\n<td data-th=\"Akkutyyppi\">Li-ion<\/td>\n<\/tr>\n<tr>\n<th>Akun kapasiteetti (Ah)<\/th>\n<td data-th=\"Akun kapasiteetti (Ah)\">Ei akkuja<\/td>\n<\/tr>\n<tr>\n<th>Karan koko<\/th>\n<td data-th=\"Karan koko\">M9 x 0.75<\/td>\n<\/tr>\n<tr>\n<th>Kuormittamaton nopeus (r\/min)<\/th>\n<td data-th=\"Kuormittamaton nopeus (r\/min)\">2500 \/ 7500<\/td>\n<\/tr>\n<tr>\n<th>Kuormittamaton nopeus 1.vaihteella (r\/min)<\/th>\n<td data-th=\"Kuormittamaton nopeus 1.vaihteella (r\/min)\">0 &#8211; 2800<\/td>\n<\/tr>\n<tr>\n<th>Kuormittamaton nopeus 2.vaihteella (r\/min)<\/th>\n<td data-th=\"Kuormittamaton nopeus 2.vaihteella (r\/min)\">0 &#8211; 8300<\/td>\n<\/tr>\n<tr>\n<th>Laikan halkaisija (mm)<\/th>\n<td data-th=\"Laikan halkaisija (mm)\">76<\/td>\n<\/tr>\n<tr>\n<th>Mukana laturi<\/th>\n<td data-th=\"Mukana laturi\">\u2500<\/td>\n<\/tr>\n<tr>\n<th>Mukana tulevien akkujen m\u00e4\u00e4r\u00e4<\/th>\n<td data-th=\"Mukana tulevien akkujen m\u00e4\u00e4r\u00e4\">0<\/td>\n<\/tr>\n<tr>\n<th>Paino akun kanssa (kg)<\/th>\n<td data-th=\"Paino akun kanssa (kg)\">&#8211;<\/td>\n<\/tr>\n<tr>\n<th>Sis\u00e4lt\u00e4\u00e4<\/th>\n<td data-th=\"Sis\u00e4lt\u00e4\u00e4\">\u2212<\/td>\n<\/tr>\n<tr>\n<th>T\u00e4rin\u00e4taso kiillottaminen (m\/s\u00b2)<\/th>\n<td data-th=\"T\u00e4rin\u00e4taso kiillottaminen (m\/s\u00b2)\">2.95<\/td>\n<\/tr>\n<tr>\n<th>T\u00e4rin\u00e4taso kiillottaminen: ep\u00e4varmuus (m\/s\u00b2)<\/th>\n<td data-th=\"T\u00e4rin\u00e4taso kiillottaminen: ep\u00e4varmuus (m\/s\u00b2)\">1.83<\/td>\n<\/tr>\n<tr>\n<th>Toimitetaan<\/th>\n<td data-th=\"Toimitetaan\">Toimitetaan ilman laatikkoa<\/td>\n<\/tr>\n<tr>\n<th>Tuotenumero<\/th>\n<td data-th=\"Tuotenumero\">4933447791<\/td>\n<\/tr>\n<tr>\n<th>Vakiovarustus<\/th>\n<td data-th=\"Vakiovarustus\">Kiillotusalusta, hionta-alusta, valkoinen kiillotussieni, keltainen kiillotussieni, lampaanvillainen kiillotusalusta, sivukahva<\/td>\n<\/tr>\n<tr>\n<th>Voltit (V)<\/th>\n<td data-th=\"Voltit (V)\">12<\/td>\n<\/tr>\n<tr class=\"table__accordion-btn\">\n<th colspan=\"2\"><\/th>\n<\/tr>\n<\/tbody>\n<\/table>\n<table class=\"table product__detail-table js-responsive-table\">\n<tbody>\n<tr class=\"table__hidden-area js-hidden-table-area is-active\">\n<th>\u00c4\u00e4nen tehotaso (dB(A))<\/th>\n<td data-th=\"\u00c4\u00e4nen tehotaso (dB(A))\">79.2<\/td>\n<\/tr>\n<tr class=\"table__hidden-area js-hidden-table-area is-active\">\n<th>\u00c4\u00e4nentehotason ep\u00e4varmuus (dB(A))<\/th>\n<td data-th=\"\u00c4\u00e4nentehotason ep\u00e4varmuus (dB(A))\">3<\/td>\n<\/tr>\n<tr class=\"table__hidden-area js-hidden-table-area is-active\">\n<th>Akustinen paine &#8211; ep\u00e4varmuus (dB(A))<\/th>\n<td data-th=\"Akustinen paine - ep\u00e4varmuus (dB(A))\">3<\/td>\n<\/tr>\n<tr class=\"table__hidden-area js-hidden-table-area is-active\">\n<th>Akustinen paine (dB(A))<\/th>\n<td data-th=\"Akustinen paine (dB(A))\">68.24<\/td>\n<\/tr>\n<tr class=\"table__hidden-area js-hidden-table-area is-active\">\n<th>T\u00e4rin\u00e4taso hiottaessa (m\/s\u00b2)<\/th>\n<td data-th=\"T\u00e4rin\u00e4taso hiottaessa (m\/s\u00b2)\">2.3<\/td>\n<\/tr>\n<tr class=\"table__hidden-area js-hidden-table-area is-active\">\n<th>T\u00e4rin\u00e4taso hiottaessa: ep\u00e4varmuus (m\/s\u00b2)<\/th>\n<td data-th=\"T\u00e4rin\u00e4taso hiottaessa: ep\u00e4varmuus (m\/s\u00b2)\">1.5<\/td>\n<\/tr>\n<\/tbody>\n<\/table>\n<p>&nbsp;<\/p>\n<p><iframe loading=\"lazy\" title=\"Milwaukee\u00ae M12\u2122 System Overview\" width=\"1080\" height=\"608\" src=\"https:\/\/www.youtube.com\/embed\/dj4FaxDWyks?feature=oembed\" frameborder=\"0\" allow=\"accelerometer; autoplay; encrypted-media; gyroscope; picture-in-picture\" allowfullscreen><\/iframe><\/p>\n","protected":false},"excerpt":{"rendered":"<div class=\"product__description-content js-product-content\">\n<p>2-nopeuksinen vaihteisto (0-2800 \/ 0-8300 rpm) killotus- ja hiontatoimintoihin. REDLINK PLUS&#x2122; -elektroniikka tarjoaa kehittyneen digitaalisen ylikuormitussuojan sek\u00e4 ty\u00f6kalulle ett\u00e4 akulle parantaen ainutlaatuisella tavalla ty\u00f6kalun suorituskyky\u00e4 kuormituksessa. Suuri 76 mm kiillotussieni ja 50 mm hionta-alusta nopeuttavat ty\u00f6skentely\u00e4.<br \/>\nKompakti 130 mm muotoilu mahdollistaa p\u00e4\u00e4syn hankaliinkin tiloihin. Karalukko mahdollistaa nopeat tarvikkeiden vaihdot ilman avainta. Irrotettava kahva voidaan s\u00e4\u00e4t\u00e4\u00e4 2 eri asentoon.<\/p>\n<p>Pitk\u00e4 k\u00e4ytt\u00f6aika yhdell\u00e4 akun latauksella. Yksitt\u00e4isten akun kennojen valvonta optimoi ty\u00f6kalun k\u00e4ytt\u00f6ajan ja varmistaa akun kest\u00e4vyyden. REDLITHIUM&#x2122;-ION-akun ylivoimainen rakenne, elektroniikka ja jatkuva suorituskyky takaavat pidemm\u00e4n k\u00e4ytt\u00f6ajan ja -i\u00e4n. Toimii kaikilla MILWAUKEE\u00ae M12&#x2122; -akuilla. Toimitetaan ilman akkua ja laturia. Mukana tulee kuitenkin kiillotusalusta, hionta-alusta, valkoinen kiillotussieni, keltainen kiillotussieni, lampaanvilla-alusta ja sivukahva.<\/p>\n<\/div>\n","protected":false},"featured_media":22022,"template":"","meta":{"_et_pb_use_builder":"","_et_pb_old_content":"","_et_gb_content_width":""},"pwb-brand":[1452],"product_brand":[],"product_cat":[946],"product_tag":[],"class_list":{"0":"post-13391","1":"product","2":"type-product","3":"status-publish","4":"has-post-thumbnail","6":"pwb-brand-milwaukee","7":"product_cat-akkutoimiset-kiillotuskoneet","9":"first","10":"instock","11":"taxable","12":"shipping-taxable","13":"purchasable","14":"product-type-simple"},"brands":[{"id":1452,"name":"Milwaukee","slug":"milwaukee"}],"_links":{"self":[{"href":"https:\/\/silikotek.sapartners.site\/index.php\/wp-json\/wp\/v2\/product\/13391","targetHints":{"allow":["GET"]}}],"collection":[{"href":"https:\/\/silikotek.sapartners.site\/index.php\/wp-json\/wp\/v2\/product"}],"about":[{"href":"https:\/\/silikotek.sapartners.site\/index.php\/wp-json\/wp\/v2\/types\/product"}],"wp:featuredmedia":[{"embeddable":true,"href":"https:\/\/silikotek.sapartners.site\/index.php\/wp-json\/wp\/v2\/media\/22022"}],"wp:attachment":[{"href":"https:\/\/silikotek.sapartners.site\/index.php\/wp-json\/wp\/v2\/media?parent=13391"}],"wp:term":[{"taxonomy":"pwb-brand","embeddable":true,"href":"https:\/\/silikotek.sapartners.site\/index.php\/wp-json\/wp\/v2\/pwb-brand?post=13391"},{"taxonomy":"product_brand","embeddable":true,"href":"https:\/\/silikotek.sapartners.site\/index.php\/wp-json\/wp\/v2\/product_brand?post=13391"},{"taxonomy":"product_cat","embeddable":true,"href":"https:\/\/silikotek.sapartners.site\/index.php\/wp-json\/wp\/v2\/product_cat?post=13391"},{"taxonomy":"product_tag","embeddable":true,"href":"https:\/\/silikotek.sapartners.site\/index.php\/wp-json\/wp\/v2\/product_tag?post=13391"}],"curies":[{"name":"wp","href":"https:\/\/api.w.org\/{rel}","templated":true}]}}