{"id":13375,"date":"2015-11-06T15:14:47","date_gmt":"2015-11-06T15:14:47","guid":{"rendered":"http:\/\/192.168.100.222\/target_carts\/wordpress\/wordpress495\/wordpress\/?product=akkuruuvinvaannin-m12-cd-0-milwaukee"},"modified":"2020-02-04T09:40:46","modified_gmt":"2020-02-04T07:40:46","slug":"akkuruuvinvaannin-m12-cd-0-milwaukee","status":"publish","type":"product","link":"https:\/\/silikotek.sapartners.site\/index.php\/tuote\/akkuruuvinvaannin-m12-cd-0-milwaukee\/","title":{"rendered":"Milwaukee M12 Fuel&#x2122; CD-0 Akkuruuvinv\u00e4\u00e4nnin"},"content":{"rendered":"<table class=\"table product__detail-table js-responsive-table\">\n<tbody>\n<tr>\n<th class=\"product__detail-table--no-border table-area-heading\">Tekniset tiedot<\/th>\n<th class=\"product__detail-table--no-border product__detail-table--centered\">\u00a0M12 CD-0<\/th>\n<\/tr>\n<tr>\n<th>Akkutyyppi<\/th>\n<td data-th=\"Akkutyyppi\">Li-ion<\/td>\n<\/tr>\n<tr>\n<th>Akun kapasiteetti (Ah)<\/th>\n<td data-th=\"Akun kapasiteetti (Ah)\">Ei akkuja<\/td>\n<\/tr>\n<tr>\n<th>Kuormittamaton nopeus 1.vaihteella (r\/min)<\/th>\n<td data-th=\"Kuormittamaton nopeus 1.vaihteella (r\/min)\">0 &#8211; 450<\/td>\n<\/tr>\n<tr>\n<th>Kuormittamaton nopeus 2.vaihteella (r\/min)<\/th>\n<td data-th=\"Kuormittamaton nopeus 2.vaihteella (r\/min)\">0 &#8211; 1700<\/td>\n<\/tr>\n<tr>\n<th>Maks. poraus puuhun (mm)<\/th>\n<td data-th=\"Maks. poraus puuhun (mm)\">25<\/td>\n<\/tr>\n<tr>\n<th>Maks. poraus ter\u00e4kseen (mm)<\/th>\n<td data-th=\"Maks. poraus ter\u00e4kseen (mm)\">10<\/td>\n<\/tr>\n<tr>\n<th>Maks. porauskapasiteetti puuhun\/ter\u00e4kseen (mm)<\/th>\n<td data-th=\"Maks. porauskapasiteetti puuhun\/ter\u00e4kseen (mm)\">25\/ 10<\/td>\n<\/tr>\n<tr>\n<th>Maks. v\u00e4\u00e4nt\u00f6 (Nm)<\/th>\n<td data-th=\"Maks. v\u00e4\u00e4nt\u00f6 (Nm)\">37<\/td>\n<\/tr>\n<tr>\n<th>Mukana laturi<\/th>\n<td data-th=\"Mukana laturi\">\u2500<\/td>\n<\/tr>\n<tr>\n<th>Mukana tulevien akkujen m\u00e4\u00e4r\u00e4<\/th>\n<td data-th=\"Mukana tulevien akkujen m\u00e4\u00e4r\u00e4\">0<\/td>\n<\/tr>\n<tr>\n<th>Paino akun kanssa (kg)<\/th>\n<td data-th=\"Paino akun kanssa (kg)\">1.2<\/td>\n<\/tr>\n<tr>\n<th>Puuruuvit (mm)<\/th>\n<td data-th=\"Puuruuvit (mm)\">8<\/td>\n<\/tr>\n<tr>\n<th>Toimitetaan<\/th>\n<td data-th=\"Toimitetaan\">Toimitetaan ilman laatikkoa<\/td>\n<\/tr>\n<tr>\n<th>Tuotenumero<\/th>\n<td data-th=\"Tuotenumero\">4933440450<\/td>\n<\/tr>\n<tr>\n<th>Voltit (V)<\/th>\n<td data-th=\"Voltit (V)\">12<\/td>\n<\/tr>\n<tr class=\"table__accordion-btn\">\n<th colspan=\"2\"><\/th>\n<\/tr>\n<\/tbody>\n<\/table>\n<table class=\"table product__detail-table js-responsive-table\">\n<tbody>\n<tr class=\"table__hidden-area js-hidden-table-area is-active\">\n<th>\u00c4\u00e4nen tehotaso (dB(A))<\/th>\n<td data-th=\"\u00c4\u00e4nen tehotaso (dB(A))\">85<\/td>\n<\/tr>\n<tr class=\"table__hidden-area js-hidden-table-area is-active\">\n<th>\u00c4\u00e4nentehotason ep\u00e4varmuus (dB(A))<\/th>\n<td data-th=\"\u00c4\u00e4nentehotason ep\u00e4varmuus (dB(A))\">3<\/td>\n<\/tr>\n<tr class=\"table__hidden-area js-hidden-table-area is-active\">\n<th>Akustinen paine &#8211; ep\u00e4varmuus (dB(A))<\/th>\n<td data-th=\"Akustinen paine - ep\u00e4varmuus (dB(A))\">3<\/td>\n<\/tr>\n<tr class=\"table__hidden-area js-hidden-table-area is-active\">\n<th>Akustinen paine (dB(A))<\/th>\n<td data-th=\"Akustinen paine (dB(A))\">74<\/td>\n<\/tr>\n<tr class=\"table__hidden-area js-hidden-table-area is-active\">\n<th>T\u00e4rin\u00e4taso metalliin porattaessa (m\/s\u00b2)<\/th>\n<td data-th=\"T\u00e4rin\u00e4taso metalliin porattaessa (m\/s\u00b2)\">1.27<\/td>\n<\/tr>\n<tr class=\"table__hidden-area js-hidden-table-area is-active\">\n<th>T\u00e4rin\u00e4taso metalliin porattaessa: ep\u00e4varmuus (m\/s\u00b2)<\/th>\n<td data-th=\"T\u00e4rin\u00e4taso metalliin porattaessa: ep\u00e4varmuus (m\/s\u00b2)\">1.5<\/td>\n<\/tr>\n<tr class=\"table__hidden-area js-hidden-table-area is-active\">\n<th>T\u00e4rin\u00e4taso ruuvaaminen (m\/s\u00b2)<\/th>\n<td data-th=\"T\u00e4rin\u00e4taso ruuvaaminen (m\/s\u00b2)\">1.27<\/td>\n<\/tr>\n<tr class=\"table__hidden-area js-hidden-table-area is-active\">\n<th>T\u00e4rin\u00e4taso ruuvaaminen: ep\u00e4varmuus (m\/s\u00b2)<\/th>\n<td data-th=\"T\u00e4rin\u00e4taso ruuvaaminen: ep\u00e4varmuus (m\/s\u00b2)\">1.5<\/td>\n<\/tr>\n<\/tbody>\n<\/table>\n<p><iframe loading=\"lazy\" title=\"A Look Inside Milwaukee FUEL\u2122 Technology\" width=\"1080\" height=\"608\" src=\"https:\/\/www.youtube.com\/embed\/kAssr9ONM18?feature=oembed\" frameborder=\"0\" allow=\"accelerometer; autoplay; encrypted-media; gyroscope; picture-in-picture\" allowfullscreen><\/iframe><\/p>\n","protected":false},"excerpt":{"rendered":"<div class=\"product__description-content js-product-content\">\n<p>Hiiliharjaton POWERSTATE&#x2122;-moottori tarjoaa jopa 10x pidemm\u00e4n moottorin k\u00e4ytt\u00f6i\u00e4n, 2x enemm\u00e4n voimaa ja 2x enemm\u00e4n k\u00e4ytt\u00f6aikaa. REDLINK PLUS&#x2122; -elektroniikka tarjoaa kehittyneen digitaalisen ylikuormitussuojan sek\u00e4 ty\u00f6kalulle ett\u00e4 akulle parantaen ainutlaatuisella tavalla ty\u00f6kalun suorituskyky\u00e4 kuormituksessa.<br \/>\n\u00bc\u2033 Hex-istukka mahdollistaa nopeat ter\u00e4n vaihdot. Kirkas LED-ty\u00f6valo valaisee ty\u00f6stett\u00e4v\u00e4n pinnan<\/p>\n<p>REDLITHIUM&#x2122;-ION-akun ylivoimainen rakenne, elektroniikka ja jatkuva suorituskyky takaavat pidemm\u00e4n k\u00e4ytt\u00f6ajan ja -i\u00e4n. Yksitt\u00e4inen kennojen halinta optimoi k\u00e4ytt\u00f6ajan ja varmistaa akun pitk\u00e4n k\u00e4ytt\u00f6i\u00e4n. Virtamittari ilmaisee j\u00e4ljell\u00e4 olevan varauksen.\u00a0Toimii kaikilla MILWAUKEE\u00ae M12&#x2122; -akuilla. Toimitetaan ilman akkua ja laturia.<\/p>\n<\/div>\n","protected":false},"featured_media":21996,"template":"","meta":{"_et_pb_use_builder":"","_et_pb_old_content":"","_et_gb_content_width":""},"pwb-brand":[1452],"product_brand":[],"product_cat":[897],"product_tag":[],"class_list":{"0":"post-13375","1":"product","2":"type-product","3":"status-publish","4":"has-post-thumbnail","6":"pwb-brand-milwaukee","7":"product_cat-akkuruuvinvaantimet","9":"first","10":"instock","11":"taxable","12":"shipping-taxable","13":"purchasable","14":"product-type-simple"},"brands":[{"id":1452,"name":"Milwaukee","slug":"milwaukee"}],"_links":{"self":[{"href":"https:\/\/silikotek.sapartners.site\/index.php\/wp-json\/wp\/v2\/product\/13375","targetHints":{"allow":["GET"]}}],"collection":[{"href":"https:\/\/silikotek.sapartners.site\/index.php\/wp-json\/wp\/v2\/product"}],"about":[{"href":"https:\/\/silikotek.sapartners.site\/index.php\/wp-json\/wp\/v2\/types\/product"}],"wp:featuredmedia":[{"embeddable":true,"href":"https:\/\/silikotek.sapartners.site\/index.php\/wp-json\/wp\/v2\/media\/21996"}],"wp:attachment":[{"href":"https:\/\/silikotek.sapartners.site\/index.php\/wp-json\/wp\/v2\/media?parent=13375"}],"wp:term":[{"taxonomy":"pwb-brand","embeddable":true,"href":"https:\/\/silikotek.sapartners.site\/index.php\/wp-json\/wp\/v2\/pwb-brand?post=13375"},{"taxonomy":"product_brand","embeddable":true,"href":"https:\/\/silikotek.sapartners.site\/index.php\/wp-json\/wp\/v2\/product_brand?post=13375"},{"taxonomy":"product_cat","embeddable":true,"href":"https:\/\/silikotek.sapartners.site\/index.php\/wp-json\/wp\/v2\/product_cat?post=13375"},{"taxonomy":"product_tag","embeddable":true,"href":"https:\/\/silikotek.sapartners.site\/index.php\/wp-json\/wp\/v2\/product_tag?post=13375"}],"curies":[{"name":"wp","href":"https:\/\/api.w.org\/{rel}","templated":true}]}}