{"id":13352,"date":"2015-11-06T13:00:44","date_gmt":"2015-11-06T13:00:44","guid":{"rendered":"http:\/\/192.168.100.222\/target_carts\/wordpress\/wordpress495\/wordpress\/?product=akkuiskuporakone-bpd-0-milwaukee"},"modified":"2020-02-06T07:44:38","modified_gmt":"2020-02-06T05:44:38","slug":"akkuiskuporakone-bpd-0-milwaukee","status":"publish","type":"product","link":"https:\/\/silikotek.sapartners.site\/index.php\/tuote\/akkuiskuporakone-bpd-0-milwaukee\/","title":{"rendered":"Milwaukee M12 BPD-0 Akkuiskuporakone"},"content":{"rendered":"<table class=\"table product__detail-table js-responsive-table\">\n<tbody>\n<tr>\n<th class=\"product__detail-table--no-border table-area-heading\">Tekniset tiedot<\/th>\n<th class=\"product__detail-table--no-border product__detail-table--centered\">\u00a0M12 BPD-0<\/th>\n<\/tr>\n<tr>\n<th>Akkutyyppi<\/th>\n<td data-th=\"Akkutyyppi\">Li-ion<\/td>\n<\/tr>\n<tr>\n<th>Akun kapasiteetti (Ah)<\/th>\n<td data-th=\"Akun kapasiteetti (Ah)\">Ei akkuja<\/td>\n<\/tr>\n<tr>\n<th>Istukkakapasiteetti (mm)<\/th>\n<td data-th=\"Istukkakapasiteetti (mm)\">10<\/td>\n<\/tr>\n<tr>\n<th>Kuormittamaton nopeus 1.vaihteella (r\/min)<\/th>\n<td data-th=\"Kuormittamaton nopeus 1.vaihteella (r\/min)\">0 &#8211; 400<\/td>\n<\/tr>\n<tr>\n<th>Kuormittamaton nopeus 2.vaihteella (r\/min)<\/th>\n<td data-th=\"Kuormittamaton nopeus 2.vaihteella (r\/min)\">0 &#8211; 1500<\/td>\n<\/tr>\n<tr>\n<th>Maks. iskuluku (iskua\/min)<\/th>\n<td data-th=\"Maks. iskuluku (iskua\/min)\">22,500<\/td>\n<\/tr>\n<tr>\n<th>Maks. poraus betoniin (mm)<\/th>\n<td data-th=\"Maks. poraus betoniin (mm)\">10<\/td>\n<\/tr>\n<tr>\n<th>Maks. poraus puuhun (mm)<\/th>\n<td data-th=\"Maks. poraus puuhun (mm)\">22<\/td>\n<\/tr>\n<tr>\n<th>Maks. poraus ter\u00e4kseen (mm)<\/th>\n<td data-th=\"Maks. poraus ter\u00e4kseen (mm)\">10<\/td>\n<\/tr>\n<tr>\n<th>Maks. porauskapasiteetti puuhun\/ter\u00e4kseen\/muuraustuotteisiin (mm)<\/th>\n<td data-th=\"Maks. porauskapasiteetti puuhun\/ter\u00e4kseen\/muuraustuotteisiin (mm)\">22\/ 10\/ 10<\/td>\n<\/tr>\n<tr>\n<th>Maks. v\u00e4\u00e4nt\u00f6 (Nm)<\/th>\n<td data-th=\"Maks. v\u00e4\u00e4nt\u00f6 (Nm)\">30<\/td>\n<\/tr>\n<tr>\n<th>Mukana laturi<\/th>\n<td data-th=\"Mukana laturi\">\u2500<\/td>\n<\/tr>\n<tr>\n<th>Mukana tulevien akkujen m\u00e4\u00e4r\u00e4<\/th>\n<td data-th=\"Mukana tulevien akkujen m\u00e4\u00e4r\u00e4\">0<\/td>\n<\/tr>\n<tr>\n<th>Paino akun kanssa (kg)<\/th>\n<td data-th=\"Paino akun kanssa (kg)\">&#8211;<\/td>\n<\/tr>\n<tr>\n<th>Puuruuvit (mm)<\/th>\n<td data-th=\"Puuruuvit (mm)\">6<\/td>\n<\/tr>\n<tr>\n<th>Toimitetaan<\/th>\n<td data-th=\"Toimitetaan\">Toimitetaan ilman laatikkoa<\/td>\n<\/tr>\n<tr>\n<th>Tuotenumero<\/th>\n<td data-th=\"Tuotenumero\">4933441950<\/td>\n<\/tr>\n<tr>\n<th>Voltit (V)<\/th>\n<td data-th=\"Voltit (V)\">12<\/td>\n<\/tr>\n<tr class=\"table__accordion-btn\">\n<th colspan=\"2\"><\/th>\n<\/tr>\n<\/tbody>\n<\/table>\n<table class=\"table product__detail-table js-responsive-table\">\n<tbody>\n<tr class=\"table__hidden-area js-hidden-table-area is-active\">\n<th>\u00c4\u00e4nen tehotaso (dB(A))<\/th>\n<td data-th=\"\u00c4\u00e4nen tehotaso (dB(A))\"><\/td>\n<td data-th=\"\u00c4\u00e4nen tehotaso (dB(A))\"><\/td>\n<td data-th=\"\u00c4\u00e4nen tehotaso (dB(A))\">97<\/td>\n<\/tr>\n<tr class=\"table__hidden-area js-hidden-table-area is-active\">\n<th>\u00c4\u00e4nentehotason ep\u00e4varmuus (dB(A))<\/th>\n<td data-th=\"\u00c4\u00e4nentehotason ep\u00e4varmuus (dB(A))\"><\/td>\n<td data-th=\"\u00c4\u00e4nentehotason ep\u00e4varmuus (dB(A))\"><\/td>\n<td data-th=\"\u00c4\u00e4nentehotason ep\u00e4varmuus (dB(A))\">3<\/td>\n<\/tr>\n<tr class=\"table__hidden-area js-hidden-table-area is-active\">\n<th>Akustinen paine &#8211; ep\u00e4varmuus (dB(A))<\/th>\n<td data-th=\"Akustinen paine - ep\u00e4varmuus (dB(A))\"><\/td>\n<td data-th=\"Akustinen paine - ep\u00e4varmuus (dB(A))\"><\/td>\n<td data-th=\"Akustinen paine - ep\u00e4varmuus (dB(A))\">3<\/td>\n<\/tr>\n<tr class=\"table__hidden-area js-hidden-table-area is-active\">\n<th>Akustinen paine (dB(A))<\/th>\n<td data-th=\"Akustinen paine (dB(A))\"><\/td>\n<td data-th=\"Akustinen paine (dB(A))\"><\/td>\n<td data-th=\"Akustinen paine (dB(A))\">85<\/td>\n<\/tr>\n<tr class=\"table__hidden-area js-hidden-table-area is-active\">\n<th>T\u00e4rin\u00e4taso betoniin porattaessa (m\/s\u00b2)<\/th>\n<td data-th=\"T\u00e4rin\u00e4taso betoniin porattaessa (m\/s\u00b2)\"><\/td>\n<td data-th=\"T\u00e4rin\u00e4taso betoniin porattaessa (m\/s\u00b2)\"><\/td>\n<td data-th=\"T\u00e4rin\u00e4taso betoniin porattaessa (m\/s\u00b2)\">7.9<\/td>\n<\/tr>\n<tr class=\"table__hidden-area js-hidden-table-area is-active\">\n<th>T\u00e4rin\u00e4taso metalliin porattaessa (m\/s\u00b2)<\/th>\n<td data-th=\"T\u00e4rin\u00e4taso metalliin porattaessa (m\/s\u00b2)\"><\/td>\n<td data-th=\"T\u00e4rin\u00e4taso metalliin porattaessa (m\/s\u00b2)\"><\/td>\n<td data-th=\"T\u00e4rin\u00e4taso metalliin porattaessa (m\/s\u00b2)\">1.5<\/td>\n<\/tr>\n<tr class=\"table__hidden-area js-hidden-table-area is-active\">\n<th>T\u00e4rin\u00e4taso metalliin porattaessa: ep\u00e4varmuus (m\/s\u00b2)<\/th>\n<td data-th=\"T\u00e4rin\u00e4taso metalliin porattaessa: ep\u00e4varmuus (m\/s\u00b2)\"><\/td>\n<td data-th=\"T\u00e4rin\u00e4taso metalliin porattaessa: ep\u00e4varmuus (m\/s\u00b2)\"><\/td>\n<td data-th=\"T\u00e4rin\u00e4taso metalliin porattaessa: ep\u00e4varmuus (m\/s\u00b2)\">1.5<\/td>\n<\/tr>\n<tr class=\"table__hidden-area js-hidden-table-area is-active\">\n<th>T\u00e4rin\u00e4taso ruuvaaminen (m\/s\u00b2)<\/th>\n<td data-th=\"T\u00e4rin\u00e4taso ruuvaaminen (m\/s\u00b2)\"><\/td>\n<td data-th=\"T\u00e4rin\u00e4taso ruuvaaminen (m\/s\u00b2)\"><\/td>\n<td data-th=\"T\u00e4rin\u00e4taso ruuvaaminen (m\/s\u00b2)\">0.4<\/td>\n<\/tr>\n<tr class=\"table__hidden-area js-hidden-table-area is-active\">\n<th>T\u00e4rin\u00e4taso ruuvaaminen: ep\u00e4varmuus (m\/s\u00b2)<\/th>\n<td data-th=\"T\u00e4rin\u00e4taso ruuvaaminen: ep\u00e4varmuus (m\/s\u00b2)\"><\/td>\n<td data-th=\"T\u00e4rin\u00e4taso ruuvaaminen: ep\u00e4varmuus (m\/s\u00b2)\"><\/td>\n<td data-th=\"T\u00e4rin\u00e4taso ruuvaaminen: ep\u00e4varmuus (m\/s\u00b2)\">1.5<\/td>\n<\/tr>\n<tr class=\"table__hidden-area js-hidden-table-area is-active\">\n<th>T\u00e4rin\u00e4tasossa betoniin porattaessa: ep\u00e4varmuus (m\/s\u00b2)<\/th>\n<td data-th=\"T\u00e4rin\u00e4tasossa betoniin porattaessa: ep\u00e4varmuus (m\/s\u00b2)\"><\/td>\n<td data-th=\"T\u00e4rin\u00e4tasossa betoniin porattaessa: ep\u00e4varmuus (m\/s\u00b2)\"><\/td>\n<td data-th=\"T\u00e4rin\u00e4tasossa betoniin porattaessa: ep\u00e4varmuus (m\/s\u00b2)\">1.5<\/td>\n<\/tr>\n<\/tbody>\n<\/table>\n<p><iframe loading=\"lazy\" title=\"Milwaukee\u00ae Powertools M12 Next Gen Sub Compact Hammer Drill Driver - M12 BPD\" width=\"1080\" height=\"608\" src=\"https:\/\/www.youtube.com\/embed\/RNMnP_pvo4s?feature=oembed\" frameborder=\"0\" allow=\"accelerometer; autoplay; encrypted-media; gyroscope; picture-in-picture\" allowfullscreen><\/iframe><\/p>\n","protected":false},"excerpt":{"rendered":"<p>Kompakti M12 iskuporakone. Vain 185 mm pitk\u00e4. 10mm istukka helppoon ruuvin vaihtoon. 21-portainen momentins\u00e4\u00e4t\u00f6 ja porausaste, 38 Nm, 400\/1500 r\/min. Iskuluku 22 500 iskua\/min. Poraus \u00d8 ter\u00e4kseen\/puuhun\/tiileen: 10\/25\/7 mm. Softgrip-kahva. Sis\u00e4\u00e4nrakennettu LED-lamppu valaisee ty\u00f6skentelyalueen.\u00a0 Li-Ion akku antaa pitk\u00e4n k\u00e4ytt\u00f6ajan ja optimaallisen kest\u00e4vyyden. Akun virtamittari n\u00e4ytt\u00e4\u00e4 kuinka paljon akussa on virtaa j\u00e4ljell\u00e4. 2,0 Ah REDLITHIUM-ION&#x2122; akku tarjoaa parhaan ergonomian. Paino 1,1 kg. Toimitetaan laatikossa ilman akkua ja laturia.<\/p>\n","protected":false},"featured_media":19891,"template":"","meta":{"_et_pb_use_builder":"off","_et_pb_old_content":"Kompakti M12 iskuporakone. Vain 185 mm pitk\u00e4. 10mm istukka helppoon ruuvin vaihtoon. 21-portainen\r\nmomentins\u00e4\u00e4t\u00f6 ja porausaste, 38 Nm, 400\/1500 r\/min. Iskuluku 22 500 iskua\/min. Poraus \u00d8\r\nter\u00e4kseen\/puuhun\/tiileen: 10\/25\/7 mm. Softgrip-kahva. Sis\u00e4\u00e4nrakennettu LED-lamppu valaisee\r\nty\u00f6skentelyalueen.\u00a0 Li-Ion akku antaa pitk\u00e4n k\u00e4ytt\u00f6ajan ja optimaallisen kest\u00e4vyyden. Akun virtamittari\r\nn\u00e4ytt\u00e4\u00e4 kuinka paljon akussa on virtaa j\u00e4ljell\u00e4. 2,0 Ah REDLITHIUM-ION\u2122 akku tarjoaa parhaan\r\nergonomian. Paino 1,1 kg. Laatikossa, ilman akkua ja laturia.","_et_gb_content_width":""},"pwb-brand":[1452],"product_brand":[],"product_cat":[732],"product_tag":[],"class_list":{"0":"post-13352","1":"product","2":"type-product","3":"status-publish","4":"has-post-thumbnail","6":"pwb-brand-milwaukee","7":"product_cat-akkuporakoneet-12-v","9":"first","10":"instock","11":"taxable","12":"shipping-taxable","13":"purchasable","14":"product-type-simple"},"brands":[{"id":1452,"name":"Milwaukee","slug":"milwaukee"}],"_links":{"self":[{"href":"https:\/\/silikotek.sapartners.site\/index.php\/wp-json\/wp\/v2\/product\/13352","targetHints":{"allow":["GET"]}}],"collection":[{"href":"https:\/\/silikotek.sapartners.site\/index.php\/wp-json\/wp\/v2\/product"}],"about":[{"href":"https:\/\/silikotek.sapartners.site\/index.php\/wp-json\/wp\/v2\/types\/product"}],"wp:featuredmedia":[{"embeddable":true,"href":"https:\/\/silikotek.sapartners.site\/index.php\/wp-json\/wp\/v2\/media\/19891"}],"wp:attachment":[{"href":"https:\/\/silikotek.sapartners.site\/index.php\/wp-json\/wp\/v2\/media?parent=13352"}],"wp:term":[{"taxonomy":"pwb-brand","embeddable":true,"href":"https:\/\/silikotek.sapartners.site\/index.php\/wp-json\/wp\/v2\/pwb-brand?post=13352"},{"taxonomy":"product_brand","embeddable":true,"href":"https:\/\/silikotek.sapartners.site\/index.php\/wp-json\/wp\/v2\/product_brand?post=13352"},{"taxonomy":"product_cat","embeddable":true,"href":"https:\/\/silikotek.sapartners.site\/index.php\/wp-json\/wp\/v2\/product_cat?post=13352"},{"taxonomy":"product_tag","embeddable":true,"href":"https:\/\/silikotek.sapartners.site\/index.php\/wp-json\/wp\/v2\/product_tag?post=13352"}],"curies":[{"name":"wp","href":"https:\/\/api.w.org\/{rel}","templated":true}]}}