{"id":13316,"date":"2015-11-05T15:09:52","date_gmt":"2015-11-05T15:09:52","guid":{"rendered":"http:\/\/192.168.100.222\/target_carts\/wordpress\/wordpress495\/wordpress\/?product=mutterinvaannin-1-2-m18-fimf12-502c"},"modified":"2020-04-27T12:54:50","modified_gmt":"2020-04-27T09:54:50","slug":"mutterinvaannin-1-2-m18-fimf12-502c","status":"publish","type":"product","link":"https:\/\/silikotek.sapartners.site\/index.php\/tuote\/mutterinvaannin-1-2-m18-fimf12-502c\/","title":{"rendered":"Mutterinv\u00e4\u00e4nnin 1\/2&#8243; M18 FIMF12-502C"},"content":{"rendered":"<p>Kompakti M18 FUEL&#x2122; \u00bd&#8221; iskev\u00e4 mutteriv\u00e4\u00e4nnin kitkarenkaalla. Hiiliharjaton POWERSTATE&#x2122; moottori<br \/>\ntarjoaa enemm\u00e4n voimaa sek\u00e4 pidemm\u00e4n k\u00e4ytt\u00f6ajan. Pituus vain 127 mm. Milwaukee\u00ae DRIVE<br \/>\nCONTROL&#x2122; mahdollistaa siirtymiset nelj\u00e4n eri vaihteen v\u00e4lill\u00e4, s\u00e4\u00e4t\u00e4\u00e4 my\u00f6s v\u00e4\u00e4nt\u00f6momentin kullekin<br \/>\nty\u00f6lle sopivaksi &#8211; jopa 3000 r\/min, 3700 iskua\/min ja 190 Nm. REDLINK PLUS&#x2122; elektroniikka tarjoa<br \/>\nedistyksellisint\u00e4 digitaalista ylikuormitussuojaa sek\u00e4 ty\u00f6kalulle ett\u00e4 akulle joka parantaa ty\u00f6kalun<br \/>\nsuorituskyky\u00e4 kuormituksessa. REDLITHIUM-ION&#x2122; akku takaa pitk\u00e4 k\u00e4ytt\u00f6ajan ja optimoi kest\u00e4vyytt\u00e4.<br \/>\nVirtamittari. LED-valo. Paino akun kanssa XX kg. Mukana 2 x 5,0 Ah REDLITHIUM-ION&#x2122; akkua, 59 min.<br \/>\nlaturi ja laukku.<\/p>\n","protected":false},"excerpt":{"rendered":"<p>Milwaukee akkumutterinv\u00e4\u00e4nnin 1\/2&#8243; M18 FIMF12-502C v\u00e4\u00e4nt\u00f6 4 eri vaihetta 40 Nm, 120 Nm, 120Nm ilman iskua ja\u00a0 300 NM<\/p>\n","protected":false},"featured_media":13315,"template":"","meta":{"_et_pb_use_builder":"","_et_pb_old_content":"","_et_gb_content_width":""},"pwb-brand":[1452],"product_brand":[],"product_cat":[735],"product_tag":[],"class_list":{"0":"post-13316","1":"product","2":"type-product","3":"status-publish","4":"has-post-thumbnail","6":"pwb-brand-milwaukee","7":"product_cat-akkumutterinvaantimet","9":"first","10":"instock","11":"taxable","12":"shipping-taxable","13":"purchasable","14":"product-type-simple"},"brands":[{"id":1452,"name":"Milwaukee","slug":"milwaukee"}],"_links":{"self":[{"href":"https:\/\/silikotek.sapartners.site\/index.php\/wp-json\/wp\/v2\/product\/13316","targetHints":{"allow":["GET"]}}],"collection":[{"href":"https:\/\/silikotek.sapartners.site\/index.php\/wp-json\/wp\/v2\/product"}],"about":[{"href":"https:\/\/silikotek.sapartners.site\/index.php\/wp-json\/wp\/v2\/types\/product"}],"wp:featuredmedia":[{"embeddable":true,"href":"https:\/\/silikotek.sapartners.site\/index.php\/wp-json\/wp\/v2\/media\/13315"}],"wp:attachment":[{"href":"https:\/\/silikotek.sapartners.site\/index.php\/wp-json\/wp\/v2\/media?parent=13316"}],"wp:term":[{"taxonomy":"pwb-brand","embeddable":true,"href":"https:\/\/silikotek.sapartners.site\/index.php\/wp-json\/wp\/v2\/pwb-brand?post=13316"},{"taxonomy":"product_brand","embeddable":true,"href":"https:\/\/silikotek.sapartners.site\/index.php\/wp-json\/wp\/v2\/product_brand?post=13316"},{"taxonomy":"product_cat","embeddable":true,"href":"https:\/\/silikotek.sapartners.site\/index.php\/wp-json\/wp\/v2\/product_cat?post=13316"},{"taxonomy":"product_tag","embeddable":true,"href":"https:\/\/silikotek.sapartners.site\/index.php\/wp-json\/wp\/v2\/product_tag?post=13316"}],"curies":[{"name":"wp","href":"https:\/\/api.w.org\/{rel}","templated":true}]}}