{"id":13307,"date":"2015-11-04T20:27:57","date_gmt":"2015-11-04T20:27:57","guid":{"rendered":"http:\/\/192.168.100.222\/target_carts\/wordpress\/wordpress495\/wordpress\/?product=akkupyorosaha-m18-ccs66-0"},"modified":"2015-11-04T20:32:14","modified_gmt":"2015-11-04T20:32:14","slug":"akkupyorosaha-m18-ccs66-0","status":"publish","type":"product","link":"https:\/\/silikotek.sapartners.site\/index.php\/tuote\/akkupyorosaha-m18-ccs66-0\/","title":{"rendered":"Akkupy\u00f6r\u00f6saha M18 CCS66-0"},"content":{"rendered":"<p>Vallankumouksellinen M18 FUEL py\u00f6r\u00f6saha hiiliharjattomalla moottorilla joka tekee ty\u00f6kalusta <br \/>voimakkaamman, kest\u00e4v\u00e4mm\u00e4n ja antaa sille pidemm\u00e4n k\u00e4ytt\u00f6i\u00e4n. REDLINK\u2122 suojaelektroniikka<br \/>koneessa ja akussa pident\u00e4\u00e4 niiden elinik\u00e4\u00e4 huomattavasti. Maks. katkaisusyvyys 90\u02da\/45\u02da: 66\/48 mm, 50\u00b0<br \/>jiirikapasiteetti. Kuormittamaton kierrosnopeus 0-5000 r\/min. REDLITHIUM-ION\u2122 akku tarjoaa pidemp\u00e4\u00e4<br \/>k\u00e4ytt\u00f6aikaa ja optimaalista kest\u00e4vyytt\u00e4. Virtamittari. Paino akun kanssa 4,2 kg. Toimitetaan laatikossa, 190<br \/>mm ter\u00e4n kanssa ilman akkua ja laturia<\/p>\n","protected":false},"excerpt":{"rendered":"<p>Milwaukee akkupy\u00f6r\u00f6saha M18 CCS66-0 Fuel moottorilla uskomatonta voimaa ja suorituskyky\u00e4. Per\u00e4ti 190 mm ter\u00e4 ja 66 mm leikkuusyvyys.<\/p>\n","protected":false},"featured_media":13305,"template":"","meta":{"_et_pb_use_builder":"","_et_pb_old_content":"","_et_gb_content_width":""},"pwb-brand":[],"product_brand":[],"product_cat":[737],"product_tag":[],"class_list":{"0":"post-13307","1":"product","2":"type-product","3":"status-publish","4":"has-post-thumbnail","6":"product_cat-akkupyorosahat","8":"first","9":"instock","10":"taxable","11":"shipping-taxable","12":"purchasable","13":"product-type-simple"},"brands":[],"_links":{"self":[{"href":"https:\/\/silikotek.sapartners.site\/index.php\/wp-json\/wp\/v2\/product\/13307","targetHints":{"allow":["GET"]}}],"collection":[{"href":"https:\/\/silikotek.sapartners.site\/index.php\/wp-json\/wp\/v2\/product"}],"about":[{"href":"https:\/\/silikotek.sapartners.site\/index.php\/wp-json\/wp\/v2\/types\/product"}],"wp:featuredmedia":[{"embeddable":true,"href":"https:\/\/silikotek.sapartners.site\/index.php\/wp-json\/wp\/v2\/media\/13305"}],"wp:attachment":[{"href":"https:\/\/silikotek.sapartners.site\/index.php\/wp-json\/wp\/v2\/media?parent=13307"}],"wp:term":[{"taxonomy":"pwb-brand","embeddable":true,"href":"https:\/\/silikotek.sapartners.site\/index.php\/wp-json\/wp\/v2\/pwb-brand?post=13307"},{"taxonomy":"product_brand","embeddable":true,"href":"https:\/\/silikotek.sapartners.site\/index.php\/wp-json\/wp\/v2\/product_brand?post=13307"},{"taxonomy":"product_cat","embeddable":true,"href":"https:\/\/silikotek.sapartners.site\/index.php\/wp-json\/wp\/v2\/product_cat?post=13307"},{"taxonomy":"product_tag","embeddable":true,"href":"https:\/\/silikotek.sapartners.site\/index.php\/wp-json\/wp\/v2\/product_tag?post=13307"}],"curies":[{"name":"wp","href":"https:\/\/api.w.org\/{rel}","templated":true}]}}