{"id":13255,"date":"2015-11-03T13:49:12","date_gmt":"2015-11-03T11:49:12","guid":{"rendered":"http:\/\/192.168.100.222\/target_carts\/wordpress\/wordpress495\/wordpress\/?product=ruuvipenkin-leukojen-alumiinisuojat"},"modified":"2018-07-04T13:21:15","modified_gmt":"2018-07-04T10:21:15","slug":"ruuvipenkin-leukojen-alumiinisuojat","status":"publish","type":"product","link":"https:\/\/silikotek.sapartners.site\/index.php\/tuote\/ruuvipenkin-leukojen-alumiinisuojat\/","title":{"rendered":"Ruuvipenkin leukojen alumiinisuojat"},"content":{"rendered":"","protected":false},"excerpt":{"rendered":"<p>Ruuvipenkin leukojen alumiinisuojat sopii l\u00e4hes kaikkiin ruuvipenkkeihin. Magneettikiinnitys. Tarpeellinen kun kiinnitett\u00e4v\u00e4t kappaleet halutaan kiinnitt\u00e4\u00e4 ilman naarmuuntumista.<\/p>\n","protected":false},"featured_media":13254,"template":"","meta":{"_et_pb_use_builder":"","_et_pb_old_content":"","_et_gb_content_width":""},"pwb-brand":[1454],"product_brand":[],"product_cat":[318],"product_tag":[],"class_list":{"0":"post-13255","1":"product","2":"type-product","3":"status-publish","4":"has-post-thumbnail","6":"pwb-brand-kstools","7":"product_cat-ruuvipenkit","8":"pa_leveys-100-mm","9":"pa_leveys-120-mm","10":"pa_leveys-140-mm","11":"pa_leveys-160-mm","12":"pa_leveys-175-mm","14":"first","15":"instock","16":"taxable","17":"shipping-taxable","18":"purchasable","19":"product-type-variable"},"brands":[{"id":1454,"name":"Kstools","slug":"kstools"}],"_links":{"self":[{"href":"https:\/\/silikotek.sapartners.site\/index.php\/wp-json\/wp\/v2\/product\/13255","targetHints":{"allow":["GET"]}}],"collection":[{"href":"https:\/\/silikotek.sapartners.site\/index.php\/wp-json\/wp\/v2\/product"}],"about":[{"href":"https:\/\/silikotek.sapartners.site\/index.php\/wp-json\/wp\/v2\/types\/product"}],"wp:featuredmedia":[{"embeddable":true,"href":"https:\/\/silikotek.sapartners.site\/index.php\/wp-json\/wp\/v2\/media\/13254"}],"wp:attachment":[{"href":"https:\/\/silikotek.sapartners.site\/index.php\/wp-json\/wp\/v2\/media?parent=13255"}],"wp:term":[{"taxonomy":"pwb-brand","embeddable":true,"href":"https:\/\/silikotek.sapartners.site\/index.php\/wp-json\/wp\/v2\/pwb-brand?post=13255"},{"taxonomy":"product_brand","embeddable":true,"href":"https:\/\/silikotek.sapartners.site\/index.php\/wp-json\/wp\/v2\/product_brand?post=13255"},{"taxonomy":"product_cat","embeddable":true,"href":"https:\/\/silikotek.sapartners.site\/index.php\/wp-json\/wp\/v2\/product_cat?post=13255"},{"taxonomy":"product_tag","embeddable":true,"href":"https:\/\/silikotek.sapartners.site\/index.php\/wp-json\/wp\/v2\/product_tag?post=13255"}],"curies":[{"name":"wp","href":"https:\/\/api.w.org\/{rel}","templated":true}]}}