{"id":13157,"date":"2015-10-31T11:11:46","date_gmt":"2015-10-31T11:11:46","guid":{"rendered":"http:\/\/192.168.100.222\/target_carts\/wordpress\/wordpress495\/wordpress\/?product=paineilmatunkki-20t-bgs-2883"},"modified":"2018-08-30T15:08:14","modified_gmt":"2018-08-30T12:08:14","slug":"paineilmatunkki-20t-bgs-2883","status":"publish","type":"product","link":"https:\/\/silikotek.sapartners.site\/index.php\/tuote\/paineilmatunkki-20t-bgs-2883\/","title":{"rendered":"Paineilmatunkki 20T BGS-2883"},"content":{"rendered":"<p>Paineilmatoiminen tunkki, Toiminta my\u00f6s k\u00e4sipumpulla.<br \/>\n&#8211; maksimi nostokapasiteetti: 20,000 kg<br \/>\n&#8211; jalustan koko: 223 x 133 mm<br \/>\n&#8211; alin nostokorkeus: 260 mm<br \/>\n&#8211; ylin nostokorkeus: 510 mm<br \/>\n&#8211; korkeuden s\u00e4\u00e4t\u00f6: 80 mm<br \/>\n&#8211; iskun pituus: 170 mm<br \/>\n&#8211; ilmanpaine: 8 &#8211; 9 bar<br \/>\n&#8211; paino: 16.3 kg<\/p>\n","protected":false},"excerpt":{"rendered":"<p>Ammattik\u00e4ytt\u00f6\u00f6n soveltuva paineilmak\u00e4ytt\u00f6inen tunkki 20T. Toimii my\u00f6s k\u00e4sik\u00e4yt\u00f6ll\u00e4.<\/p>\n","protected":false},"featured_media":13156,"template":"","meta":{"_et_pb_use_builder":"","_et_pb_old_content":"","_et_gb_content_width":""},"pwb-brand":[1451],"product_brand":[],"product_cat":[766],"product_tag":[],"class_list":{"0":"post-13157","1":"product","2":"type-product","3":"status-publish","4":"has-post-thumbnail","6":"pwb-brand-bgs","7":"product_cat-hallitunkit-ja-nostimet","9":"first","10":"instock","11":"taxable","12":"shipping-taxable","13":"purchasable","14":"product-type-simple"},"brands":[{"id":1451,"name":"BGS","slug":"bgs"}],"_links":{"self":[{"href":"https:\/\/silikotek.sapartners.site\/index.php\/wp-json\/wp\/v2\/product\/13157","targetHints":{"allow":["GET"]}}],"collection":[{"href":"https:\/\/silikotek.sapartners.site\/index.php\/wp-json\/wp\/v2\/product"}],"about":[{"href":"https:\/\/silikotek.sapartners.site\/index.php\/wp-json\/wp\/v2\/types\/product"}],"wp:featuredmedia":[{"embeddable":true,"href":"https:\/\/silikotek.sapartners.site\/index.php\/wp-json\/wp\/v2\/media\/13156"}],"wp:attachment":[{"href":"https:\/\/silikotek.sapartners.site\/index.php\/wp-json\/wp\/v2\/media?parent=13157"}],"wp:term":[{"taxonomy":"pwb-brand","embeddable":true,"href":"https:\/\/silikotek.sapartners.site\/index.php\/wp-json\/wp\/v2\/pwb-brand?post=13157"},{"taxonomy":"product_brand","embeddable":true,"href":"https:\/\/silikotek.sapartners.site\/index.php\/wp-json\/wp\/v2\/product_brand?post=13157"},{"taxonomy":"product_cat","embeddable":true,"href":"https:\/\/silikotek.sapartners.site\/index.php\/wp-json\/wp\/v2\/product_cat?post=13157"},{"taxonomy":"product_tag","embeddable":true,"href":"https:\/\/silikotek.sapartners.site\/index.php\/wp-json\/wp\/v2\/product_tag?post=13157"}],"curies":[{"name":"wp","href":"https:\/\/api.w.org\/{rel}","templated":true}]}}