{"id":13002,"date":"2015-10-22T19:58:44","date_gmt":"2015-10-22T19:58:44","guid":{"rendered":"http:\/\/192.168.100.222\/target_carts\/wordpress\/wordpress495\/wordpress\/?product=raikka-3-4-911-3401-kstools"},"modified":"2020-11-03T16:24:11","modified_gmt":"2020-11-03T14:24:11","slug":"raikka-3-4-911-3401-kstools","status":"publish","type":"product","link":"https:\/\/silikotek.sapartners.site\/index.php\/tuote\/raikka-3-4-911-3401-kstools\/","title":{"rendered":"Kstools 911.3401 R\u00e4ikk\u00e4 3\/4&#8243;"},"content":{"rendered":"<ul>\n<li class=\"liste\">Standard DIN 3122 \/ ISO 3315<\/li>\n<li class=\"liste\">3\/4&#8243; neli\u00f6v\u00e4\u00e4nti\u00f6lle DIN 3120 \/ ISO 1174 pallolukitus<\/li>\n<li class=\"liste\">Suunnanvaihdolla<\/li>\n<li class=\"liste\">Hammastus 24 hammasta<\/li>\n<li class=\"liste\">R\u00e4ik\u00e4ss\u00e4 hylsyn lukituksen vapauttava nuppi<\/li>\n<li class=\"liste\">Kuvioitu varsi<\/li>\n<li class=\"liste\">Upotettu suunnanvaihtovipu<\/li>\n<li class=\"liste\">Kromattu peilikiillotettu<\/li>\n<li class=\"liste\">Chrome vanadium<\/li>\n<\/ul>\n","protected":false},"excerpt":{"rendered":"<p>R\u00e4ikk\u00e4 3\/4&#8243;, 911.3401 Kstools. Per\u00e4ti 500 mm pitk\u00e4.<\/p>\n","protected":false},"featured_media":23623,"template":"","meta":{"_et_pb_use_builder":"","_et_pb_old_content":"","_et_gb_content_width":""},"pwb-brand":[1454],"product_brand":[],"product_cat":[772],"product_tag":[],"class_list":{"0":"post-13002","1":"product","2":"type-product","3":"status-publish","4":"has-post-thumbnail","6":"pwb-brand-kstools","7":"product_cat-raikat","9":"first","10":"instock","11":"taxable","12":"shipping-taxable","13":"purchasable","14":"product-type-simple"},"brands":[{"id":1454,"name":"Kstools","slug":"kstools"}],"_links":{"self":[{"href":"https:\/\/silikotek.sapartners.site\/index.php\/wp-json\/wp\/v2\/product\/13002","targetHints":{"allow":["GET"]}}],"collection":[{"href":"https:\/\/silikotek.sapartners.site\/index.php\/wp-json\/wp\/v2\/product"}],"about":[{"href":"https:\/\/silikotek.sapartners.site\/index.php\/wp-json\/wp\/v2\/types\/product"}],"wp:featuredmedia":[{"embeddable":true,"href":"https:\/\/silikotek.sapartners.site\/index.php\/wp-json\/wp\/v2\/media\/23623"}],"wp:attachment":[{"href":"https:\/\/silikotek.sapartners.site\/index.php\/wp-json\/wp\/v2\/media?parent=13002"}],"wp:term":[{"taxonomy":"pwb-brand","embeddable":true,"href":"https:\/\/silikotek.sapartners.site\/index.php\/wp-json\/wp\/v2\/pwb-brand?post=13002"},{"taxonomy":"product_brand","embeddable":true,"href":"https:\/\/silikotek.sapartners.site\/index.php\/wp-json\/wp\/v2\/product_brand?post=13002"},{"taxonomy":"product_cat","embeddable":true,"href":"https:\/\/silikotek.sapartners.site\/index.php\/wp-json\/wp\/v2\/product_cat?post=13002"},{"taxonomy":"product_tag","embeddable":true,"href":"https:\/\/silikotek.sapartners.site\/index.php\/wp-json\/wp\/v2\/product_tag?post=13002"}],"curies":[{"name":"wp","href":"https:\/\/api.w.org\/{rel}","templated":true}]}}