{"id":12996,"date":"2015-10-22T14:50:06","date_gmt":"2015-10-22T14:50:06","guid":{"rendered":"http:\/\/192.168.100.222\/target_carts\/wordpress\/wordpress495\/wordpress\/?product=raikka-3-8-slimpower-920-3890-kstools"},"modified":"2024-09-30T09:53:16","modified_gmt":"2024-09-30T06:53:16","slug":"raikka-3-8-slimpower-920-3890-kstools","status":"publish","type":"product","link":"https:\/\/silikotek.sapartners.site\/index.php\/tuote\/raikka-3-8-slimpower-920-3890-kstools\/","title":{"rendered":"R\u00e4ikk\u00e4 3\/8&#8243; SlimPower 920.3890 Kstools"},"content":{"rendered":"<ul>\n<li class=\"liste\">Standard DIN 3122 \/ ISO 3315<\/li>\n<li class=\"liste\">Neli\u00f6tappi DIN 3120 \/ ISO 1174 pallolukituksella<\/li>\n<li class=\"liste\">102 N\u2022m max kapasiteetti<\/li>\n<li class=\"liste\">Erikoisen pienikokoinen r\u00e4ikk\u00e4p\u00e4\u00e4<\/li>\n<li class=\"liste\">Tihe\u00e4hampainen 72 hammasta<\/li>\n<li class=\"liste\">Hylsyn lukituksen poisto napista<\/li>\n<li class=\"liste\">Ergonomisesti muotoiltu<\/li>\n<li class=\"liste\">Kromattu ja peilikiilottettu<\/li>\n<li class=\"liste\">Chrome vanadium<\/li>\n<\/ul>\n","protected":false},"excerpt":{"rendered":"<p>R\u00e4ikk\u00e4 3\/8&#8243; SlimPower 920.3890 Kstools. Eritt\u00e4in laadukas r\u00e4ikk\u00e4 tieh\u00e4hampainen 72-hammasta.<\/p>\n","protected":false},"featured_media":23620,"template":"","meta":{"_et_pb_use_builder":"","_et_pb_old_content":"","_et_gb_content_width":""},"pwb-brand":[1454],"product_brand":[],"product_cat":[772],"product_tag":[],"class_list":{"0":"post-12996","1":"product","2":"type-product","3":"status-publish","4":"has-post-thumbnail","6":"pwb-brand-kstools","7":"product_cat-raikat","9":"first","10":"instock","11":"taxable","12":"shipping-taxable","13":"purchasable","14":"product-type-simple"},"brands":[{"id":1454,"name":"Kstools","slug":"kstools"}],"_links":{"self":[{"href":"https:\/\/silikotek.sapartners.site\/index.php\/wp-json\/wp\/v2\/product\/12996","targetHints":{"allow":["GET"]}}],"collection":[{"href":"https:\/\/silikotek.sapartners.site\/index.php\/wp-json\/wp\/v2\/product"}],"about":[{"href":"https:\/\/silikotek.sapartners.site\/index.php\/wp-json\/wp\/v2\/types\/product"}],"wp:featuredmedia":[{"embeddable":true,"href":"https:\/\/silikotek.sapartners.site\/index.php\/wp-json\/wp\/v2\/media\/23620"}],"wp:attachment":[{"href":"https:\/\/silikotek.sapartners.site\/index.php\/wp-json\/wp\/v2\/media?parent=12996"}],"wp:term":[{"taxonomy":"pwb-brand","embeddable":true,"href":"https:\/\/silikotek.sapartners.site\/index.php\/wp-json\/wp\/v2\/pwb-brand?post=12996"},{"taxonomy":"product_brand","embeddable":true,"href":"https:\/\/silikotek.sapartners.site\/index.php\/wp-json\/wp\/v2\/product_brand?post=12996"},{"taxonomy":"product_cat","embeddable":true,"href":"https:\/\/silikotek.sapartners.site\/index.php\/wp-json\/wp\/v2\/product_cat?post=12996"},{"taxonomy":"product_tag","embeddable":true,"href":"https:\/\/silikotek.sapartners.site\/index.php\/wp-json\/wp\/v2\/product_tag?post=12996"}],"curies":[{"name":"wp","href":"https:\/\/api.w.org\/{rel}","templated":true}]}}