{"id":12962,"date":"2015-10-22T09:57:33","date_gmt":"2015-10-22T09:57:33","guid":{"rendered":"http:\/\/192.168.100.222\/target_carts\/wordpress\/wordpress495\/wordpress\/?product=raikkalenkkisarja-suunnanvaihdolla-5-os-503-4955-kstools"},"modified":"2022-05-02T12:49:31","modified_gmt":"2022-05-02T09:49:31","slug":"raikkalenkkisarja-suunnanvaihdolla-5-os-503-4955-kstools","status":"publish","type":"product","link":"https:\/\/silikotek.sapartners.site\/index.php\/tuote\/raikkalenkkisarja-suunnanvaihdolla-5-os-503-4955-kstools\/","title":{"rendered":"Kstools 5-osainen R\u00e4ikk\u00e4lenkkisarja suunnanvaihdolla 503.4955"},"content":{"rendered":"<p>R\u00e4ikk\u00e4lenkit suunnanvaihdolla (12-kulmaiset)<br \/>\nStandard DIN 3113 \/ ISO 3318<br \/>\nAvolenkkip\u00e4\u00e4 15\u00b0 offset<br \/>\nR\u00e4ikk\u00e4p\u00e4\u00e4 15\u00b0 offset<br \/>\nSuunnanvaihdolla<br \/>\nKromattu peilikiilotettu<br \/>\nChrome vanadium.<\/p>\n","protected":false},"excerpt":{"rendered":"<p>R\u00e4ikk\u00e4lenkkisarja suunnanvaihdolla 5-os 503.4955 Kstools. Koot 8, 10, 13, 17, 19 mm<\/p>\n","protected":false},"featured_media":19845,"template":"","meta":{"_et_pb_use_builder":"","_et_pb_old_content":"","_et_gb_content_width":""},"pwb-brand":[1454],"product_brand":[],"product_cat":[747],"product_tag":[],"class_list":{"0":"post-12962","1":"product","2":"type-product","3":"status-publish","4":"has-post-thumbnail","6":"pwb-brand-kstools","7":"product_cat-raikkalenkit","9":"first","10":"instock","11":"taxable","12":"shipping-taxable","13":"purchasable","14":"product-type-simple"},"brands":[{"id":1454,"name":"Kstools","slug":"kstools"}],"_links":{"self":[{"href":"https:\/\/silikotek.sapartners.site\/index.php\/wp-json\/wp\/v2\/product\/12962","targetHints":{"allow":["GET"]}}],"collection":[{"href":"https:\/\/silikotek.sapartners.site\/index.php\/wp-json\/wp\/v2\/product"}],"about":[{"href":"https:\/\/silikotek.sapartners.site\/index.php\/wp-json\/wp\/v2\/types\/product"}],"wp:featuredmedia":[{"embeddable":true,"href":"https:\/\/silikotek.sapartners.site\/index.php\/wp-json\/wp\/v2\/media\/19845"}],"wp:attachment":[{"href":"https:\/\/silikotek.sapartners.site\/index.php\/wp-json\/wp\/v2\/media?parent=12962"}],"wp:term":[{"taxonomy":"pwb-brand","embeddable":true,"href":"https:\/\/silikotek.sapartners.site\/index.php\/wp-json\/wp\/v2\/pwb-brand?post=12962"},{"taxonomy":"product_brand","embeddable":true,"href":"https:\/\/silikotek.sapartners.site\/index.php\/wp-json\/wp\/v2\/product_brand?post=12962"},{"taxonomy":"product_cat","embeddable":true,"href":"https:\/\/silikotek.sapartners.site\/index.php\/wp-json\/wp\/v2\/product_cat?post=12962"},{"taxonomy":"product_tag","embeddable":true,"href":"https:\/\/silikotek.sapartners.site\/index.php\/wp-json\/wp\/v2\/product_tag?post=12962"}],"curies":[{"name":"wp","href":"https:\/\/api.w.org\/{rel}","templated":true}]}}