{"id":12915,"date":"2015-10-14T12:06:10","date_gmt":"2015-10-14T12:06:10","guid":{"rendered":"http:\/\/192.168.100.222\/target_carts\/wordpress\/wordpress495\/wordpress\/?product=puristustyokalu-m18-blhpt-202c"},"modified":"2017-03-21T13:35:12","modified_gmt":"2017-03-21T13:35:12","slug":"puristustyokalu-m18-blhpt-202c","status":"publish","type":"product","link":"https:\/\/silikotek.sapartners.site\/index.php\/tuote\/puristustyokalu-m18-blhpt-202c\/","title":{"rendered":"Puristusty\u00f6kalu M18 BLHPT-202C"},"content":{"rendered":"<p>Kompakti M18 FORCE LOGIC\u2122 puristusty\u00f6kalu hiiliharjattomalla moottorilla, joka takaa jopa 10%<br \/>nopeammat liitokset sek\u00e4 20% enemm\u00e4n k\u00e4ytt\u00f6aikaa. Kompakti, kapea muotoilu. Ty\u00f6kalu voi k\u00e4ytt\u00e4\u00e4<br \/>vaivatta yhdell\u00e4 k\u00e4dell\u00e4. REDLINK\u2122 ylikuormitussuojaelektroniikka suojaa sek\u00e4 ty\u00f6kalua ett\u00e4 akkua ja<br \/>takaa luokkansa parasta kest\u00e4vyytt\u00e4. Markkinoiden tehokkain, jopa 40,000 puristusta per kalibrointisykli.<br \/>Maks. puristuskapasiteetti \u00d8108 mm kupariputkeen ja \u00d8110 mm komposiittiputkeen. Yleis puristuleukojen<br \/>pidike, johon sopii markkinoiden yleisimm\u00e4t puristusleukamallit. Puristusvoima 32 kN. Paino akun kanssa<br \/>2,9 kg. Mukana 2 x 2,0 Ah REDLITHIUM-ION\u2122 akkua, 40 min. laturi ja laukku<\/p>\n","protected":false},"excerpt":{"rendered":"<p>Kompakti puristusty\u00f6kalu M18 BLHPT-202C hiiliharjattomalla moottorilla. Kooltaan markkinoiden pienin puristusty\u00f6kalu ja paino vain 2,9 kg. 3-vuoden takuu ja akuilla 2-vuoden takuu rekister\u00f6im\u00e4ll\u00e4 kone. Sopii markkinoiden yleisimm\u00e4t puristusleuat.<\/p>\n","protected":false},"featured_media":12914,"template":"","meta":{"_et_pb_use_builder":"","_et_pb_old_content":"","_et_gb_content_width":""},"pwb-brand":[],"product_brand":[],"product_cat":[905],"product_tag":[],"class_list":{"0":"post-12915","1":"product","2":"type-product","3":"status-publish","4":"has-post-thumbnail","6":"product_cat-akkutoimiset-puristustyokalut","8":"first","9":"instock","10":"sale","11":"taxable","12":"shipping-taxable","13":"purchasable","14":"product-type-simple"},"brands":[],"_links":{"self":[{"href":"https:\/\/silikotek.sapartners.site\/index.php\/wp-json\/wp\/v2\/product\/12915","targetHints":{"allow":["GET"]}}],"collection":[{"href":"https:\/\/silikotek.sapartners.site\/index.php\/wp-json\/wp\/v2\/product"}],"about":[{"href":"https:\/\/silikotek.sapartners.site\/index.php\/wp-json\/wp\/v2\/types\/product"}],"wp:featuredmedia":[{"embeddable":true,"href":"https:\/\/silikotek.sapartners.site\/index.php\/wp-json\/wp\/v2\/media\/12914"}],"wp:attachment":[{"href":"https:\/\/silikotek.sapartners.site\/index.php\/wp-json\/wp\/v2\/media?parent=12915"}],"wp:term":[{"taxonomy":"pwb-brand","embeddable":true,"href":"https:\/\/silikotek.sapartners.site\/index.php\/wp-json\/wp\/v2\/pwb-brand?post=12915"},{"taxonomy":"product_brand","embeddable":true,"href":"https:\/\/silikotek.sapartners.site\/index.php\/wp-json\/wp\/v2\/product_brand?post=12915"},{"taxonomy":"product_cat","embeddable":true,"href":"https:\/\/silikotek.sapartners.site\/index.php\/wp-json\/wp\/v2\/product_cat?post=12915"},{"taxonomy":"product_tag","embeddable":true,"href":"https:\/\/silikotek.sapartners.site\/index.php\/wp-json\/wp\/v2\/product_tag?post=12915"}],"curies":[{"name":"wp","href":"https:\/\/api.w.org\/{rel}","templated":true}]}}