{"id":12810,"date":"2015-10-01T15:09:14","date_gmt":"2015-10-01T15:09:14","guid":{"rendered":"http:\/\/192.168.100.222\/target_carts\/wordpress\/wordpress495\/wordpress\/?product=bits-hylsyt-kiskossa-1-2-torx-bgs-8886"},"modified":"2018-09-11T10:22:15","modified_gmt":"2018-09-11T07:22:15","slug":"bits-hylsyt-kiskossa-1-2-torx-bgs-8886","status":"publish","type":"product","link":"https:\/\/silikotek.sapartners.site\/index.php\/tuote\/bits-hylsyt-kiskossa-1-2-torx-bgs-8886\/","title":{"rendered":"Bits hylsyt kiskossa 1\/2&#8243; Torx BGS-8886"},"content":{"rendered":"","protected":false},"excerpt":{"rendered":"<p>BGS 1\/2&#8243; Torx Bits hylsyt on n\u00e4pp\u00e4r\u00e4ss\u00e4 kiskossa. Mukana koot: T40-T45-T50-T55.<\/p>\n","protected":false},"featured_media":12809,"template":"","meta":{"_et_pb_use_builder":"","_et_pb_old_content":"","_et_gb_content_width":""},"pwb-brand":[1451],"product_brand":[],"product_cat":[793],"product_tag":[],"class_list":{"0":"post-12810","1":"product","2":"type-product","3":"status-publish","4":"has-post-thumbnail","6":"pwb-brand-bgs","7":"product_cat-kuusiokolohylsyt-torx-hylsyt-xzn-hylsyt-reika-torx-hylsyt-ribe-hylsyt","9":"first","10":"instock","11":"taxable","12":"shipping-taxable","13":"purchasable","14":"product-type-simple"},"brands":[{"id":1451,"name":"BGS","slug":"bgs"}],"_links":{"self":[{"href":"https:\/\/silikotek.sapartners.site\/index.php\/wp-json\/wp\/v2\/product\/12810","targetHints":{"allow":["GET"]}}],"collection":[{"href":"https:\/\/silikotek.sapartners.site\/index.php\/wp-json\/wp\/v2\/product"}],"about":[{"href":"https:\/\/silikotek.sapartners.site\/index.php\/wp-json\/wp\/v2\/types\/product"}],"wp:featuredmedia":[{"embeddable":true,"href":"https:\/\/silikotek.sapartners.site\/index.php\/wp-json\/wp\/v2\/media\/12809"}],"wp:attachment":[{"href":"https:\/\/silikotek.sapartners.site\/index.php\/wp-json\/wp\/v2\/media?parent=12810"}],"wp:term":[{"taxonomy":"pwb-brand","embeddable":true,"href":"https:\/\/silikotek.sapartners.site\/index.php\/wp-json\/wp\/v2\/pwb-brand?post=12810"},{"taxonomy":"product_brand","embeddable":true,"href":"https:\/\/silikotek.sapartners.site\/index.php\/wp-json\/wp\/v2\/product_brand?post=12810"},{"taxonomy":"product_cat","embeddable":true,"href":"https:\/\/silikotek.sapartners.site\/index.php\/wp-json\/wp\/v2\/product_cat?post=12810"},{"taxonomy":"product_tag","embeddable":true,"href":"https:\/\/silikotek.sapartners.site\/index.php\/wp-json\/wp\/v2\/product_tag?post=12810"}],"curies":[{"name":"wp","href":"https:\/\/api.w.org\/{rel}","templated":true}]}}