{"id":12726,"date":"2015-09-23T10:51:50","date_gmt":"2015-09-23T10:51:50","guid":{"rendered":"http:\/\/192.168.100.222\/target_carts\/wordpress\/wordpress495\/wordpress\/?product=tuurnasetti-bgs-1695"},"modified":"2018-09-12T08:26:27","modified_gmt":"2018-09-12T05:26:27","slug":"tuurnasetti-bgs-1695","status":"publish","type":"product","link":"https:\/\/silikotek.sapartners.site\/index.php\/tuote\/tuurnasetti-bgs-1695\/","title":{"rendered":"Tuurnasetti BGS 1695"},"content":{"rendered":"","protected":false},"excerpt":{"rendered":"<p>BGS Tuurnasetti, 18 osaa. Setti sis\u00e4lt\u00e4\u00e4: 8 kpl 200 mm pitki\u00e4 tuurnia 1,5 &#8211; 2,5 &#8211; 3,0 &#8211; 4,0 &#8211; 5,0 &#8211; 6,0 &#8211; 8,0 &#8211; 9,5 mm, 2 kpl 150 mm pitki\u00e4 tuurnia 8,0 &#8211; 9,5 mm, 7 kpl 100 mm pitki\u00e4 tuurnia 1,5 &#8211; 2,5 &#8211; 3,0 &#8211; 4,0 &#8211; 5,0 &#8211; 5,5 &#8211; 6,0 mm, 1 automaattinen pistepuikko 125 mm pitk\u00e4.<\/p>\n","protected":false},"featured_media":12725,"template":"","meta":{"_et_pb_use_builder":"","_et_pb_old_content":"","_et_gb_content_width":""},"pwb-brand":[1451],"product_brand":[],"product_cat":[872],"product_tag":[],"class_list":{"0":"post-12726","1":"product","2":"type-product","3":"status-publish","4":"has-post-thumbnail","6":"pwb-brand-bgs","7":"product_cat-tuurnat-pistepuikot-ja-kylmameisselit","9":"first","10":"instock","11":"taxable","12":"shipping-taxable","13":"purchasable","14":"product-type-simple"},"brands":[{"id":1451,"name":"BGS","slug":"bgs"}],"_links":{"self":[{"href":"https:\/\/silikotek.sapartners.site\/index.php\/wp-json\/wp\/v2\/product\/12726","targetHints":{"allow":["GET"]}}],"collection":[{"href":"https:\/\/silikotek.sapartners.site\/index.php\/wp-json\/wp\/v2\/product"}],"about":[{"href":"https:\/\/silikotek.sapartners.site\/index.php\/wp-json\/wp\/v2\/types\/product"}],"wp:featuredmedia":[{"embeddable":true,"href":"https:\/\/silikotek.sapartners.site\/index.php\/wp-json\/wp\/v2\/media\/12725"}],"wp:attachment":[{"href":"https:\/\/silikotek.sapartners.site\/index.php\/wp-json\/wp\/v2\/media?parent=12726"}],"wp:term":[{"taxonomy":"pwb-brand","embeddable":true,"href":"https:\/\/silikotek.sapartners.site\/index.php\/wp-json\/wp\/v2\/pwb-brand?post=12726"},{"taxonomy":"product_brand","embeddable":true,"href":"https:\/\/silikotek.sapartners.site\/index.php\/wp-json\/wp\/v2\/product_brand?post=12726"},{"taxonomy":"product_cat","embeddable":true,"href":"https:\/\/silikotek.sapartners.site\/index.php\/wp-json\/wp\/v2\/product_cat?post=12726"},{"taxonomy":"product_tag","embeddable":true,"href":"https:\/\/silikotek.sapartners.site\/index.php\/wp-json\/wp\/v2\/product_tag?post=12726"}],"curies":[{"name":"wp","href":"https:\/\/api.w.org\/{rel}","templated":true}]}}