{"id":12704,"date":"2015-09-08T13:56:14","date_gmt":"2015-09-08T13:56:14","guid":{"rendered":"http:\/\/192.168.100.222\/target_carts\/wordpress\/wordpress495\/wordpress\/?product=m18-bp-0-akkuhoyla"},"modified":"2015-09-08T14:34:02","modified_gmt":"2015-09-08T14:34:02","slug":"m18-bp-0-akkuhoyla","status":"publish","type":"product","link":"https:\/\/silikotek.sapartners.site\/index.php\/tuote\/m18-bp-0-akkuhoyla\/","title":{"rendered":"M18 BP-0 Akkuh\u00f6yl\u00e4"},"content":{"rendered":"<p>M18 h\u00f6yl\u00e4, korkeasuorituskykyisell\u00e4, nelinapaisella moottorilla tarjoaa 14.000 r\/min, joka takaa optimaalisen<br \/>tuloksen. REDLINK\u2122 ylikuormitussuojaelektroniikka suojaa sek\u00e4 ty\u00f6kalua ett\u00e4 akkua ja takaa luokkansa<br \/>parasta kest\u00e4vyytt\u00e4. Nopea materiaalin poisto kaksireunaisella karbiditer\u00e4ll\u00e4, ter\u00e4nleveys 82 mm.<br \/>S\u00e4\u00e4dett\u00e4v\u00e4 h\u00f6yl\u00e4yssyvyys 0 &#8211; 2 mm ja\u00a0 20 essivalinta-asetusta. Huullossyvyys jopa 12,5 mm. Lastujen<br \/>poisto joko vasemmalle tai oikealle. Paino akun kanssa 2,7 kg. Mukana p\u00f6lypussi, reuna- ja viisteohjain<br \/>(toimitetaan ilman akkua ja laturia)<\/p>\n","protected":false},"excerpt":{"rendered":"<p>Milwaukee M18 BP-0 Akkuh\u00f6yl\u00e4. T\u00e4t\u00e4 on jo odotettukin. 3-vuoden takuu rekister\u00f6im\u00e4ll\u00e4 kone.<\/p>\n","protected":false},"featured_media":12701,"template":"","meta":{"_et_pb_use_builder":"","_et_pb_old_content":"","_et_gb_content_width":""},"pwb-brand":[],"product_brand":[],"product_cat":[743],"product_tag":[],"class_list":{"0":"post-12704","1":"product","2":"type-product","3":"status-publish","4":"has-post-thumbnail","6":"product_cat-muut-akkukayttoiset-laitteet","8":"first","9":"instock","10":"taxable","11":"shipping-taxable","12":"purchasable","13":"product-type-simple"},"brands":[],"_links":{"self":[{"href":"https:\/\/silikotek.sapartners.site\/index.php\/wp-json\/wp\/v2\/product\/12704","targetHints":{"allow":["GET"]}}],"collection":[{"href":"https:\/\/silikotek.sapartners.site\/index.php\/wp-json\/wp\/v2\/product"}],"about":[{"href":"https:\/\/silikotek.sapartners.site\/index.php\/wp-json\/wp\/v2\/types\/product"}],"wp:featuredmedia":[{"embeddable":true,"href":"https:\/\/silikotek.sapartners.site\/index.php\/wp-json\/wp\/v2\/media\/12701"}],"wp:attachment":[{"href":"https:\/\/silikotek.sapartners.site\/index.php\/wp-json\/wp\/v2\/media?parent=12704"}],"wp:term":[{"taxonomy":"pwb-brand","embeddable":true,"href":"https:\/\/silikotek.sapartners.site\/index.php\/wp-json\/wp\/v2\/pwb-brand?post=12704"},{"taxonomy":"product_brand","embeddable":true,"href":"https:\/\/silikotek.sapartners.site\/index.php\/wp-json\/wp\/v2\/product_brand?post=12704"},{"taxonomy":"product_cat","embeddable":true,"href":"https:\/\/silikotek.sapartners.site\/index.php\/wp-json\/wp\/v2\/product_cat?post=12704"},{"taxonomy":"product_tag","embeddable":true,"href":"https:\/\/silikotek.sapartners.site\/index.php\/wp-json\/wp\/v2\/product_tag?post=12704"}],"curies":[{"name":"wp","href":"https:\/\/api.w.org\/{rel}","templated":true}]}}