{"id":12695,"date":"2015-09-08T13:18:18","date_gmt":"2015-09-08T13:18:18","guid":{"rendered":"http:\/\/192.168.100.222\/target_carts\/wordpress\/wordpress495\/wordpress\/?product=hylsy-ja-tyokalusarja-bgs-2290"},"modified":"2025-08-28T02:42:27","modified_gmt":"2025-08-27T23:42:27","slug":"hylsy-ja-tyokalusarja-bgs-2290","status":"publish","type":"product","link":"https:\/\/silikotek.sapartners.site\/index.php\/tuote\/hylsy-ja-tyokalusarja-bgs-2290\/","title":{"rendered":"BGS Hylsy- ja Ty\u00f6kalusarja 2290"},"content":{"rendered":"<p>&#8211; \u201cGear lock\u201c hylsyt<br \/>\n&#8211; 3 kpl 72 hampaista r\u00e4ikk\u00e4\u00e4 1\/4\u201c, 3\/8\u201c ja 1\/2\u201c<br \/>\n&#8211; 12 r\u00e4ikk\u00e4lenkki\u00e4<\/p>\n<p><span style=\"font-weight: bold;\">&#8211; 1\/4&#8243; v\u00e4\u00e4nti\u00f6ll\u00e4<\/span><br \/>\n&#8211; r\u00e4ikk\u00e4, 72 hampainen<br \/>\n&#8211; 150 mm kahva, kromattu,<br \/>\n&#8211; 50 mm jatko<br \/>\n&#8211; 100 mm jatko<br \/>\n&#8211; nivel<br \/>\n&#8211; T-v\u00e4\u00e4nnin liukuva<br \/>\n&#8211; 13 hylsyt: 4-4.5-5-5.5-6-7-8-9-10-11-12-13-14 mm<br \/>\n&#8211; 7 kpl pitk\u00e4t hylsyt: 4-5-6-7-8-9-10 mm<br \/>\n&#8211; 5 kpl E-Profili hylsyt: E4-E5-E6-E7-E8<br \/>\n&#8211; 33 bits hylsy\u00e4:latta 4-5.5-6.5-7 mm<br \/>\n&#8211; phillips ristip\u00e4\u00e4 bits hylsyt: PH0-PH1-PH2 PZ1-PZ2-PZ0<br \/>\n&#8211; kuusiokolohylsyt: 3-4-5-6 mm<br \/>\n&#8211; Torx bits hylsyt: T8-T9-T10-T15-T20-T25-T27-T30<br \/>\n&#8211; Torx reik\u00e4 bits hylsyt: T8-T9-T10-T15-T20-T25-T27-T30<br \/>\n&#8211; Bits hylsyt(XZN): M8-M10-M12<br \/>\n<span style=\"font-weight: bold;\"><br \/>\n&#8211; 3\/8&#8243; v\u00e4\u00e4nti\u00f6ll\u00e4<\/span><br \/>\n&#8211; r\u00e4ikk\u00e4, 72 hampainen<br \/>\n&#8211; 125 mm jatko<br \/>\n&#8211; nivel<br \/>\n&#8211; 10 kpl hylsyt: 10-11-12-13-14-15-16-17-18-19 mm<br \/>\n&#8211; 6 kpl pitk\u00e4t hylsyt: 10-11-12-13-14-15 mm<br \/>\n&#8211; 5 kpl E-Profiili torx-hylsyt: E10-E11-E12-E14-E16<br \/>\n&#8211; 8 mm bits adapteri<\/p>\n<p><span style=\"font-weight: bold;\">&#8211; 1\/2&#8243; v\u00e4\u00e4nti\u00f6ll\u00e4<\/span><br \/>\n&#8211; r\u00e4ikk\u00e4, 72 hampainen<br \/>\n&#8211; 125 mm jatko<br \/>\n&#8211; 250 mm jatko<br \/>\n&#8211; T-kahva 1\/2&#8243; liukuva 3\/8&#8243; x 1\/2&#8243;<br \/>\n&#8211; nivel<br \/>\n&#8211; 17 kpl hylsyt: 10-11-12-13-14-15-16-17-18-19-20-21-22-24-27-30-32 mm<br \/>\n&#8211; 2 kpl pitk\u00e4t hylsyt: 16 ja 18 mm<br \/>\n&#8211; 3 voimahylsyt (vannehylsyt suojalla): 17-19-21 mm<br \/>\n&#8211; 3 kpl E-Profiilihylsyt Torx: E18-E20-E24<br \/>\n&#8211; 8 mm bits adapteri lukitusrenkaalla<br \/>\n&#8211; 3 kpl tulppahylsyt: 16-18-21 mm<\/p>\n<p>&#8211; 9-kpl kuusiokoloavaimet L-malliset: 1.5-2-2.5-3-4-5-6-8-10 mm<br \/>\n&#8211; 9 kpl Torx avaimet L-malliset: T10-T15-T20-T25-T27-T30-T40-T45-T50<\/p>\n<p>&#8211; 24\u00a0 kpl 5\/16&#8243; bits:<br \/>\n&#8211; latta: 8-10-12 mm<br \/>\n&#8211; phillips ristip\u00e4\u00e4: PH3-PH4-PZ3-PZ4<br \/>\n&#8211; kuusiokolo: 7-8-10-12-14 mm<br \/>\n&#8211; Torx: T40-T45-T50-T55-T60-T70<br \/>\n&#8211; Torx reik\u00e4: T40-T45-T50-T55-T60-T70<br \/>\n&#8211; 12 kpl r\u00e4ikk\u00e4lenkit: 8-9-10-11-12-13-14-15-16-17-18-19 mm<\/p>\n","protected":false},"excerpt":{"rendered":"<p>BGS Ty\u00f6kalusarja on eritt\u00e4in monipuolinen sarja, 176 osaisesta sarjasta l\u00f6ytyy ty\u00f6kalut joka l\u00e4ht\u00f6\u00f6n. Mukana mm. kolme 72 hampaista r\u00e4ikk\u00e4v\u00e4\u00e4nnint\u00e4, kuusiokoloavaimet, hienohampaiset r\u00e4ikk\u00e4lenkkiavaimet jne. Korkealaatuiset ty\u00f6kalut kest\u00e4v\u00e4t isompaakin kulutusta! T\u00e4ll\u00e4 sarjalla tekee jo isommankin remontin.<\/p>\n","protected":false},"featured_media":20281,"template":"","meta":{"_et_pb_use_builder":"","_et_pb_old_content":"","_et_gb_content_width":""},"pwb-brand":[1451],"product_brand":[],"product_cat":[771],"product_tag":[],"class_list":{"0":"post-12695","1":"product","2":"type-product","3":"status-publish","4":"has-post-thumbnail","6":"pwb-brand-bgs","7":"product_cat-hylsysarjat-ja-hylsyt","9":"first","10":"instock","11":"taxable","12":"shipping-taxable","13":"purchasable","14":"product-type-simple"},"brands":[{"id":1451,"name":"BGS","slug":"bgs"}],"_links":{"self":[{"href":"https:\/\/silikotek.sapartners.site\/index.php\/wp-json\/wp\/v2\/product\/12695","targetHints":{"allow":["GET"]}}],"collection":[{"href":"https:\/\/silikotek.sapartners.site\/index.php\/wp-json\/wp\/v2\/product"}],"about":[{"href":"https:\/\/silikotek.sapartners.site\/index.php\/wp-json\/wp\/v2\/types\/product"}],"wp:featuredmedia":[{"embeddable":true,"href":"https:\/\/silikotek.sapartners.site\/index.php\/wp-json\/wp\/v2\/media\/20281"}],"wp:attachment":[{"href":"https:\/\/silikotek.sapartners.site\/index.php\/wp-json\/wp\/v2\/media?parent=12695"}],"wp:term":[{"taxonomy":"pwb-brand","embeddable":true,"href":"https:\/\/silikotek.sapartners.site\/index.php\/wp-json\/wp\/v2\/pwb-brand?post=12695"},{"taxonomy":"product_brand","embeddable":true,"href":"https:\/\/silikotek.sapartners.site\/index.php\/wp-json\/wp\/v2\/product_brand?post=12695"},{"taxonomy":"product_cat","embeddable":true,"href":"https:\/\/silikotek.sapartners.site\/index.php\/wp-json\/wp\/v2\/product_cat?post=12695"},{"taxonomy":"product_tag","embeddable":true,"href":"https:\/\/silikotek.sapartners.site\/index.php\/wp-json\/wp\/v2\/product_tag?post=12695"}],"curies":[{"name":"wp","href":"https:\/\/api.w.org\/{rel}","templated":true}]}}