{"id":12673,"date":"2015-09-08T11:01:04","date_gmt":"2015-09-08T11:01:04","guid":{"rendered":"http:\/\/192.168.100.222\/target_carts\/wordpress\/wordpress495\/wordpress\/?product=hd18-cs-0-akkupyorosaha"},"modified":"2015-09-08T11:13:59","modified_gmt":"2015-09-08T11:13:59","slug":"hd18-cs-0-akkupyorosaha","status":"publish","type":"product","link":"https:\/\/silikotek.sapartners.site\/index.php\/tuote\/hd18-cs-0-akkupyorosaha\/","title":{"rendered":"HD18 CS-0 Akkupy\u00f6r\u00f6saha"},"content":{"rendered":"<p>M18 Heavy-Duty py\u00f6r\u00f6saha. Ihanteellinen Heavy-Duty vaativaan laattojen\/lattiamateriaalin katkaisuun.<br \/>Voimakas moottori, 3500 r\/min. Pidin 5\u20448\u02dd (15,87 mm). Maks. katkaisusyvyys 90\u02da\/45\u02da: 0-55 \/0-39 mm,<br \/>sahanter\u00e4 165 mm. Akun virtamittari. Softgrip. Magnesium-rakenne yl\u00e4- ja alater\u00e4nsuojassa. Hyv\u00e4 n\u00e4kym\u00e4<br \/>sahauslinjaan. 50\u00b0 jiirikapasiteetti. Elektroninen moottorijarru. Milwaukeen patentoitu elektroniikka. Paino akkuineen 3,8 kg. 24-hampainen sahanter\u00e4, ilman akkua ja laturia<\/p>\n","protected":false},"excerpt":{"rendered":"<p>Milwaukee HD18 CS-0 Akkupy\u00f6r\u00f6saha ammattik\u00e4ytt\u00f6\u00f6n. 3-vuoden takuu rekister\u00f6im\u00e4ll\u00e4 kone.<\/p>\n","protected":false},"featured_media":12672,"template":"","meta":{"_et_pb_use_builder":"","_et_pb_old_content":"","_et_gb_content_width":""},"pwb-brand":[],"product_brand":[],"product_cat":[737],"product_tag":[],"class_list":{"0":"post-12673","1":"product","2":"type-product","3":"status-publish","4":"has-post-thumbnail","6":"product_cat-akkupyorosahat","8":"first","9":"instock","10":"taxable","11":"shipping-taxable","12":"purchasable","13":"product-type-simple"},"brands":[],"_links":{"self":[{"href":"https:\/\/silikotek.sapartners.site\/index.php\/wp-json\/wp\/v2\/product\/12673","targetHints":{"allow":["GET"]}}],"collection":[{"href":"https:\/\/silikotek.sapartners.site\/index.php\/wp-json\/wp\/v2\/product"}],"about":[{"href":"https:\/\/silikotek.sapartners.site\/index.php\/wp-json\/wp\/v2\/types\/product"}],"wp:featuredmedia":[{"embeddable":true,"href":"https:\/\/silikotek.sapartners.site\/index.php\/wp-json\/wp\/v2\/media\/12672"}],"wp:attachment":[{"href":"https:\/\/silikotek.sapartners.site\/index.php\/wp-json\/wp\/v2\/media?parent=12673"}],"wp:term":[{"taxonomy":"pwb-brand","embeddable":true,"href":"https:\/\/silikotek.sapartners.site\/index.php\/wp-json\/wp\/v2\/pwb-brand?post=12673"},{"taxonomy":"product_brand","embeddable":true,"href":"https:\/\/silikotek.sapartners.site\/index.php\/wp-json\/wp\/v2\/product_brand?post=12673"},{"taxonomy":"product_cat","embeddable":true,"href":"https:\/\/silikotek.sapartners.site\/index.php\/wp-json\/wp\/v2\/product_cat?post=12673"},{"taxonomy":"product_tag","embeddable":true,"href":"https:\/\/silikotek.sapartners.site\/index.php\/wp-json\/wp\/v2\/product_tag?post=12673"}],"curies":[{"name":"wp","href":"https:\/\/api.w.org\/{rel}","templated":true}]}}