{"id":12667,"date":"2015-09-08T10:23:21","date_gmt":"2015-09-08T10:23:21","guid":{"rendered":"http:\/\/192.168.100.222\/target_carts\/wordpress\/wordpress495\/wordpress\/?product=m18-bmt-0-monitoimityokalu"},"modified":"2021-03-23T12:49:50","modified_gmt":"2021-03-23T10:49:50","slug":"m18-bmt-0-monitoimityokalu","status":"publish","type":"product","link":"https:\/\/silikotek.sapartners.site\/index.php\/tuote\/m18-bmt-0-monitoimityokalu\/","title":{"rendered":"Milwaukee M18 BMT-0 Monitoimity\u00f6kalu"},"content":{"rendered":"<div class=\"product__description-content js-product-content\">\n<ul>\n<li>Jopa 50 % nopeampi ja monipuolisempi akkuk\u00e4ytt\u00f6inen ratkaisu sahaamiseen sek\u00e4 materiaalin tehokkaaseen poistoon<\/li>\n<li>REDLINK&#x2122;-ylikuormitussuojan elektroniikka ty\u00f6kaluissa ja akussa tuottaa luokkansa parhaan kest\u00e4vyyden<\/li>\n<li>12 nopeusasetista (12 000 &#8211; 18 000 rpm) ja 3,4\u00b0 vasen\/oikea v\u00e4r\u00e4htelykulma mahdollistaa nopeat, ammattitasoiset toiminnot eri materiaaleihin kuten metalli, puu ja muovi<\/li>\n<li>Tehokkuutta lis\u00e4\u00e4v\u00e4 FIXTEC avaimeton ter\u00e4n vaihto. Mukana yleisadapteri, johon sopivat my\u00f6s muiden valmistajien ter\u00e4t<\/li>\n<li>REDLITHIUM-ION&#x2122;-akun ylivoimainen rakenne, elektroniikka ja jatkuva suorituskyky takaavat pidemm\u00e4n k\u00e4ytt\u00f6ajan ja -i\u00e4n<\/li>\n<li>Ainutlaatuinen leikkuusyvyyden rajoitin est\u00e4\u00e4 materiaalin ylileikkaamisen<\/li>\n<li>Ainutlaatuinen p\u00f6lynpoistoj\u00e4rjestelm\u00e4 auttaa pit\u00e4m\u00e4\u00e4n ty\u00f6tilan vapaana p\u00f6lyst\u00e4 kun laite on kytkettyn\u00e4 verkkovirtak\u00e4ytt\u00f6iseen p\u00f6lynimuriin<\/li>\n<li>Kirkas LED-ty\u00f6valo valaisee ty\u00f6stett\u00e4v\u00e4n pinnan<\/li>\n<li>Toimii kaikilla Milwaukee\u00ae M18&#x2122; -akuilla<\/li>\n<\/ul>\n<\/div>\n","protected":false},"excerpt":{"rendered":"<p>Milwaukee M18 BMT-0 Monitoimity\u00f6kalu. S\u00e4\u00e4dett\u00e4v\u00e4 nopeus 12 000 &#8211; 18 000 v\u00e4r\u00e4hdyst\u00e4\/min. S\u00e4\u00e4dett\u00e4v\u00e4 leikkuusyvyyden s\u00e4\u00e4t\u00f6. 3-vuoden takuu rekister\u00f6im\u00e4ll\u00e4.<\/p>\n","protected":false},"featured_media":19935,"template":"","meta":{"_et_pb_use_builder":"","_et_pb_old_content":"","_et_gb_content_width":""},"pwb-brand":[1452],"product_brand":[],"product_cat":[1715],"product_tag":[],"class_list":{"0":"post-12667","1":"product","2":"type-product","3":"status-publish","4":"has-post-thumbnail","6":"pwb-brand-milwaukee","7":"product_cat-akkumonitoimikoneet","9":"first","10":"instock","11":"taxable","12":"shipping-taxable","13":"purchasable","14":"product-type-simple"},"brands":[{"id":1452,"name":"Milwaukee","slug":"milwaukee"}],"_links":{"self":[{"href":"https:\/\/silikotek.sapartners.site\/index.php\/wp-json\/wp\/v2\/product\/12667","targetHints":{"allow":["GET"]}}],"collection":[{"href":"https:\/\/silikotek.sapartners.site\/index.php\/wp-json\/wp\/v2\/product"}],"about":[{"href":"https:\/\/silikotek.sapartners.site\/index.php\/wp-json\/wp\/v2\/types\/product"}],"wp:featuredmedia":[{"embeddable":true,"href":"https:\/\/silikotek.sapartners.site\/index.php\/wp-json\/wp\/v2\/media\/19935"}],"wp:attachment":[{"href":"https:\/\/silikotek.sapartners.site\/index.php\/wp-json\/wp\/v2\/media?parent=12667"}],"wp:term":[{"taxonomy":"pwb-brand","embeddable":true,"href":"https:\/\/silikotek.sapartners.site\/index.php\/wp-json\/wp\/v2\/pwb-brand?post=12667"},{"taxonomy":"product_brand","embeddable":true,"href":"https:\/\/silikotek.sapartners.site\/index.php\/wp-json\/wp\/v2\/product_brand?post=12667"},{"taxonomy":"product_cat","embeddable":true,"href":"https:\/\/silikotek.sapartners.site\/index.php\/wp-json\/wp\/v2\/product_cat?post=12667"},{"taxonomy":"product_tag","embeddable":true,"href":"https:\/\/silikotek.sapartners.site\/index.php\/wp-json\/wp\/v2\/product_tag?post=12667"}],"curies":[{"name":"wp","href":"https:\/\/api.w.org\/{rel}","templated":true}]}}